{"id":149599,"date":"2026-02-03T15:18:33","date_gmt":"2026-02-03T14:18:33","guid":{"rendered":"https:\/\/pharmacima.com\/?post_type=product&#038;p=149599"},"modified":"2026-03-10T13:31:05","modified_gmt":"2026-03-10T12:31:05","slug":"collier-cervical-aurafix","status":"publish","type":"product","link":"https:\/\/pharmacima.com\/ar\/product\/collier-cervical-aurafix\/","title":{"rendered":"Collier Cervical aurafix"},"content":{"rendered":"<h1><strong>\u0648\u0635\u0641 :\u00a0<\/strong><\/h1>\n<h2>\u0627\u0644 <strong data-start=\"142\" data-end=\"170\">collier cervical Aurafix<\/strong> \u0647\u0648 <strong data-start=\"178\" data-end=\"262\">dispositif orthop\u00e9dique de maintien et d\u2019immobilisation du rachis cervical (cou)<\/strong>.<br data-start=\"263\" data-end=\"266\" \/>Il est con\u00e7u pour <strong data-start=\"284\" data-end=\"358\">soutenir la t\u00eate, limiter les mouvements du cou et soulager la douleur<\/strong> dans diff\u00e9rentes pathologies ou traumatismes cervicaux.<\/h2>\n<p>&nbsp;<\/p>\n<h2><strong>\u062f\u0648\u0627\u0639\u064a \u0627\u0644\u0625\u0633\u062a\u0639\u0645\u0627\u0644:<\/strong><\/h2>\n<ul data-start=\"1411\" data-end=\"1515\">\n<li data-start=\"1411\" data-end=\"1450\">\n<p data-start=\"1413\" data-end=\"1450\">Entorses cervicales (coup du lapin)<\/p>\n<\/li>\n<li data-start=\"1451\" data-end=\"1488\">\n<p data-start=\"1453\" data-end=\"1488\">Fractures ou luxations cervicales<\/p>\n<\/li>\n<li data-start=\"1489\" data-end=\"1515\">\n<p data-start=\"1491\" data-end=\"1515\">Traumatismes cervicaux<\/p>\n<\/li>\n<\/ul>\n<h3 data-start=\"1517\" data-end=\"1540\">Post-chirurgie<\/h3>\n<ul data-start=\"1541\" data-end=\"1619\">\n<li data-start=\"1541\" data-end=\"1585\">\n<p data-start=\"1543\" data-end=\"1585\">Immobilisation apr\u00e8s chirurgie cervicale<\/p>\n<\/li>\n<li data-start=\"1586\" data-end=\"1619\">\n<p data-start=\"1588\" data-end=\"1619\">Stabilisation post-op\u00e9ratoire<\/p>\n<\/li>\n<\/ul>\n<h3 data-start=\"1621\" data-end=\"1663\">\u00a0Pathologies musculo-squelettiques<\/h3>\n<ul data-start=\"1664\" data-end=\"1795\">\n<li data-start=\"1664\" data-end=\"1692\">\n<p data-start=\"1666\" data-end=\"1692\">Hernie discale cervicale<\/p>\n<\/li>\n<li data-start=\"1693\" data-end=\"1715\">\n<p data-start=\"1695\" data-end=\"1715\">Arthrose cervicale<\/p>\n<\/li>\n<li data-start=\"1716\" data-end=\"1740\">\n<p data-start=\"1718\" data-end=\"1740\">Spondylose cervicale<\/p>\n<\/li>\n<li data-start=\"1741\" data-end=\"1755\">\n<p data-start=\"1743\" data-end=\"1755\">Torticolis<\/p>\n<\/li>\n<li data-start=\"1756\" data-end=\"1795\">\n<p data-start=\"1758\" data-end=\"1795\">Cervicalgies et douleurs chroniques<\/p>\n<\/li>\n<\/ul>\n<h3 data-start=\"1797\" data-end=\"1831\">R\u00e9\u00e9ducation et pr\u00e9vention<\/h3>\n<ul data-start=\"1832\" data-end=\"1950\">\n<li data-start=\"1832\" data-end=\"1875\">\n<p data-start=\"1834\" data-end=\"1875\">R\u00e9\u00e9ducation apr\u00e8s traumatisme ou pl\u00e2tre<\/p>\n<\/li>\n<li data-start=\"1876\" data-end=\"1916\">\n<p data-start=\"1878\" data-end=\"1916\">Pr\u00e9vention des mouvements douloureux<\/p>\n<\/li>\n<li data-start=\"1917\" data-end=\"1950\">\n<p data-start=\"1919\" data-end=\"1950\">Spasmes musculaires cervicaux<\/p>\n<\/li>\n<\/ul>","protected":false},"excerpt":{"rendered":"<p><span style=\"color: #cc99ff;\"><em><strong>aurafix Cervical Collars, <span style=\"color: #000000;\">soulager la douleur et d\u2019\u00e9viter les mouvements excessifs du cou et de la t\u00eate.<\/span><\/strong><\/em><\/span><\/p>","protected":false},"featured_media":150310,"comment_status":"open","ping_status":"closed","template":"","meta":{"_acf_changed":false},"product_brand":[1590],"product_cat":[102,711,23],"product_tag":[],"class_list":{"0":"post-149599","1":"product","2":"type-product","3":"status-publish","4":"has-post-thumbnail","6":"product_brand-aurafix","7":"product_cat-soin-et-bien-etre","8":"product_cat-cou","9":"product_cat-orthopedie_contention","10":"pa_taille-l","12":"first","13":"instock","14":"taxable","15":"shipping-taxable","16":"purchasable","17":"product-type-variable"},"acf":[],"_links":{"self":[{"href":"https:\/\/pharmacima.com\/ar\/wp-json\/wp\/v2\/product\/149599","targetHints":{"allow":["GET"]}}],"collection":[{"href":"https:\/\/pharmacima.com\/ar\/wp-json\/wp\/v2\/product"}],"about":[{"href":"https:\/\/pharmacima.com\/ar\/wp-json\/wp\/v2\/types\/product"}],"replies":[{"embeddable":true,"href":"https:\/\/pharmacima.com\/ar\/wp-json\/wp\/v2\/comments?post=149599"}],"wp:featuredmedia":[{"embeddable":true,"href":"https:\/\/pharmacima.com\/ar\/wp-json\/wp\/v2\/media\/150310"}],"wp:attachment":[{"href":"https:\/\/pharmacima.com\/ar\/wp-json\/wp\/v2\/media?parent=149599"}],"wp:term":[{"taxonomy":"product_brand","embeddable":true,"href":"https:\/\/pharmacima.com\/ar\/wp-json\/wp\/v2\/product_brand?post=149599"},{"taxonomy":"product_cat","embeddable":true,"href":"https:\/\/pharmacima.com\/ar\/wp-json\/wp\/v2\/product_cat?post=149599"},{"taxonomy":"product_tag","embeddable":true,"href":"https:\/\/pharmacima.com\/ar\/wp-json\/wp\/v2\/product_tag?post=149599"}],"curies":[{"name":"wp","href":"https:\/\/api.w.org\/{rel}","templated":true}]}}