{"id":149604,"date":"2026-02-03T15:33:35","date_gmt":"2026-02-03T14:33:35","guid":{"rendered":"https:\/\/pharmacima.com\/?post_type=product&#038;p=149604"},"modified":"2026-03-10T13:30:07","modified_gmt":"2026-03-10T12:30:07","slug":"support-depaule-aurafix","status":"publish","type":"product","link":"https:\/\/pharmacima.com\/ar\/product\/support-depaule-aurafix\/","title":{"rendered":"Support D&rsquo;\u00e9paule aurafix"},"content":{"rendered":"<h1><strong>\u0648\u0635\u0641 :\u00a0<\/strong><\/h1>\n<h2><strong>Le support d\u2019\u00e9paule Aurafix est un dispositif orthop\u00e9dique con\u00e7u pour soutenir, stabiliser et prot\u00e9ger l\u2019articulation de l\u2019\u00e9paule en cas de blessure, douleur ou r\u00e9\u00e9ducation.<\/strong><br data-start=\"362\" data-end=\"365\" \/><strong>Il est utilis\u00e9 pour r\u00e9duire la douleur, limiter les mouvements excessifs et favoriser la r\u00e9cup\u00e9ration fonctionnelle.<\/strong><\/h2>\n<p>&nbsp;<\/p>\n<h2><strong>\u062f\u0648\u0627\u0639\u064a \u0627\u0644\u0625\u0633\u062a\u0639\u0645\u0627\u0644:<\/strong><\/h2>\n<h3 data-start=\"1212\" data-end=\"1254\">Pathologies musculo-squelettiques<\/h3>\n<ul data-start=\"1255\" data-end=\"1353\">\n<li data-start=\"1255\" data-end=\"1280\">\n<p data-start=\"1257\" data-end=\"1280\">Tendinite de l\u2019\u00e9paule<\/p>\n<\/li>\n<li data-start=\"1281\" data-end=\"1305\">\n<p data-start=\"1283\" data-end=\"1305\">Arthrose de l\u2019\u00e9paule<\/p>\n<\/li>\n<li data-start=\"1306\" data-end=\"1317\">\n<p data-start=\"1308\" data-end=\"1317\">Bursite<\/p>\n<\/li>\n<li data-start=\"1318\" data-end=\"1353\">\n<p data-start=\"1320\" data-end=\"1353\">Douleurs chroniques de l\u2019\u00e9paule<\/p>\n<\/li>\n<\/ul>\n<h3 data-start=\"1355\" data-end=\"1377\">\u00a0Traumatologie<\/h3>\n<ul data-start=\"1378\" data-end=\"1484\">\n<li data-start=\"1378\" data-end=\"1417\">\n<p data-start=\"1380\" data-end=\"1417\">Luxation ou subluxation de l\u2019\u00e9paule<\/p>\n<\/li>\n<li data-start=\"1418\" data-end=\"1442\">\n<p data-start=\"1420\" data-end=\"1442\">Entorses de l\u2019\u00e9paule<\/p>\n<\/li>\n<li data-start=\"1443\" data-end=\"1484\">\n<p data-start=\"1445\" data-end=\"1484\">D\u00e9chirures de la coiffe des rotateurs<\/p>\n<\/li>\n<\/ul>\n<h3 data-start=\"1486\" data-end=\"1506\">\u00a0R\u00e9\u00e9ducation<\/h3>\n<ul data-start=\"1507\" data-end=\"1636\">\n<li data-start=\"1507\" data-end=\"1550\">\n<p data-start=\"1509\" data-end=\"1550\">R\u00e9\u00e9ducation apr\u00e8s r\u00e9duction de luxation<\/p>\n<\/li>\n<li data-start=\"1551\" data-end=\"1594\">\n<p data-start=\"1553\" data-end=\"1594\">R\u00e9\u00e9ducation apr\u00e8s chirurgie de l\u2019\u00e9paule<\/p>\n<\/li>\n<li data-start=\"1595\" data-end=\"1636\">\n<p data-start=\"1597\" data-end=\"1636\">R\u00e9\u00e9ducation apr\u00e8s blessures sportives<\/p>\n<\/li>\n<\/ul>\n<p>&nbsp;<\/p>\n<p>&nbsp;<\/p>","protected":false},"excerpt":{"rendered":"<p><span style=\"color: #cc99ff;\"><strong>aurafix Shoulder Supports,<span style=\"color: #000000;\"> Il est \u00e9galement utilis\u00e9 pour la r\u00e9\u00e9ducation apr\u00e8s rupture de la coiffe des rotateurs ou autres l\u00e9sions p\u00e9ri-articulaires.<\/span><\/strong><\/span><\/p>","protected":false},"featured_media":150309,"comment_status":"open","ping_status":"closed","template":"","meta":{"_acf_changed":false},"product_brand":[1590],"product_cat":[102,23],"product_tag":[],"class_list":{"0":"post-149604","1":"product","2":"type-product","3":"status-publish","4":"has-post-thumbnail","6":"product_brand-aurafix","7":"product_cat-soin-et-bien-etre","8":"product_cat-orthopedie_contention","9":"pa_taille-l","11":"first","12":"instock","13":"taxable","14":"shipping-taxable","15":"purchasable","16":"product-type-variable"},"acf":[],"_links":{"self":[{"href":"https:\/\/pharmacima.com\/ar\/wp-json\/wp\/v2\/product\/149604","targetHints":{"allow":["GET"]}}],"collection":[{"href":"https:\/\/pharmacima.com\/ar\/wp-json\/wp\/v2\/product"}],"about":[{"href":"https:\/\/pharmacima.com\/ar\/wp-json\/wp\/v2\/types\/product"}],"replies":[{"embeddable":true,"href":"https:\/\/pharmacima.com\/ar\/wp-json\/wp\/v2\/comments?post=149604"}],"wp:featuredmedia":[{"embeddable":true,"href":"https:\/\/pharmacima.com\/ar\/wp-json\/wp\/v2\/media\/150309"}],"wp:attachment":[{"href":"https:\/\/pharmacima.com\/ar\/wp-json\/wp\/v2\/media?parent=149604"}],"wp:term":[{"taxonomy":"product_brand","embeddable":true,"href":"https:\/\/pharmacima.com\/ar\/wp-json\/wp\/v2\/product_brand?post=149604"},{"taxonomy":"product_cat","embeddable":true,"href":"https:\/\/pharmacima.com\/ar\/wp-json\/wp\/v2\/product_cat?post=149604"},{"taxonomy":"product_tag","embeddable":true,"href":"https:\/\/pharmacima.com\/ar\/wp-json\/wp\/v2\/product_tag?post=149604"}],"curies":[{"name":"wp","href":"https:\/\/api.w.org\/{rel}","templated":true}]}}