{"id":149606,"date":"2026-02-03T15:45:39","date_gmt":"2026-02-03T14:45:39","guid":{"rendered":"https:\/\/pharmacima.com\/?post_type=product&#038;p=149606"},"modified":"2026-03-10T13:29:15","modified_gmt":"2026-03-10T12:29:15","slug":"genouillere-aurafix","status":"publish","type":"product","link":"https:\/\/pharmacima.com\/ar\/product\/genouillere-aurafix\/","title":{"rendered":"Genouill\u00e8re aurafix"},"content":{"rendered":"<h1><strong>\u0648\u0635\u0641 :\u00a0<\/strong><\/h1>\n<h2><strong>Le Genouill\u00e9re Aurafix (genouill\u00e8re) est un dispositif orthop\u00e9dique con\u00e7u pour soutenir, stabiliser et prot\u00e9ger l\u2019articulation du genou en cas de douleur, blessure ou pendant la r\u00e9\u00e9ducation.<\/strong><br data-start=\"363\" data-end=\"366\" \/><strong>Il permet de r\u00e9duire la douleur, limiter les mouvements excessifs et am\u00e9liorer la fonction du genou.<\/strong><\/h2>\n<p>&nbsp;<\/p>\n<h2><strong>\u062f\u0648\u0627\u0639\u064a \u0627\u0644\u0625\u0633\u062a\u0639\u0645\u0627\u0644:\u00a0<\/strong><\/h2>\n<p data-start=\"1153\" data-end=\"1197\">La genouill\u00e8re Aurafix est utilis\u00e9e dans :<\/p>\n<h3 data-start=\"1199\" data-end=\"1232\">\u00a0Pathologies articulaires<\/h3>\n<ul data-start=\"1233\" data-end=\"1341\">\n<li data-start=\"1233\" data-end=\"1254\">\n<p data-start=\"1235\" data-end=\"1254\">Arthrose du genou<\/p>\n<\/li>\n<li data-start=\"1255\" data-end=\"1279\">\n<p data-start=\"1257\" data-end=\"1279\">Tendinite rotulienne<\/p>\n<\/li>\n<li data-start=\"1280\" data-end=\"1310\">\n<p data-start=\"1282\" data-end=\"1310\">Syndrome f\u00e9moro-patellaire<\/p>\n<\/li>\n<li data-start=\"1311\" data-end=\"1341\">\n<p data-start=\"1313\" data-end=\"1341\">Inflammations articulaires<\/p>\n<\/li>\n<\/ul>\n<h3 data-start=\"1343\" data-end=\"1374\">\u00a0Traumatologie et sport<\/h3>\n<ul data-start=\"1375\" data-end=\"1502\">\n<li data-start=\"1375\" data-end=\"1395\">\n<p data-start=\"1377\" data-end=\"1395\">Entorse du genou<\/p>\n<\/li>\n<li data-start=\"1396\" data-end=\"1437\">\n<p data-start=\"1398\" data-end=\"1437\">L\u00e9sions ligamentaires<\/p>\n<\/li>\n<li data-start=\"1438\" data-end=\"1462\">\n<p data-start=\"1440\" data-end=\"1462\">Instabilit\u00e9 du genou<\/p>\n<\/li>\n<li data-start=\"1463\" data-end=\"1502\">\n<p data-start=\"1465\" data-end=\"1502\">Contusions et traumatismes sportifs<\/p>\n<\/li>\n<\/ul>\n<h3 data-start=\"1504\" data-end=\"1524\">\u00a0R\u00e9\u00e9ducation<\/h3>\n<ul data-start=\"1525\" data-end=\"1653\">\n<li data-start=\"1525\" data-end=\"1565\">\n<p data-start=\"1527\" data-end=\"1565\">R\u00e9\u00e9ducation apr\u00e8s chirurgie du genou<\/p>\n<\/li>\n<li data-start=\"1566\" data-end=\"1606\">\n<p data-start=\"1568\" data-end=\"1606\">R\u00e9\u00e9ducation apr\u00e8s fracture ou pl\u00e2tre<\/p>\n<\/li>\n<li data-start=\"1607\" data-end=\"1653\">\n<p data-start=\"1609\" data-end=\"1653\">Reprise progressive de l\u2019activit\u00e9 sportive<\/p>\n<\/li>\n<\/ul>","protected":false},"excerpt":{"rendered":"<p>DESCRIPTION :\u00a0 Le Genouill\u00e9re Aurafix (genouill\u00e8re) est un dispositif orthop\u00e9dique con\u00e7u pour soutenir, stabiliser et prot\u00e9ger l\u2019articulation du genou en cas de douleur, blessure ou pendant la r\u00e9\u00e9ducation.Il permet de r\u00e9duire la douleur, limiter les mouvements excessifs et am\u00e9liorer la fonction du genou. &nbsp; INDICATIONS :\u00a0 La genouill\u00e8re Aurafix est utilis\u00e9e dans : \u00a0Pathologies articulaires [&hellip;]<\/p>\n","protected":false},"featured_media":150308,"comment_status":"open","ping_status":"closed","template":"","meta":{"_acf_changed":false},"product_brand":[1590],"product_cat":[102,23],"product_tag":[],"class_list":{"0":"post-149606","1":"product","2":"type-product","3":"status-publish","4":"has-post-thumbnail","6":"product_brand-aurafix","7":"product_cat-soin-et-bien-etre","8":"product_cat-orthopedie_contention","9":"pa_taille-s","11":"first","12":"instock","13":"taxable","14":"shipping-taxable","15":"purchasable","16":"product-type-variable"},"acf":[],"_links":{"self":[{"href":"https:\/\/pharmacima.com\/ar\/wp-json\/wp\/v2\/product\/149606","targetHints":{"allow":["GET"]}}],"collection":[{"href":"https:\/\/pharmacima.com\/ar\/wp-json\/wp\/v2\/product"}],"about":[{"href":"https:\/\/pharmacima.com\/ar\/wp-json\/wp\/v2\/types\/product"}],"replies":[{"embeddable":true,"href":"https:\/\/pharmacima.com\/ar\/wp-json\/wp\/v2\/comments?post=149606"}],"wp:featuredmedia":[{"embeddable":true,"href":"https:\/\/pharmacima.com\/ar\/wp-json\/wp\/v2\/media\/150308"}],"wp:attachment":[{"href":"https:\/\/pharmacima.com\/ar\/wp-json\/wp\/v2\/media?parent=149606"}],"wp:term":[{"taxonomy":"product_brand","embeddable":true,"href":"https:\/\/pharmacima.com\/ar\/wp-json\/wp\/v2\/product_brand?post=149606"},{"taxonomy":"product_cat","embeddable":true,"href":"https:\/\/pharmacima.com\/ar\/wp-json\/wp\/v2\/product_cat?post=149606"},{"taxonomy":"product_tag","embeddable":true,"href":"https:\/\/pharmacima.com\/ar\/wp-json\/wp\/v2\/product_tag?post=149606"}],"curies":[{"name":"wp","href":"https:\/\/api.w.org\/{rel}","templated":true}]}}