{"id":149613,"date":"2026-02-03T16:04:54","date_gmt":"2026-02-03T15:04:54","guid":{"rendered":"https:\/\/pharmacima.com\/?post_type=product&#038;p=149613"},"modified":"2026-03-10T13:28:18","modified_gmt":"2026-03-10T12:28:18","slug":"corsets-medicaux-aurafix","status":"publish","type":"product","link":"https:\/\/pharmacima.com\/ar\/product\/corsets-medicaux-aurafix\/","title":{"rendered":"Corsets M\u00e9dicaux aurafix"},"content":{"rendered":"<h1><strong>\u0648\u0635\u0641 :<\/strong><\/h1>\n<h2><strong>Les corsets m\u00e9dicaux aurafix\u00a0sont des orth\u00e8ses orthop\u00e9diques du tronc utilis\u00e9es pour soutenir, stabiliser et immobiliser la colonne vert\u00e9brale et la r\u00e9gion lombaire ou thoraco-lombaire.<\/strong><br data-start=\"343\" data-end=\"346\" \/><strong>Ils sont prescrits pour r\u00e9duire la douleur, corriger ou pr\u00e9venir les d\u00e9formations vert\u00e9brales et favoriser la gu\u00e9rison.<\/strong><\/h2>\n<p>&nbsp;<\/p>\n<h2><strong>\u062f\u0648\u0627\u0639\u064a \u0627\u0644\u0625\u0633\u062a\u0639\u0645\u0627\u0644:\u00a0<\/strong><\/h2>\n<p data-start=\"1133\" data-end=\"1176\">Les corsets m\u00e9dicaux sont indiqu\u00e9s dans :<\/p>\n<h2 data-start=\"1178\" data-end=\"1222\">\u00a0Pathologies de la colonne vert\u00e9brale<\/h2>\n<ul data-start=\"1223\" data-end=\"1313\">\n<li data-start=\"1223\" data-end=\"1257\">\n<p data-start=\"1225\" data-end=\"1257\">Lombalgie (douleurs lombaires)<\/p>\n<\/li>\n<li data-start=\"1258\" data-end=\"1276\">\n<p data-start=\"1260\" data-end=\"1276\">Hernie discale<\/p>\n<\/li>\n<li data-start=\"1277\" data-end=\"1289\">\n<p data-start=\"1279\" data-end=\"1289\">Scoliose<\/p>\n<\/li>\n<li data-start=\"1290\" data-end=\"1301\">\n<p data-start=\"1292\" data-end=\"1301\">Cyphose<\/p>\n<\/li>\n<li data-start=\"1302\" data-end=\"1313\">\n<p data-start=\"1304\" data-end=\"1313\">Lordose<\/p>\n<\/li>\n<\/ul>\n<h2 data-start=\"1315\" data-end=\"1336\">\u00a0Traumatologie<\/h2>\n<ul data-start=\"1337\" data-end=\"1426\">\n<li data-start=\"1337\" data-end=\"1362\">\n<p data-start=\"1339\" data-end=\"1362\">Fractures vert\u00e9brales<\/p>\n<\/li>\n<li data-start=\"1363\" data-end=\"1389\">\n<p data-start=\"1365\" data-end=\"1389\">Instabilit\u00e9 vert\u00e9brale<\/p>\n<\/li>\n<li data-start=\"1390\" data-end=\"1426\">\n<p data-start=\"1392\" data-end=\"1426\">Immobilisation apr\u00e8s traumatisme<\/p>\n<\/li>\n<\/ul>\n<h2 data-start=\"1428\" data-end=\"1450\">\u00a0Post-chirurgie<\/h2>\n<ul data-start=\"1451\" data-end=\"1533\">\n<li data-start=\"1451\" data-end=\"1499\">\n<p data-start=\"1453\" data-end=\"1499\">Immobilisation apr\u00e8s chirurgie de la colonne<\/p>\n<\/li>\n<li data-start=\"1500\" data-end=\"1533\">\n<p data-start=\"1502\" data-end=\"1533\">Stabilisation post-op\u00e9ratoire<\/p>\n<\/li>\n<\/ul>\n<h2 data-start=\"1535\" data-end=\"1561\">\u00a0Autres indications<\/h2>\n<ul data-start=\"1562\" data-end=\"1682\">\n<li data-start=\"1562\" data-end=\"1577\">\n<p data-start=\"1564\" data-end=\"1577\">Ost\u00e9oporose<\/p>\n<\/li>\n<li data-start=\"1578\" data-end=\"1599\">\n<p data-start=\"1580\" data-end=\"1599\">Spondylolisth\u00e9sis<\/p>\n<\/li>\n<li data-start=\"1600\" data-end=\"1631\">\n<p data-start=\"1602\" data-end=\"1631\">Spasmes musculaires dorsaux<\/p>\n<\/li>\n<li data-start=\"1632\" data-end=\"1682\">\n<p data-start=\"1634\" data-end=\"1682\">Pr\u00e9vention des r\u00e9cidives de douleurs lombaires<\/p>\n<\/li>\n<\/ul>","protected":false},"excerpt":{"rendered":"<p>DESCRIPTION : Les corsets m\u00e9dicaux aurafix\u00a0sont des orth\u00e8ses orthop\u00e9diques du tronc utilis\u00e9es pour soutenir, stabiliser et immobiliser la colonne vert\u00e9brale et la r\u00e9gion lombaire ou thoraco-lombaire.Ils sont prescrits pour r\u00e9duire la douleur, corriger ou pr\u00e9venir les d\u00e9formations vert\u00e9brales et favoriser la gu\u00e9rison. &nbsp; INDICATIONS :\u00a0 Les corsets m\u00e9dicaux sont indiqu\u00e9s dans : \u00a0Pathologies de la [&hellip;]<\/p>\n","protected":false},"featured_media":150307,"comment_status":"open","ping_status":"closed","template":"","meta":{"_acf_changed":false},"product_brand":[1590],"product_cat":[23],"product_tag":[],"class_list":{"0":"post-149613","1":"product","2":"type-product","3":"status-publish","4":"has-post-thumbnail","6":"product_brand-aurafix","7":"product_cat-orthopedie_contention","8":"pa_taille-l","10":"first","11":"instock","12":"taxable","13":"shipping-taxable","14":"purchasable","15":"product-type-variable"},"acf":[],"_links":{"self":[{"href":"https:\/\/pharmacima.com\/ar\/wp-json\/wp\/v2\/product\/149613","targetHints":{"allow":["GET"]}}],"collection":[{"href":"https:\/\/pharmacima.com\/ar\/wp-json\/wp\/v2\/product"}],"about":[{"href":"https:\/\/pharmacima.com\/ar\/wp-json\/wp\/v2\/types\/product"}],"replies":[{"embeddable":true,"href":"https:\/\/pharmacima.com\/ar\/wp-json\/wp\/v2\/comments?post=149613"}],"wp:featuredmedia":[{"embeddable":true,"href":"https:\/\/pharmacima.com\/ar\/wp-json\/wp\/v2\/media\/150307"}],"wp:attachment":[{"href":"https:\/\/pharmacima.com\/ar\/wp-json\/wp\/v2\/media?parent=149613"}],"wp:term":[{"taxonomy":"product_brand","embeddable":true,"href":"https:\/\/pharmacima.com\/ar\/wp-json\/wp\/v2\/product_brand?post=149613"},{"taxonomy":"product_cat","embeddable":true,"href":"https:\/\/pharmacima.com\/ar\/wp-json\/wp\/v2\/product_cat?post=149613"},{"taxonomy":"product_tag","embeddable":true,"href":"https:\/\/pharmacima.com\/ar\/wp-json\/wp\/v2\/product_tag?post=149613"}],"curies":[{"name":"wp","href":"https:\/\/api.w.org\/{rel}","templated":true}]}}