{"id":149663,"date":"2026-02-05T13:39:21","date_gmt":"2026-02-05T12:39:21","guid":{"rendered":"https:\/\/pharmacima.com\/?post_type=product&#038;p=149663"},"modified":"2026-03-15T14:29:02","modified_gmt":"2026-03-15T13:29:02","slug":"genouillere-dynamic-medicals","status":"publish","type":"product","link":"https:\/\/pharmacima.com\/ar\/product\/genouillere-dynamic-medicals\/","title":{"rendered":"Genouillere SEGO Dyna"},"content":{"rendered":"<h1><strong>\u0648\u0635\u0641 :\u00a0<\/strong><\/h1>\n<h2>\u0647\u0646\u0627\u0643 <strong data-start=\"255\" data-end=\"304\">Knee Support Plain de Dynamic Medicals<\/strong> \u0627\u0646\u0647\u0627 <strong data-start=\"313\" data-end=\"352\">genouill\u00e8re \u00e9lastique de contention<\/strong> con\u00e7ue pour soutenir le genou, r\u00e9duire la douleur et am\u00e9liorer la stabilit\u00e9 articulaire.<\/h2>\n<p>&nbsp;<\/p>\n<h2><strong>\u062f\u0648\u0627\u0639\u064a \u0627\u0644\u0625\u0633\u062a\u0639\u0645\u0627\u0644:\u00a0<\/strong><\/h2>\n<p data-start=\"981\" data-end=\"1053\">La genouill\u00e8re Knee Support Plain est indiqu\u00e9e dans les cas suivants :<\/p>\n<h2 data-start=\"1055\" data-end=\"1087\">\u00a0Douleurs et inflammation<\/h2>\n<ul data-start=\"1088\" data-end=\"1176\">\n<li data-start=\"1088\" data-end=\"1109\">\n<p data-start=\"1090\" data-end=\"1109\">Arthrose du genou<\/p>\n<\/li>\n<li data-start=\"1110\" data-end=\"1135\">\n<p data-start=\"1112\" data-end=\"1135\">Douleurs articulaires<\/p>\n<\/li>\n<li data-start=\"1136\" data-end=\"1176\">\n<p data-start=\"1138\" data-end=\"1176\">Gonflement (\u00e9panchement articulaire)<\/p>\n<\/li>\n<\/ul>\n<h2 data-start=\"1178\" data-end=\"1202\">\u00a0Blessures l\u00e9g\u00e8res<\/h2>\n<ul data-start=\"1203\" data-end=\"1279\">\n<li data-start=\"1203\" data-end=\"1215\">\n<p data-start=\"1205\" data-end=\"1215\">Entorses<\/p>\n<\/li>\n<li data-start=\"1216\" data-end=\"1243\">\n<p data-start=\"1218\" data-end=\"1243\">\u00c9longations musculaires<\/p>\n<\/li>\n<li data-start=\"1244\" data-end=\"1279\">\n<p data-start=\"1246\" data-end=\"1279\">Fatigue ou faiblesse musculaire<\/p>\n<\/li>\n<\/ul>\n<h2 data-start=\"1281\" data-end=\"1309\">\u00a0Soutien et pr\u00e9vention<\/h2>\n<ul data-start=\"1310\" data-end=\"1437\">\n<li data-start=\"1310\" data-end=\"1334\">\n<p data-start=\"1312\" data-end=\"1334\">Instabilit\u00e9 du genou<\/p>\n<\/li>\n<li data-start=\"1335\" data-end=\"1358\">\n<p data-start=\"1337\" data-end=\"1358\">Activit\u00e9s sportives<\/p>\n<\/li>\n<li data-start=\"1359\" data-end=\"1389\">\n<p data-start=\"1361\" data-end=\"1389\">R\u00e9\u00e9ducation apr\u00e8s blessure<\/p>\n<\/li>\n<li data-start=\"1390\" data-end=\"1437\">\n<p data-start=\"1392\" data-end=\"1437\">Protection pendant le travail ou l\u2019exercice<\/p>\n<\/li>\n<\/ul>","protected":false},"excerpt":{"rendered":"<p><span style=\"color: #cc99ff;\"><em><strong><span style=\"color: #0000ff;\">Knee Support Plain Dynamic Techno Medicals,<\/span><\/strong><\/em><\/span> <em><strong>Elle aide \u00e0 traiter les muscles faibles, les entorses et l\u2019inflammation en fournissant un soutien compressif.<\/strong><\/em><\/p>","protected":false},"featured_media":150252,"comment_status":"open","ping_status":"closed","template":"","meta":{"_acf_changed":false},"product_brand":[1591],"product_cat":[23],"product_tag":[],"class_list":{"0":"post-149663","1":"product","2":"type-product","3":"status-publish","4":"has-post-thumbnail","6":"product_brand-dynamic-medicals","7":"product_cat-orthopedie_contention","8":"pa_taille-xxl","10":"first","11":"instock","12":"taxable","13":"shipping-taxable","14":"purchasable","15":"product-type-variable"},"acf":[],"_links":{"self":[{"href":"https:\/\/pharmacima.com\/ar\/wp-json\/wp\/v2\/product\/149663","targetHints":{"allow":["GET"]}}],"collection":[{"href":"https:\/\/pharmacima.com\/ar\/wp-json\/wp\/v2\/product"}],"about":[{"href":"https:\/\/pharmacima.com\/ar\/wp-json\/wp\/v2\/types\/product"}],"replies":[{"embeddable":true,"href":"https:\/\/pharmacima.com\/ar\/wp-json\/wp\/v2\/comments?post=149663"}],"wp:featuredmedia":[{"embeddable":true,"href":"https:\/\/pharmacima.com\/ar\/wp-json\/wp\/v2\/media\/150252"}],"wp:attachment":[{"href":"https:\/\/pharmacima.com\/ar\/wp-json\/wp\/v2\/media?parent=149663"}],"wp:term":[{"taxonomy":"product_brand","embeddable":true,"href":"https:\/\/pharmacima.com\/ar\/wp-json\/wp\/v2\/product_brand?post=149663"},{"taxonomy":"product_cat","embeddable":true,"href":"https:\/\/pharmacima.com\/ar\/wp-json\/wp\/v2\/product_cat?post=149663"},{"taxonomy":"product_tag","embeddable":true,"href":"https:\/\/pharmacima.com\/ar\/wp-json\/wp\/v2\/product_tag?post=149663"}],"curies":[{"name":"wp","href":"https:\/\/api.w.org\/{rel}","templated":true}]}}