{"id":149670,"date":"2026-02-05T15:16:20","date_gmt":"2026-02-05T14:16:20","guid":{"rendered":"https:\/\/pharmacima.com\/?post_type=product&#038;p=149670"},"modified":"2026-03-15T14:28:48","modified_gmt":"2026-03-15T13:28:48","slug":"bougie-trompe-loeil-gourmande-casteloo","status":"publish","type":"product","link":"https:\/\/pharmacima.com\/ar\/product\/bougie-trompe-loeil-gourmande-casteloo\/","title":{"rendered":"Bougie Trompe l\u0153il Gourmande Casteloo"},"content":{"rendered":"<h1><strong>\u0648\u0635\u0641 :\u00a0<\/strong><\/h1>\n<h2 data-start=\"242\" data-end=\"301\">&#x1f56f;&#xfe0f; Trompe-l\u2019\u0153il parfum\u00e9e \u2013 Collection Gourmande<\/h2>\n<p data-start=\"303\" data-end=\"529\">D\u00e9couvrez nos <strong data-start=\"317\" data-end=\"357\">Trompe-l\u2019\u0153il ultra r\u00e9alistes<\/strong>, inspir\u00e9es de d\u00e9licieuses gourmandises sucr\u00e9es.<br data-start=\"405\" data-end=\"408\" \/>Chaque bougie est con\u00e7ue pour ressembler \u00e0 un dessert, tout en diffusant un parfum doux et agr\u00e9able dans votre int\u00e9rieur.<\/p>\n<p data-start=\"531\" data-end=\"560\">&#x2728; <strong data-start=\"533\" data-end=\"558\">Parfums disponibles :<\/strong><\/p>\n<ul data-start=\"561\" data-end=\"862\">\n<li data-start=\"561\" data-end=\"669\">\n<p data-start=\"563\" data-end=\"669\">&#x1f353; <strong data-start=\"566\" data-end=\"576\">Fraise<\/strong> \u2013 Une senteur fruit\u00e9e, sucr\u00e9e et fra\u00eeche, parfaite pour une ambiance joyeuse et gourmande.<\/p>\n<\/li>\n<li data-start=\"670\" data-end=\"773\">\n<p data-start=\"672\" data-end=\"773\">&#x1f36b; <strong data-start=\"675\" data-end=\"695\">Chocolat au lait<\/strong> \u2013 Un parfum riche et chaleureux, id\u00e9al pour cr\u00e9er une atmosph\u00e8re cocooning.<\/p>\n<\/li>\n<li data-start=\"774\" data-end=\"862\">\n<p data-start=\"776\" data-end=\"862\">&#x1f36e; <strong data-start=\"779\" data-end=\"790\">Caramel<\/strong> \u2013 Une fragrance douce et sucr\u00e9e, rappelant les desserts faits maison.<\/p>\n<\/li>\n<\/ul>\n<h2 data-start=\"864\" data-end=\"890\">&#x1f31f; Caract\u00e9ristiques :<\/h2>\n<ul data-start=\"891\" data-end=\"1088\">\n<li data-start=\"891\" data-end=\"939\">\n<p data-start=\"893\" data-end=\"939\">d\u00e9corative Trompe-l\u2019\u0153il tr\u00e8s r\u00e9aliste<\/p>\n<\/li>\n<li data-start=\"940\" data-end=\"972\">\n<p data-start=\"942\" data-end=\"972\">Parfum gourmand longue dur\u00e9e<\/p>\n<\/li>\n<li data-start=\"973\" data-end=\"1043\">\n<p data-start=\"975\" data-end=\"1043\">Id\u00e9ale pour la d\u00e9coration int\u00e9rieure, cadeau ou ambiance relaxante<\/p>\n<\/li>\n<\/ul>\n<p data-start=\"1090\" data-end=\"1165\">&#x26a0;&#xfe0f; <strong data-start=\"1093\" data-end=\"1108\">Attention :<\/strong> Ces bougies sont d\u00e9coratives et ne sont pas comestibles.<\/p>","protected":false},"excerpt":{"rendered":"<p>DESCRIPTION :\u00a0 &#x1f56f;&#xfe0f; Trompe-l\u2019\u0153il parfum\u00e9e \u2013 Collection Gourmande D\u00e9couvrez nos Trompe-l\u2019\u0153il ultra r\u00e9alistes, inspir\u00e9es de d\u00e9licieuses gourmandises sucr\u00e9es.Chaque bougie est con\u00e7ue pour ressembler \u00e0 un dessert, tout en diffusant un parfum doux et agr\u00e9able dans votre int\u00e9rieur. &#x2728; Parfums disponibles : &#x1f353; Fraise \u2013 Une senteur fruit\u00e9e, sucr\u00e9e et fra\u00eeche, parfaite pour une ambiance joyeuse [&hellip;]<\/p>\n","protected":false},"featured_media":149671,"comment_status":"open","ping_status":"closed","template":"","meta":{"_acf_changed":false},"product_brand":[1536],"product_cat":[1592],"product_tag":[],"class_list":{"0":"post-149670","1":"product","2":"type-product","3":"status-publish","4":"has-post-thumbnail","6":"product_brand-casteloo","7":"product_cat-decore-et-bien-etre","9":"first","10":"instock","11":"taxable","12":"shipping-taxable","13":"purchasable","14":"product-type-simple"},"acf":[],"_links":{"self":[{"href":"https:\/\/pharmacima.com\/ar\/wp-json\/wp\/v2\/product\/149670","targetHints":{"allow":["GET"]}}],"collection":[{"href":"https:\/\/pharmacima.com\/ar\/wp-json\/wp\/v2\/product"}],"about":[{"href":"https:\/\/pharmacima.com\/ar\/wp-json\/wp\/v2\/types\/product"}],"replies":[{"embeddable":true,"href":"https:\/\/pharmacima.com\/ar\/wp-json\/wp\/v2\/comments?post=149670"}],"wp:featuredmedia":[{"embeddable":true,"href":"https:\/\/pharmacima.com\/ar\/wp-json\/wp\/v2\/media\/149671"}],"wp:attachment":[{"href":"https:\/\/pharmacima.com\/ar\/wp-json\/wp\/v2\/media?parent=149670"}],"wp:term":[{"taxonomy":"product_brand","embeddable":true,"href":"https:\/\/pharmacima.com\/ar\/wp-json\/wp\/v2\/product_brand?post=149670"},{"taxonomy":"product_cat","embeddable":true,"href":"https:\/\/pharmacima.com\/ar\/wp-json\/wp\/v2\/product_cat?post=149670"},{"taxonomy":"product_tag","embeddable":true,"href":"https:\/\/pharmacima.com\/ar\/wp-json\/wp\/v2\/product_tag?post=149670"}],"curies":[{"name":"wp","href":"https:\/\/api.w.org\/{rel}","templated":true}]}}