{"id":149713,"date":"2026-02-08T12:36:08","date_gmt":"2026-02-08T11:36:08","guid":{"rendered":"https:\/\/pharmacima.com\/?post_type=product&#038;p=149713"},"modified":"2026-03-15T14:24:06","modified_gmt":"2026-03-15T13:24:06","slug":"test-dovulation-digital-avance-10tests-clearblue","status":"publish","type":"product","link":"https:\/\/pharmacima.com\/ar\/product\/test-dovulation-digital-avance-10tests-clearblue\/","title":{"rendered":"Test dovulation Digital Avance 10tests Clearblue"},"content":{"rendered":"<h1>\u0648\u0635\u0641 :<\/h1>\n<div class=\"product-description\">\n<h2><strong>C\u2019est un test d\u2019ovulation num\u00e9rique avanc\u00e9 fabriqu\u00e9 par <em data-start=\"313\" data-end=\"324\">\u0643\u0644\u064a\u0631\u0628\u0644\u0648<\/em> con\u00e7u pour aider les femmes \u00e0 identifier leurs jours les plus fertiles dans leur cycle menstruel lorsqu\u2019elles souhaitent concevoir naturellement. Contrairement aux tests traditionnels avec des lignes, ce test affiche des symboles num\u00e9riques clairs qui indiquent votre niveau de fertilit\u00e9.<\/strong><\/h2>\n<p data-start=\"704\" data-end=\"761\">Il d\u00e9tecte <strong data-start=\"718\" data-end=\"740\">deux hormones cl\u00e9s<\/strong> dans votre urine :<\/p>\n<ul data-start=\"762\" data-end=\"955\">\n<li data-start=\"762\" data-end=\"838\">\n<p data-start=\"764\" data-end=\"838\"><strong data-start=\"764\" data-end=\"782\">Les \u0153strog\u00e8nes<\/strong> \u2013 pour rep\u00e9rer les premiers jours de fertilit\u00e9 \u00e9lev\u00e9e<\/p>\n<\/li>\n<li data-start=\"839\" data-end=\"955\">\n<p data-start=\"841\" data-end=\"955\"><strong data-start=\"841\" data-end=\"872\">L\u2019hormone lut\u00e9inisante (LH)<\/strong> \u2013 pour identifier le pic d\u2019ovulation imminent<\/p>\n<\/li>\n<\/ul>\n<p data-start=\"957\" data-end=\"1176\">&#x2714;&#xfe0f; Cela permet au test d\u2019identifier g\u00e9n\u00e9ralement <strong data-start=\"1006\" data-end=\"1034\">4 jours fertiles ou plus<\/strong>, ce qui est <strong data-start=\"1047\" data-end=\"1085\">plus large que les tests habituels<\/strong> qui montrent seulement les 2 jours les plus fertiles.<\/p>\n<h2><span class=\"h3_product\">\u0646\u0635\u0627\u0626\u062d \u0627\u0644\u0627\u0633\u062a\u0639\u0645\u0627\u0644 :<\/span><\/h2>\n<p>\u0627\u0644\u00a0<strong>TEST D&rsquo;OVULATION AVEC LECTURE DE 2 HORMONES CLEARBLUE<\/strong>\u00a0est un simple test urinaire\u00a0qui doit s&rsquo;effectuer\u00a0en utilisant les premi\u00e8res urines\u00a0au r\u00e9veil, puis r\u00e9it\u00e9rer le test tous les jours jusqu&rsquo;\u00e0 ce que le premier jour de Fertilit\u00e9 maximale apparaisse. Ensuite, vous pouvez cesser les tests.<\/p>\n<p data-start=\"1217\" data-end=\"1314\">Les r\u00e9sultats apparaissent clairement sur l\u2019\u00e9cran du test (pictogrammes faciles \u00e0 comprendre) :<\/p>\n<p data-start=\"1316\" data-end=\"1581\"><strong data-start=\"1319\" data-end=\"1334\">Cercle vide<\/strong> = faible fertilit\u00e9<br data-start=\"1353\" data-end=\"1356\" \/><strong data-start=\"1359\" data-end=\"1380\">Smiley clignotant<\/strong> = p\u00e9riode de <strong data-start=\"1394\" data-end=\"1414\">fertilit\u00e9 \u00e9lev\u00e9e<\/strong> (avant l\u2019ovulation)<br data-start=\"1434\" data-end=\"1437\" \/><strong data-start=\"1440\" data-end=\"1455\">Smiley fixe<\/strong> = <strong data-start=\"1458\" data-end=\"1480\">fertilit\u00e9 maximale<\/strong> (pic d\u2019ovulation) \u2013 moments les plus probables pour concevoir<\/p>\n<h2><span class=\"h3_product\">\u0627\u0644\u062a\u0631\u0643\u064a\u0628\u0629 :<\/span><\/h2>\n<p>Boite de 10 tests<\/p>\n<p>&nbsp;<\/p>\n<ul>\n<li>fiabilit\u00e9 de 99 % dans la d\u00e9tection du pic de l&rsquo;hormone LH<\/li>\n<li>Est le seul test d&rsquo;ovulation \u00e0 mesurer pr\u00e9cis\u00e9ment\u00a02 hormones de fertilit\u00e9 cl\u00e9s<\/li>\n<li>Test urinaire facile \u00e0 utiliser &#8211; naturel et\u00a0non-invasif<\/li>\n<li>Affiche des r\u00e9sultats\u00a0clairs sur \u00e9cran digital et sans ambigu\u00eft\u00e9\u00a0sous la forme d&rsquo;un smiley<\/li>\n<\/ul>\n<p><sup><em>\u00a0<\/em><\/sup><\/p>\n<\/div>","protected":false},"excerpt":{"rendered":"<h3><span style=\"color: #3366ff;\">TEST D&rsquo;OVULATION AVEC LECTURE DE 2 HORMONES X10 CLEARBLUE<\/span><\/h3>","protected":false},"featured_media":149715,"comment_status":"open","ping_status":"closed","template":"","meta":{"_acf_changed":false},"product_brand":[1404],"product_cat":[30],"product_tag":[],"class_list":{"0":"post-149713","1":"product","2":"type-product","3":"status-publish","4":"has-post-thumbnail","6":"product_brand-clearblue","7":"product_cat-diagnostic","9":"first","10":"outofstock","11":"sale","12":"taxable","13":"shipping-taxable","14":"purchasable","15":"product-type-simple"},"acf":[],"_links":{"self":[{"href":"https:\/\/pharmacima.com\/ar\/wp-json\/wp\/v2\/product\/149713","targetHints":{"allow":["GET"]}}],"collection":[{"href":"https:\/\/pharmacima.com\/ar\/wp-json\/wp\/v2\/product"}],"about":[{"href":"https:\/\/pharmacima.com\/ar\/wp-json\/wp\/v2\/types\/product"}],"replies":[{"embeddable":true,"href":"https:\/\/pharmacima.com\/ar\/wp-json\/wp\/v2\/comments?post=149713"}],"wp:featuredmedia":[{"embeddable":true,"href":"https:\/\/pharmacima.com\/ar\/wp-json\/wp\/v2\/media\/149715"}],"wp:attachment":[{"href":"https:\/\/pharmacima.com\/ar\/wp-json\/wp\/v2\/media?parent=149713"}],"wp:term":[{"taxonomy":"product_brand","embeddable":true,"href":"https:\/\/pharmacima.com\/ar\/wp-json\/wp\/v2\/product_brand?post=149713"},{"taxonomy":"product_cat","embeddable":true,"href":"https:\/\/pharmacima.com\/ar\/wp-json\/wp\/v2\/product_cat?post=149713"},{"taxonomy":"product_tag","embeddable":true,"href":"https:\/\/pharmacima.com\/ar\/wp-json\/wp\/v2\/product_tag?post=149713"}],"curies":[{"name":"wp","href":"https:\/\/api.w.org\/{rel}","templated":true}]}}