{"id":149719,"date":"2026-02-08T13:46:00","date_gmt":"2026-02-08T12:46:00","guid":{"rendered":"https:\/\/pharmacima.com\/?post_type=product&#038;p=149719"},"modified":"2026-04-21T16:23:31","modified_gmt":"2026-04-21T15:23:31","slug":"test-dovulation-digital-20tests-clearblue","status":"publish","type":"product","link":"https:\/\/pharmacima.com\/ar\/product\/test-dovulation-digital-20tests-clearblue\/","title":{"rendered":"Test dovulation Digital 20tests Clearblue"},"content":{"rendered":"<h1><strong>\u0648\u0635\u0641 :\u00a0<\/strong><\/h1>\n<h2>\u0627\u0644 <strong data-start=\"186\" data-end=\"235\">Test d\u2019ovulation Digital Clearblue (20 tests)<\/strong> \u0647\u0648 <strong data-start=\"243\" data-end=\"290\">dispositif m\u00e9dical de diagnostic \u00e0 domicile<\/strong> con\u00e7u pour aider les femmes \u00e0 <strong data-start=\"321\" data-end=\"364\">identi\ufb01er leurs jours les plus fertiles<\/strong> dans le cycle menstruel lorsqu\u2019elles souhaitent <strong data-start=\"413\" data-end=\"436\">concevoir un enfant<\/strong>. Il fonctionne en d\u00e9tectant l\u2019augmentation de <strong data-start=\"483\" data-end=\"514\">l\u2019hormone lut\u00e9inisante (LH)<\/strong> dans l\u2019urine, ce qui signale qu\u2019<strong data-start=\"547\" data-end=\"576\">l\u2019ovulation est imminente<\/strong>.<\/h2>\n<p>&nbsp;<\/p>\n<h2><strong><span class=\"h3_product\">\u0646\u0635\u0627\u0626\u062d \u0627\u0644\u0627\u0633\u062a\u0639\u0645\u0627\u0644 :<\/span><\/strong><\/h2>\n<h2>\u0627\u0644\u00a0<strong style=\"font-size: 16px;\">TEST D&rsquo;OVULATION CLEARBLUE<\/strong><span style=\"font-size: 16px;\">\u00a0est un simple test urinaire\u00a0qui doit s&rsquo;effectuer\u00a0en utilisant les premi\u00e8res urines\u00a0au r\u00e9veil, puis r\u00e9it\u00e9rer le test tous les jours jusqu&rsquo;\u00e0 ce que le premier jour de Fertilit\u00e9 maximale apparaisse. Ensuite, vous pouvez cesser les tests.<\/span><\/h2>\n<p>&nbsp;<\/p>\n<h2 data-start=\"1344\" data-end=\"1371\"><strong data-start=\"1350\" data-end=\"1371\">Comment \u00e7a marche<\/strong><\/h2>\n<p data-start=\"1372\" data-end=\"1766\">Ce test mesure la concentration de l\u2019<strong data-start=\"1409\" data-end=\"1438\">hormone lut\u00e9inisante (LH)<\/strong> dans l\u2019urine. Avant l\u2019ovulation, cette hormone augmente soudainement (appel\u00e9e \u00ab pic de LH \u00bb). Lorsque le test d\u00e9tecte ce pic, il vous montre sur l\u2019\u00e9cran un <strong data-start=\"1595\" data-end=\"1605\">smiley<\/strong> indiquant que vous \u00eates dans votre <strong data-start=\"1641\" data-end=\"1674\">p\u00e9riode de fertilit\u00e9 maximale<\/strong> \u2014 les <strong data-start=\"1681\" data-end=\"1694\">48 heures<\/strong> les plus propices \u00e0 la conception.<\/p>\n<p data-start=\"1768\" data-end=\"1962\">&#x1f449; Sans affichage digital, certains tests demandent d\u2019interpr\u00e9ter des lignes, ce qui peut entra\u00eener des erreurs : l\u2019affichage num\u00e9rique Clearblue \u00e9vite cela.<\/p>\n<h2><span class=\"h3_product\">\u0627\u0644\u062a\u0631\u0643\u064a\u0628\u0629 :<\/span><\/h2>\n<p>Boite de 20 tests<\/p>\n<ul>\n<li>fiabilit\u00e9 de 99 % dans la d\u00e9tection du pic de l&rsquo;hormone LH<\/li>\n<li>Test urinaire facile \u00e0 utiliser &#8211; naturel et\u00a0non-invasif<\/li>\n<li>Affiche des r\u00e9sultats\u00a0clairs sur \u00e9cran digital et sans ambigu\u00eft\u00e9\u00a0sous la forme d&rsquo;un smiley<\/li>\n<\/ul>\n<p>&nbsp;<\/p>","protected":false},"excerpt":{"rendered":"<h2><span style=\"color: #3366ff;\">2 Jours de Fertilit\u00e9 maximale Clearblue<\/span><\/h2>","protected":false},"featured_media":149720,"comment_status":"open","ping_status":"closed","template":"","meta":{"_acf_changed":false},"product_brand":[1404],"product_cat":[30],"product_tag":[],"class_list":{"0":"post-149719","1":"product","2":"type-product","3":"status-publish","4":"has-post-thumbnail","6":"product_brand-clearblue","7":"product_cat-diagnostic","9":"first","10":"instock","11":"sale","12":"taxable","13":"shipping-taxable","14":"purchasable","15":"product-type-simple"},"acf":[],"_links":{"self":[{"href":"https:\/\/pharmacima.com\/ar\/wp-json\/wp\/v2\/product\/149719","targetHints":{"allow":["GET"]}}],"collection":[{"href":"https:\/\/pharmacima.com\/ar\/wp-json\/wp\/v2\/product"}],"about":[{"href":"https:\/\/pharmacima.com\/ar\/wp-json\/wp\/v2\/types\/product"}],"replies":[{"embeddable":true,"href":"https:\/\/pharmacima.com\/ar\/wp-json\/wp\/v2\/comments?post=149719"}],"wp:featuredmedia":[{"embeddable":true,"href":"https:\/\/pharmacima.com\/ar\/wp-json\/wp\/v2\/media\/149720"}],"wp:attachment":[{"href":"https:\/\/pharmacima.com\/ar\/wp-json\/wp\/v2\/media?parent=149719"}],"wp:term":[{"taxonomy":"product_brand","embeddable":true,"href":"https:\/\/pharmacima.com\/ar\/wp-json\/wp\/v2\/product_brand?post=149719"},{"taxonomy":"product_cat","embeddable":true,"href":"https:\/\/pharmacima.com\/ar\/wp-json\/wp\/v2\/product_cat?post=149719"},{"taxonomy":"product_tag","embeddable":true,"href":"https:\/\/pharmacima.com\/ar\/wp-json\/wp\/v2\/product_tag?post=149719"}],"curies":[{"name":"wp","href":"https:\/\/api.w.org\/{rel}","templated":true}]}}