{"id":149731,"date":"2026-02-09T12:06:18","date_gmt":"2026-02-09T11:06:18","guid":{"rendered":"https:\/\/pharmacima.com\/?post_type=product&#038;p=149731"},"modified":"2026-03-08T13:36:06","modified_gmt":"2026-03-08T12:36:06","slug":"attelle-de-pouce-spica-dyna-innolife","status":"publish","type":"product","link":"https:\/\/pharmacima.com\/ar\/product\/attelle-de-pouce-spica-dyna-innolife\/","title":{"rendered":"Attelle de pouce spica Dyna Innolife"},"content":{"rendered":"<h1><strong>\u0648\u0635\u0641 :\u00a0<\/strong><\/h1>\n<h2><strong>La Thumb Spica Brace Dyna Innolife est une attelle orthop\u00e9dique qui immobilise le pouce (et parfois le poignet) afin de r\u00e9duire la douleur, prot\u00e9ger les ligaments et favoriser la gu\u00e9rison.<\/strong><\/h2>\n<p>&nbsp;<\/p>\n<h2><strong>\u062f\u0648\u0627\u0639\u064a \u0627\u0644\u0625\u0633\u062a\u0639\u0645\u0627\u0644:\u00a0<\/strong><\/h2>\n<p data-start=\"925\" data-end=\"1016\">Les attelles de pouce Spica sont utilis\u00e9es dans de nombreuses pathologies orthop\u00e9diques :<\/p>\n<h3 data-start=\"1018\" data-end=\"1055\">Traumatismes et blessures<\/h3>\n<ul data-start=\"1056\" data-end=\"1246\">\n<li data-start=\"1056\" data-end=\"1088\">\n<p data-start=\"1058\" data-end=\"1088\">Entorse du pouce (ligaments)<\/p>\n<\/li>\n<li data-start=\"1089\" data-end=\"1150\">\n<p data-start=\"1091\" data-end=\"1150\">\u201cPouce du skieur\u201d (l\u00e9sion du ligament collat\u00e9ral ulnaire)<\/p>\n<\/li>\n<li data-start=\"1151\" data-end=\"1198\">\n<p data-start=\"1153\" data-end=\"1198\">Fracture du pouce ou du premier m\u00e9tacarpien<\/p>\n<\/li>\n<li data-start=\"1199\" data-end=\"1224\">\n<p data-start=\"1201\" data-end=\"1224\">Fracture du scapho\u00efde<\/p>\n<\/li>\n<li data-start=\"1225\" data-end=\"1246\">\n<p data-start=\"1227\" data-end=\"1246\">Luxation du pouce<\/p>\n<\/li>\n<\/ul>\n<h3 data-start=\"1248\" data-end=\"1298\">\u00a0Maladies inflammatoires ou tendineuses<\/h3>\n<ul data-start=\"1299\" data-end=\"1386\">\n<li data-start=\"1299\" data-end=\"1330\">\n<p data-start=\"1301\" data-end=\"1330\">T\u00e9nosynovite de De Quervain<\/p>\n<\/li>\n<li data-start=\"1331\" data-end=\"1353\">\n<p data-start=\"1333\" data-end=\"1353\">Tendinite du pouce<\/p>\n<\/li>\n<li data-start=\"1354\" data-end=\"1386\">\n<p data-start=\"1356\" data-end=\"1386\">Inflammation des tissus mous<\/p>\n<\/li>\n<\/ul>\n<h3 data-start=\"1388\" data-end=\"1419\">\u00a0Maladies chroniques<\/h3>\n<ul data-start=\"1420\" data-end=\"1504\">\n<li data-start=\"1420\" data-end=\"1467\">\n<p data-start=\"1422\" data-end=\"1467\">Arthrose de la base du pouce (rhizarthrose)<\/p>\n<\/li>\n<li data-start=\"1468\" data-end=\"1504\">\n<p data-start=\"1470\" data-end=\"1504\">Instabilit\u00e9 articulaire du pouce<\/p>\n<\/li>\n<\/ul>\n<h3 data-start=\"1506\" data-end=\"1533\">Apr\u00e8s chirurgie<\/h3>\n<ul data-start=\"1534\" data-end=\"1591\">\n<li data-start=\"1534\" data-end=\"1591\">\n<p data-start=\"1536\" data-end=\"1591\">Immobilisation post-op\u00e9ratoire du pouce ou du poignet<\/p>\n<\/li>\n<\/ul>","protected":false},"excerpt":{"rendered":"<p><span style=\"color: #0000ff;\"><em><strong>Dyna Innolife l\u2019attelle sert \u00e0 prot\u00e9ger le pouce, diminuer la douleur et permettre la cicatrisation.<\/strong><\/em><\/span><\/p>","protected":false},"featured_media":150251,"comment_status":"open","ping_status":"closed","template":"","meta":{"_acf_changed":false},"product_brand":[1591],"product_cat":[23],"product_tag":[],"class_list":{"0":"post-149731","1":"product","2":"type-product","3":"status-publish","4":"has-post-thumbnail","6":"product_brand-dynamic-medicals","7":"product_cat-orthopedie_contention","9":"first","10":"instock","11":"taxable","12":"shipping-taxable","13":"purchasable","14":"product-type-simple"},"acf":[],"_links":{"self":[{"href":"https:\/\/pharmacima.com\/ar\/wp-json\/wp\/v2\/product\/149731","targetHints":{"allow":["GET"]}}],"collection":[{"href":"https:\/\/pharmacima.com\/ar\/wp-json\/wp\/v2\/product"}],"about":[{"href":"https:\/\/pharmacima.com\/ar\/wp-json\/wp\/v2\/types\/product"}],"replies":[{"embeddable":true,"href":"https:\/\/pharmacima.com\/ar\/wp-json\/wp\/v2\/comments?post=149731"}],"wp:featuredmedia":[{"embeddable":true,"href":"https:\/\/pharmacima.com\/ar\/wp-json\/wp\/v2\/media\/150251"}],"wp:attachment":[{"href":"https:\/\/pharmacima.com\/ar\/wp-json\/wp\/v2\/media?parent=149731"}],"wp:term":[{"taxonomy":"product_brand","embeddable":true,"href":"https:\/\/pharmacima.com\/ar\/wp-json\/wp\/v2\/product_brand?post=149731"},{"taxonomy":"product_cat","embeddable":true,"href":"https:\/\/pharmacima.com\/ar\/wp-json\/wp\/v2\/product_cat?post=149731"},{"taxonomy":"product_tag","embeddable":true,"href":"https:\/\/pharmacima.com\/ar\/wp-json\/wp\/v2\/product_tag?post=149731"}],"curies":[{"name":"wp","href":"https:\/\/api.w.org\/{rel}","templated":true}]}}