{"id":149785,"date":"2026-02-11T16:14:03","date_gmt":"2026-02-11T15:14:03","guid":{"rendered":"https:\/\/pharmacima.com\/?post_type=product&#038;p=149785"},"modified":"2026-02-11T17:34:23","modified_gmt":"2026-02-11T16:34:23","slug":"shampooing-anti-poux-et-lentes-200ml-expertone","status":"publish","type":"product","link":"https:\/\/pharmacima.com\/ar\/product\/shampooing-anti-poux-et-lentes-200ml-expertone\/","title":{"rendered":"Shampooing Anti poux et Lentes 200ml Expertone"},"content":{"rendered":"<h1><strong>\u0648\u0635\u0641 :\u00a0<\/strong><\/h1>\n<h2 data-start=\"190\" data-end=\"277\"><strong>Le Shampooing Anti-Poux &amp; Lentes Expertone est un shampooing sp\u00e9cial con\u00e7u pour :<\/strong><\/h2>\n<ul data-start=\"278\" data-end=\"402\">\n<li data-start=\"278\" data-end=\"314\">\n<h2 data-start=\"280\" data-end=\"314\"><strong>\u00e9liminer les poux et les lentes<\/strong><\/h2>\n<\/li>\n<li data-start=\"315\" data-end=\"359\">\n<h2 data-start=\"317\" data-end=\"359\"><strong>nettoyer les cheveux et le cuir chevelu<\/strong><\/h2>\n<\/li>\n<li data-start=\"360\" data-end=\"402\">\n<h2 data-start=\"362\" data-end=\"402\"><strong>prot\u00e9ger et respecter le cuir chevelu<\/strong><\/h2>\n<\/li>\n<\/ul>\n<h2 data-start=\"404\" data-end=\"653\"><strong>Il peut \u00eatre utilis\u00e9 par les adultes et les enfants \u00e0 partir de 2 ans et convient \u00e0 tous les types de cheveux. Il est souvent utilis\u00e9 comme traitement contre les infestations de poux dans toute la famille.<\/strong><\/h2>\n<p>&nbsp;<\/p>\n<h2><strong>\u0627\u0644\u062a\u0631\u0643\u064a\u0628\u0629 :\u00a0<\/strong><\/h2>\n<p data-start=\"707\" data-end=\"762\">Voici les ingr\u00e9dients mentionn\u00e9s pour ce shampooing :<\/p>\n<ul data-start=\"764\" data-end=\"1005\">\n<li data-start=\"764\" data-end=\"779\">\n<p data-start=\"766\" data-end=\"779\">\u0645\u0627\u0621<\/p>\n<\/li>\n<li data-start=\"780\" data-end=\"813\">\n<p data-start=\"782\" data-end=\"813\">Sodium sulfate<\/p>\n<\/li>\n<li data-start=\"814\" data-end=\"854\">\n<p data-start=\"816\" data-end=\"854\">Cocamidopropyl<\/p>\n<\/li>\n<li data-start=\"855\" data-end=\"890\">\n<p data-start=\"857\" data-end=\"890\">Acide dim\u00e9thylamine pyrrolidone<\/p>\n<\/li>\n<li data-start=\"891\" data-end=\"909\">\n<p data-start=\"893\" data-end=\"909\">\u062d\u0645\u0636 \u0627\u0644\u0644\u0628\u0646\u064a\u0643<\/p>\n<\/li>\n<li data-start=\"910\" data-end=\"921\">\n<p data-start=\"912\" data-end=\"921\">Glucose<\/p>\n<\/li>\n<li data-start=\"922\" data-end=\"1005\">\n<p data-start=\"924\" data-end=\"1005\">\u0623\u0644\u0627\u0646\u062a\u0648\u064a\u0646<\/p>\n<\/li>\n<\/ul>\n<h2>\u0646\u0635\u0627\u0626\u062d \u0627\u0644\u0627\u0633\u062a\u0639\u0645\u0627\u0644 :<\/h2>\n<ul>\n<li data-start=\"1221\" data-end=\"1275\">\n<h4 data-start=\"1224\" data-end=\"1275\">Appliquer le shampooing sur cheveux mouill\u00e9s<\/h4>\n<\/li>\n<li data-start=\"1276\" data-end=\"1314\">\n<h4 data-start=\"1279\" data-end=\"1314\"><strong>Masser doucement le cuir chevelu<\/strong><\/h4>\n<\/li>\n<li data-start=\"1315\" data-end=\"1352\">\n<h4 data-start=\"1318\" data-end=\"1352\"><strong>Laisser agir 5 \u00e0 10 minutes<\/strong><\/h4>\n<\/li>\n<li data-start=\"1353\" data-end=\"1377\">\n<h4 data-start=\"1356\" data-end=\"1377\"><strong>\u0634\u0637\u0641 \u062c\u064a\u062f\u0627<\/strong><\/h4>\n<\/li>\n<li data-start=\"1378\" data-end=\"1440\">\n<h4 data-start=\"1381\" data-end=\"1440\"><strong>Passer un peigne fin pour enlever les poux et lentes<\/strong><\/h4>\n<\/li>\n<li data-start=\"1441\" data-end=\"1547\">\n<h4 data-start=\"1444\" data-end=\"1547\"><strong>Faire 2 applications successives pour un meilleur r\u00e9sultat<\/strong><\/h4>\n<\/li>\n<\/ul>","protected":false},"excerpt":{"rendered":"<p><span style=\"color: #0000ff;\"><em><strong>Expertone, <\/strong><\/em><\/span><span style=\"color: #0000ff;\"><em><strong>Shampooing Anti-Poux &amp; Lentes Expertone est un produit capillaire qui \u00e9limine les poux et les lentes tout en nettoyant et apaisant le cuir chevelu.<\/strong><\/em><\/span><\/p>","protected":false},"featured_media":149797,"comment_status":"open","ping_status":"closed","template":"","meta":{"_acf_changed":false},"product_brand":[1594],"product_cat":[102,138],"product_tag":[],"class_list":{"0":"post-149785","1":"product","2":"type-product","3":"status-publish","4":"has-post-thumbnail","6":"product_brand-expertone","7":"product_cat-soin-et-bien-etre","8":"product_cat-cheveux_","10":"first","11":"instock","12":"taxable","13":"shipping-taxable","14":"purchasable","15":"product-type-simple"},"acf":[],"_links":{"self":[{"href":"https:\/\/pharmacima.com\/ar\/wp-json\/wp\/v2\/product\/149785","targetHints":{"allow":["GET"]}}],"collection":[{"href":"https:\/\/pharmacima.com\/ar\/wp-json\/wp\/v2\/product"}],"about":[{"href":"https:\/\/pharmacima.com\/ar\/wp-json\/wp\/v2\/types\/product"}],"replies":[{"embeddable":true,"href":"https:\/\/pharmacima.com\/ar\/wp-json\/wp\/v2\/comments?post=149785"}],"wp:featuredmedia":[{"embeddable":true,"href":"https:\/\/pharmacima.com\/ar\/wp-json\/wp\/v2\/media\/149797"}],"wp:attachment":[{"href":"https:\/\/pharmacima.com\/ar\/wp-json\/wp\/v2\/media?parent=149785"}],"wp:term":[{"taxonomy":"product_brand","embeddable":true,"href":"https:\/\/pharmacima.com\/ar\/wp-json\/wp\/v2\/product_brand?post=149785"},{"taxonomy":"product_cat","embeddable":true,"href":"https:\/\/pharmacima.com\/ar\/wp-json\/wp\/v2\/product_cat?post=149785"},{"taxonomy":"product_tag","embeddable":true,"href":"https:\/\/pharmacima.com\/ar\/wp-json\/wp\/v2\/product_tag?post=149785"}],"curies":[{"name":"wp","href":"https:\/\/api.w.org\/{rel}","templated":true}]}}