{"id":149789,"date":"2026-02-11T16:31:33","date_gmt":"2026-02-11T15:31:33","guid":{"rendered":"https:\/\/pharmacima.com\/?post_type=product&#038;p=149789"},"modified":"2026-02-11T16:31:33","modified_gmt":"2026-02-11T15:31:33","slug":"creme-reparatrice-120ml-cicatryl-acm","status":"publish","type":"product","link":"https:\/\/pharmacima.com\/ar\/product\/creme-reparatrice-120ml-cicatryl-acm\/","title":{"rendered":"Creme Reparatrice 120ml cicatryl Acm"},"content":{"rendered":"<h1><strong>\u0648\u0635\u0641 :\u00a0<\/strong><\/h1>\n<h2 data-start=\"385\" data-end=\"530\">La cr\u00e8me r\u00e9paratrice cicatryl Acm Repair 120 ml est un soin dermatologique con\u00e7u pour r\u00e9parer et apaiser la peau fragilis\u00e9e. Elle aide \u00e0 calmer les rougeurs, les irritations et les l\u00e9sions superficielles, tout en favorisant la reconstruction de la barri\u00e8re cutan\u00e9e.<\/h2>\n<h2 data-start=\"385\" data-end=\"530\">Ce produit est utilis\u00e9 pour les peaux ab\u00eem\u00e9es par des agressions ext\u00e9rieures comme le froid, les frottements, les br\u00fblures l\u00e9g\u00e8res, les plaies superficielles ou les traitements dermatologiques.<\/h2>\n<h2 data-start=\"385\" data-end=\"530\">Sa texture est non grasse, p\u00e9n\u00e8tre rapidement et convient au visage et au corps ainsi qu\u2019\u00e0 toute la famille.<\/h2>\n<p>&nbsp;<\/p>\n<h2><strong>\u0627\u0644\u062a\u0631\u0643\u064a\u0628\u0629 :\u00a0<\/strong><\/h2>\n<p>la cr\u00e8me cicatryl Acm Repair contient de l\u2019eau, des agents \u00e9mollients comme l\u2019alcool c\u00e9t\u00e9arylique, la paraffine et le petrolatum, des agents hydratants comme le PEG-8 et l\u2019hydrolysat d\u2019amidon hydrog\u00e9n\u00e9, ainsi que des ingr\u00e9dients actifs tels que l\u2019allanto\u00efne qui apaise et favorise la r\u00e9paration de la peau, l\u2019acide hyaluronique pour l\u2019hydratation, l\u2019acide lactique et la vitamine E (tocoph\u00e9rol) pour prot\u00e9ger la peau et am\u00e9liorer la cicatrisation. On trouve aussi des agents conservateurs comme le benzoate de sodium et des agents \u00e9mulsifiants pour stabiliser la cr\u00e8me.<\/p>\n<p>&nbsp;<\/p>\n<h2><strong>CONSEILS D&rsquo;UTILISATIONS :\u00a0<\/strong><\/h2>\n<p>il est recommand\u00e9 d\u2019appliquer la cr\u00e8me sur une peau propre et s\u00e8che une \u00e0 deux fois par jour, puis de masser doucement jusqu\u2019\u00e0 absorption compl\u00e8te.<\/p>\n<p>Elle peut \u00eatre utilis\u00e9e quotidiennement ou selon les besoins, notamment sur les zones irrit\u00e9es ou ab\u00eem\u00e9es.<\/p>\n<p>Il faut \u00e9viter le contact avec les yeux et ne pas l\u2019appliquer sur des plaies infect\u00e9es sans avis m\u00e9dical.<\/p>\n<p>&nbsp;<\/p>","protected":false},"excerpt":{"rendered":"<p>DESCRIPTION :\u00a0 La cr\u00e8me r\u00e9paratrice cicatryl Acm Repair 120 ml est un soin dermatologique con\u00e7u pour r\u00e9parer et apaiser la peau fragilis\u00e9e. Elle aide \u00e0 calmer les rougeurs, les irritations et les l\u00e9sions superficielles, tout en favorisant la reconstruction de la barri\u00e8re cutan\u00e9e. Ce produit est utilis\u00e9 pour les peaux ab\u00eem\u00e9es par des agressions ext\u00e9rieures [&hellip;]<\/p>\n","protected":false},"featured_media":149790,"comment_status":"open","ping_status":"closed","template":"","meta":{"_acf_changed":false},"product_brand":[1595,1567],"product_cat":[1584],"product_tag":[],"class_list":{"0":"post-149789","1":"product","2":"type-product","3":"status-publish","4":"has-post-thumbnail","6":"product_brand-cicatryl","7":"product_brand-acm","8":"product_cat-cicatrices","10":"first","11":"instock","12":"taxable","13":"shipping-taxable","14":"purchasable","15":"product-type-simple"},"acf":[],"_links":{"self":[{"href":"https:\/\/pharmacima.com\/ar\/wp-json\/wp\/v2\/product\/149789","targetHints":{"allow":["GET"]}}],"collection":[{"href":"https:\/\/pharmacima.com\/ar\/wp-json\/wp\/v2\/product"}],"about":[{"href":"https:\/\/pharmacima.com\/ar\/wp-json\/wp\/v2\/types\/product"}],"replies":[{"embeddable":true,"href":"https:\/\/pharmacima.com\/ar\/wp-json\/wp\/v2\/comments?post=149789"}],"wp:featuredmedia":[{"embeddable":true,"href":"https:\/\/pharmacima.com\/ar\/wp-json\/wp\/v2\/media\/149790"}],"wp:attachment":[{"href":"https:\/\/pharmacima.com\/ar\/wp-json\/wp\/v2\/media?parent=149789"}],"wp:term":[{"taxonomy":"product_brand","embeddable":true,"href":"https:\/\/pharmacima.com\/ar\/wp-json\/wp\/v2\/product_brand?post=149789"},{"taxonomy":"product_cat","embeddable":true,"href":"https:\/\/pharmacima.com\/ar\/wp-json\/wp\/v2\/product_cat?post=149789"},{"taxonomy":"product_tag","embeddable":true,"href":"https:\/\/pharmacima.com\/ar\/wp-json\/wp\/v2\/product_tag?post=149789"}],"curies":[{"name":"wp","href":"https:\/\/api.w.org\/{rel}","templated":true}]}}