{"id":149792,"date":"2026-02-11T17:13:37","date_gmt":"2026-02-11T16:13:37","guid":{"rendered":"https:\/\/pharmacima.com\/?post_type=product&#038;p=149792"},"modified":"2026-02-11T17:42:08","modified_gmt":"2026-02-11T16:42:08","slug":"creme-change-123-75ml-maxi-chazen","status":"publish","type":"product","link":"https:\/\/pharmacima.com\/ar\/product\/creme-change-123-75ml-maxi-chazen\/","title":{"rendered":"creme change 123 75ml Maxi Chazen"},"content":{"rendered":"<h2><strong>\u0648\u0635\u0641 :\u00a0<\/strong><\/h2>\n<p>La Maxi Chazen Cr\u00e8me Change B\u00e9b\u00e9 est sp\u00e9cialement formul\u00e9e pour prot\u00e9ger et apaiser la peau fragile des tout-petits contre les agressions ext\u00e9rieures li\u00e9es au port de la couche.<\/p>\n<p>Sa formule enrichie en\u00a0<strong>oxyde de zinc<\/strong>, connu pour ses propri\u00e9t\u00e9s protectrices et absorbantes, forme une barri\u00e8re efficace contre l\u2019humidit\u00e9 et pr\u00e9vient l\u2019apparition des rougeurs et irritations.<\/p>\n<p>Gr\u00e2ce \u00e0 la\u00a0<strong>pr\u00e9sence d\u2019extraits naturels apaisants<\/strong>, comme l\u2019<strong>alo\u00e9 vera<\/strong>\u00a0et l\u2019<strong>huile d\u2019amande douce<\/strong>,creme change cette cr\u00e8me hydrate intens\u00e9ment, r\u00e9duit les sensations d\u2019inconfort et favorise la r\u00e9g\u00e9n\u00e9ration de la peau.<\/p>\n<p>Sa texture onctueuse s\u2019applique facilement, p\u00e9n\u00e8tre rapidement sans laisser de film gras et laisse un voile protecteur qui respecte l\u2019\u00e9quilibre cutan\u00e9 de b\u00e9b\u00e9.<\/p>\n<p>&nbsp;<\/p>\n<p>Les bienfaits\u00a0 :<\/p>\n<ul>\n<li>\u00a0Prot\u00e8ge la peau contre les rougeurs et irritations<\/li>\n<li>Forme une barri\u00e8re protectrice contre l\u2019humidit\u00e9<\/li>\n<li>Apaise et hydrate en profondeur<\/li>\n<li>Test\u00e9e dermatologiquement, adapt\u00e9e aux peaux sensibles<\/li>\n<li>Texture non collante pour une application facile<\/li>\n<\/ul>\n<h2><strong>\u0627\u0633\u062a\u062e\u062f\u0627\u0645 \u0627\u0644\u0645\u0634\u0648\u0631\u0629:\u00a0<\/strong><\/h2>\n<p>Appliquer une fine couche sur une peau propre et s\u00e8che \u00e0 chaque change, en insistant sur les zones les plus expos\u00e9es aux frottements.<\/p>\n<h2><strong>\u0627\u0644\u062a\u0631\u0643\u064a\u0628\u0629 :\u00a0<\/strong><\/h2>\n<p>Oxyde de zinc, extrait d\u2019alo\u00e9 vera, huile d\u2019amande douce, agents hydratants, agents protecteurs, huiles apaisantes, \u00e9mollients, excipients de texture, eau<\/p>","protected":false},"excerpt":{"rendered":"<p>DESCRIPTION :\u00a0 La Maxi Chazen Cr\u00e8me Change B\u00e9b\u00e9 est sp\u00e9cialement formul\u00e9e pour prot\u00e9ger et apaiser la peau fragile des tout-petits contre les agressions ext\u00e9rieures li\u00e9es au port de la couche. Sa formule enrichie en\u00a0oxyde de zinc, connu pour ses propri\u00e9t\u00e9s protectrices et absorbantes, forme une barri\u00e8re efficace contre l\u2019humidit\u00e9 et pr\u00e9vient l\u2019apparition des rougeurs et [&hellip;]<\/p>\n","protected":false},"featured_media":149798,"comment_status":"open","ping_status":"closed","template":"","meta":{"_acf_changed":false},"product_brand":[1597],"product_cat":[102,139],"product_tag":[],"class_list":{"0":"post-149792","1":"product","2":"type-product","3":"status-publish","4":"has-post-thumbnail","6":"product_brand-maxi-chazen","7":"product_cat-soin-et-bien-etre","8":"product_cat-corps_","10":"first","11":"instock","12":"taxable","13":"shipping-taxable","14":"purchasable","15":"product-type-simple"},"acf":[],"_links":{"self":[{"href":"https:\/\/pharmacima.com\/ar\/wp-json\/wp\/v2\/product\/149792","targetHints":{"allow":["GET"]}}],"collection":[{"href":"https:\/\/pharmacima.com\/ar\/wp-json\/wp\/v2\/product"}],"about":[{"href":"https:\/\/pharmacima.com\/ar\/wp-json\/wp\/v2\/types\/product"}],"replies":[{"embeddable":true,"href":"https:\/\/pharmacima.com\/ar\/wp-json\/wp\/v2\/comments?post=149792"}],"wp:featuredmedia":[{"embeddable":true,"href":"https:\/\/pharmacima.com\/ar\/wp-json\/wp\/v2\/media\/149798"}],"wp:attachment":[{"href":"https:\/\/pharmacima.com\/ar\/wp-json\/wp\/v2\/media?parent=149792"}],"wp:term":[{"taxonomy":"product_brand","embeddable":true,"href":"https:\/\/pharmacima.com\/ar\/wp-json\/wp\/v2\/product_brand?post=149792"},{"taxonomy":"product_cat","embeddable":true,"href":"https:\/\/pharmacima.com\/ar\/wp-json\/wp\/v2\/product_cat?post=149792"},{"taxonomy":"product_tag","embeddable":true,"href":"https:\/\/pharmacima.com\/ar\/wp-json\/wp\/v2\/product_tag?post=149792"}],"curies":[{"name":"wp","href":"https:\/\/api.w.org\/{rel}","templated":true}]}}