{"id":149894,"date":"2026-02-16T17:43:09","date_gmt":"2026-02-16T16:43:09","guid":{"rendered":"https:\/\/pharmacima.com\/?post_type=product&#038;p=149894"},"modified":"2026-03-15T14:21:24","modified_gmt":"2026-03-15T13:21:24","slug":"kids-dentifrice-gel-fruite-50g-prosuitex","status":"publish","type":"product","link":"https:\/\/pharmacima.com\/ar\/product\/kids-dentifrice-gel-fruite-50g-prosuitex\/","title":{"rendered":"Kids Dentifrice Gel Fruit 50g Prosuitex"},"content":{"rendered":"<h1><strong>\u0648\u0635\u0641 :\u00a0<\/strong><\/h1>\n<h2 data-start=\"76\" data-end=\"429\"><strong>Le dentifrice Kids Gel Fruit\u00e9 PROSUITEX est sp\u00e9cialement con\u00e7u pour l\u2019hygi\u00e8ne bucco-dentaire quotidienne des enfants.<\/strong><\/h2>\n<p data-start=\"76\" data-end=\"429\">Sa formule douce aide \u00e0 nettoyer efficacement les dents tout en respectant l\u2019\u00e9mail fragile des plus jeunes. Gr\u00e2ce \u00e0 son go\u00fbt fruit\u00e9 agr\u00e9able, il encourage les enfants \u00e0 adopter de bonnes habitudes de brossage d\u00e8s le plus jeune \u00e2ge.<\/p>\n<p data-start=\"431\" data-end=\"707\">Ce dentifrice contribue \u00e0 prot\u00e9ger contre la formation de la plaque dentaire et participe \u00e0 la pr\u00e9vention des caries, tout en procurant une sensation de fra\u00eecheur durable. Son format pratique de 50 g est id\u00e9al pour une utilisation quotidienne \u00e0 la maison comme en d\u00e9placement.<\/p>\n<h2 data-start=\"431\" data-end=\"707\">\u0641\u0648\u0627\u0626\u062f:<\/h2>\n<ul data-start=\"729\" data-end=\"891\">\n<li data-start=\"729\" data-end=\"766\">\n<p data-start=\"731\" data-end=\"766\">Formule douce adapt\u00e9e aux enfants<\/p>\n<\/li>\n<li data-start=\"767\" data-end=\"791\">\n<p data-start=\"769\" data-end=\"791\">Go\u00fbt fruit\u00e9 appr\u00e9ci\u00e9<\/p>\n<\/li>\n<li data-start=\"792\" data-end=\"829\">\n<p data-start=\"794\" data-end=\"829\">Aide \u00e0 prot\u00e9ger contre les caries<\/p>\n<\/li>\n<li data-start=\"830\" data-end=\"891\">\n<p data-start=\"832\" data-end=\"891\">Favorise de bonnes habitudes de brossage d\u00e8s le jeune \u00e2ge<\/p>\n<\/li>\n<\/ul>","protected":false},"excerpt":{"rendered":"<h2><span style=\"color: #ff0000;\"><strong>De 2 A 6 ans.<\/strong><\/span><\/h2>","protected":false},"featured_media":149895,"comment_status":"open","ping_status":"closed","template":"","meta":{"_acf_changed":false},"product_brand":[1601],"product_cat":[1598],"product_tag":[],"class_list":{"0":"post-149894","1":"product","2":"type-product","3":"status-publish","4":"has-post-thumbnail","6":"product_brand-prosuitex","7":"product_cat-hygiene-bucco-dentaire","8":"pa_gout-_parfum-fruits_","9":"pa_gout-_parfum-ice-cream","10":"pa_gout-_parfum-miel","12":"first","13":"instock","14":"taxable","15":"shipping-taxable","16":"purchasable","17":"product-type-variable"},"acf":[],"_links":{"self":[{"href":"https:\/\/pharmacima.com\/ar\/wp-json\/wp\/v2\/product\/149894","targetHints":{"allow":["GET"]}}],"collection":[{"href":"https:\/\/pharmacima.com\/ar\/wp-json\/wp\/v2\/product"}],"about":[{"href":"https:\/\/pharmacima.com\/ar\/wp-json\/wp\/v2\/types\/product"}],"replies":[{"embeddable":true,"href":"https:\/\/pharmacima.com\/ar\/wp-json\/wp\/v2\/comments?post=149894"}],"wp:featuredmedia":[{"embeddable":true,"href":"https:\/\/pharmacima.com\/ar\/wp-json\/wp\/v2\/media\/149895"}],"wp:attachment":[{"href":"https:\/\/pharmacima.com\/ar\/wp-json\/wp\/v2\/media?parent=149894"}],"wp:term":[{"taxonomy":"product_brand","embeddable":true,"href":"https:\/\/pharmacima.com\/ar\/wp-json\/wp\/v2\/product_brand?post=149894"},{"taxonomy":"product_cat","embeddable":true,"href":"https:\/\/pharmacima.com\/ar\/wp-json\/wp\/v2\/product_cat?post=149894"},{"taxonomy":"product_tag","embeddable":true,"href":"https:\/\/pharmacima.com\/ar\/wp-json\/wp\/v2\/product_tag?post=149894"}],"curies":[{"name":"wp","href":"https:\/\/api.w.org\/{rel}","templated":true}]}}