{"id":149912,"date":"2026-02-17T16:00:48","date_gmt":"2026-02-17T15:00:48","guid":{"rendered":"https:\/\/pharmacima.com\/?post_type=product&#038;p=149912"},"modified":"2026-02-17T16:39:13","modified_gmt":"2026-02-17T15:39:13","slug":"hemocure-creme-des-hemorroides-ldm","status":"publish","type":"product","link":"https:\/\/pharmacima.com\/ar\/product\/hemocure-creme-des-hemorroides-ldm\/","title":{"rendered":"Hemocure Creme des Hemorroides LDM"},"content":{"rendered":"<h1><strong>\u0648\u0635\u0641 :\u00a0<\/strong><\/h1>\n<h2><strong>LDM H\u00e9mocure Cr\u00e8me Rectale est une cr\u00e8me locale destin\u00e9e \u00e0 soulager les douleurs, d\u00e9mangeaisons et sensations de congestion associ\u00e9es aux crises d\u2019h\u00e9morro\u00efdes et autres affections anales.<\/strong><\/h2>\n<p>&nbsp;<\/p>\n<h2><strong>\u0627\u0644\u062a\u0631\u0643\u064a\u0628\u0629 :\u00a0<\/strong><\/h2>\n<ul>\n<li data-start=\"755\" data-end=\"835\">\n<p data-start=\"757\" data-end=\"835\">Carragh\u00e9nates \u2013 agents filmog\u00e8nes qui aident \u00e0 prot\u00e9ger la zone irrit\u00e9e.<\/p>\n<\/li>\n<li data-start=\"836\" data-end=\"936\">\n<p data-start=\"838\" data-end=\"936\">Oxyde de zinc \u2013 substance protectrice qui forme une barri\u00e8re et contribue \u00e0 apaiser la peau.<\/p>\n<\/li>\n<li data-start=\"937\" data-end=\"1018\">\n<p data-start=\"939\" data-end=\"1018\">Dioxyde de titane \u2013 agent qui peut avoir un effet protecteur sur la peau.<\/p>\n<\/li>\n<li data-start=\"1019\" data-end=\"1283\">\n<p data-start=\"1021\" data-end=\"1283\">Propyl\u00e8ne glycol, dim\u00e9ticone, cellulose microcristalline, sorbate de potassium, LABRAFIL, macrogol palmitost\u00e9arat, sepicide HB, eau purifi\u00e9e \u2013 excipients qui stabilisent la texture et facilitent l\u2019application du produit.<\/p>\n<\/li>\n<\/ul>\n<h2><strong>\u0646\u0635\u0627\u0626\u062d \u0627\u0644\u0627\u0633\u062a\u0639\u0645\u0627\u0644 :\u00a0<\/strong><\/h2>\n<ul>\n<li data-start=\"1830\" data-end=\"1946\">\n<p data-start=\"1832\" data-end=\"1946\">Appliquer une fine couche de cr\u00e8me sur la zone affect\u00e9e 1 \u00e0 4 fois par jour, surtout apr\u00e8s chaque selle.<\/p>\n<\/li>\n<li data-start=\"1947\" data-end=\"2011\">\n<p data-start=\"1949\" data-end=\"2011\">Ne pas d\u00e9passer 7 jours d\u2019utilisation sans avis m\u00e9dical.<\/p>\n<\/li>\n<li data-start=\"2012\" data-end=\"2154\">\n<p data-start=\"2014\" data-end=\"2154\">Arr\u00eater l\u2019utilisation et consulter un m\u00e9decin si les sympt\u00f4mes ne s\u2019am\u00e9liorent pas ou s\u2019aggravent.<\/p>\n<\/li>\n<\/ul>","protected":false},"excerpt":{"rendered":"<p><em><strong><span style=\"color: #0000ff;\">Hemocure LDM<\/span>,<\/strong> <strong>est une cr\u00e8me locale apaisante pour les sympt\u00f4mes des h\u00e9morro\u00efdes.<\/strong><\/em><\/p>","protected":false},"featured_media":149913,"comment_status":"open","ping_status":"closed","template":"","meta":{"_acf_changed":false},"product_brand":[1558],"product_cat":[102],"product_tag":[],"class_list":{"0":"post-149912","1":"product","2":"type-product","3":"status-publish","4":"has-post-thumbnail","6":"product_brand-l-d-m","7":"product_cat-soin-et-bien-etre","9":"first","10":"instock","11":"taxable","12":"shipping-taxable","13":"purchasable","14":"product-type-simple"},"acf":[],"_links":{"self":[{"href":"https:\/\/pharmacima.com\/ar\/wp-json\/wp\/v2\/product\/149912","targetHints":{"allow":["GET"]}}],"collection":[{"href":"https:\/\/pharmacima.com\/ar\/wp-json\/wp\/v2\/product"}],"about":[{"href":"https:\/\/pharmacima.com\/ar\/wp-json\/wp\/v2\/types\/product"}],"replies":[{"embeddable":true,"href":"https:\/\/pharmacima.com\/ar\/wp-json\/wp\/v2\/comments?post=149912"}],"wp:featuredmedia":[{"embeddable":true,"href":"https:\/\/pharmacima.com\/ar\/wp-json\/wp\/v2\/media\/149913"}],"wp:attachment":[{"href":"https:\/\/pharmacima.com\/ar\/wp-json\/wp\/v2\/media?parent=149912"}],"wp:term":[{"taxonomy":"product_brand","embeddable":true,"href":"https:\/\/pharmacima.com\/ar\/wp-json\/wp\/v2\/product_brand?post=149912"},{"taxonomy":"product_cat","embeddable":true,"href":"https:\/\/pharmacima.com\/ar\/wp-json\/wp\/v2\/product_cat?post=149912"},{"taxonomy":"product_tag","embeddable":true,"href":"https:\/\/pharmacima.com\/ar\/wp-json\/wp\/v2\/product_tag?post=149912"}],"curies":[{"name":"wp","href":"https:\/\/api.w.org\/{rel}","templated":true}]}}