{"id":149949,"date":"2026-02-21T13:55:01","date_gmt":"2026-02-21T12:55:01","guid":{"rendered":"https:\/\/pharmacima.com\/?post_type=product&#038;p=149949"},"modified":"2026-02-23T15:07:22","modified_gmt":"2026-02-23T14:07:22","slug":"savon-au-lait-de-chevre-abusaad","status":"publish","type":"product","link":"https:\/\/pharmacima.com\/ar\/product\/savon-au-lait-de-chevre-abusaad\/","title":{"rendered":"Savon au lait de chevre ABUSAAD"},"content":{"rendered":"<h1><strong>\u0648\u0635\u0641 :\u00a0<\/strong><\/h1>\n<h2><strong>\u0627\u0644 <em data-start=\"157\" data-end=\"190\">Savon au lait de ch\u00e8vre ABUSAAD Cosm\u00e9tiques, <\/em>\u00a0est un savon naturel solide, souvent artisanal, con\u00e7u pour nettoyer la peau tout en douceur gr\u00e2ce \u00e0 sa formule enrichie en lait de ch\u00e8vre.<\/strong><\/h2>\n<p>Il est particuli\u00e8rement adapt\u00e9 aux peaux sensibles, s\u00e8ches ou sujettes aux irritations, car il apporte une action hydratante, apaisante et nutritive sans d\u00e9caper la peau. Sa mousse cr\u00e9meuse aide \u00e0 \u00e9liminer les impuret\u00e9s tout en respectant le film hydrolipidique de la peau, laissant une sensation de douceur, de confort et de souplesse apr\u00e8s chaque utilisation.<\/p>\n<h2><\/h2>\n<h2><strong>\u0627\u0644\u062a\u0631\u0643\u064a\u0628\u0629 :\u00a0<\/strong><\/h2>\n<ul>\n<li data-start=\"887\" data-end=\"1120\">\n<p data-start=\"889\" data-end=\"1120\">Lait de ch\u00e8vre frais, \u00a0riche en acides gras, vitamines (A, B, C, D) et antioxydants, ce qui aide \u00e0 hydrater la peau, nourrir en profondeur et apaiser les irritations.<\/p>\n<\/li>\n<li data-start=\"1121\" data-end=\"1378\">\n<p data-start=\"1123\" data-end=\"1378\">Base lavante v\u00e9g\u00e9tale,\u00a0issue d\u2019huiles naturelles (olive, coco), cette base garantit une mousse douce et un nettoyage efficace sans agresser l\u2019\u00e9piderme.<\/p>\n<\/li>\n<li data-start=\"1379\" data-end=\"1553\">\n<p data-start=\"1381\" data-end=\"1553\">Glyc\u00e9rine naturelle,\u00a0agent humectant qui attire et retient l\u2019eau dans la peau pour une hydratation plus durable.<\/p>\n<\/li>\n<li data-start=\"1554\" data-end=\"1664\">\n<p data-start=\"1556\" data-end=\"1664\">Eau, \u00a0pour aider \u00e0 la formulation et \u00e0 la texture du savon.<\/p>\n<\/li>\n<\/ul>","protected":false},"excerpt":{"rendered":"<p><span style=\"color: #0000ff;\"><em><strong>Savon au lait de chevre ABUSAAD Cosm\u00e9tiques,\u00a0<\/strong><\/em><\/span><\/p>\n<p>Blanchit et adoucit la peau, Anti rides, Elimine Les cellule et renouvelle les cellules de la peau<\/p>","protected":false},"featured_media":149980,"comment_status":"open","ping_status":"closed","template":"","meta":{"_acf_changed":false},"product_brand":[1606],"product_cat":[102,137],"product_tag":[],"class_list":{"0":"post-149949","1":"product","2":"type-product","3":"status-publish","4":"has-post-thumbnail","6":"product_brand-abusaad","7":"product_cat-soin-et-bien-etre","8":"product_cat-visage","10":"first","11":"instock","12":"taxable","13":"shipping-taxable","14":"purchasable","15":"product-type-simple"},"acf":[],"_links":{"self":[{"href":"https:\/\/pharmacima.com\/ar\/wp-json\/wp\/v2\/product\/149949","targetHints":{"allow":["GET"]}}],"collection":[{"href":"https:\/\/pharmacima.com\/ar\/wp-json\/wp\/v2\/product"}],"about":[{"href":"https:\/\/pharmacima.com\/ar\/wp-json\/wp\/v2\/types\/product"}],"replies":[{"embeddable":true,"href":"https:\/\/pharmacima.com\/ar\/wp-json\/wp\/v2\/comments?post=149949"}],"wp:featuredmedia":[{"embeddable":true,"href":"https:\/\/pharmacima.com\/ar\/wp-json\/wp\/v2\/media\/149980"}],"wp:attachment":[{"href":"https:\/\/pharmacima.com\/ar\/wp-json\/wp\/v2\/media?parent=149949"}],"wp:term":[{"taxonomy":"product_brand","embeddable":true,"href":"https:\/\/pharmacima.com\/ar\/wp-json\/wp\/v2\/product_brand?post=149949"},{"taxonomy":"product_cat","embeddable":true,"href":"https:\/\/pharmacima.com\/ar\/wp-json\/wp\/v2\/product_cat?post=149949"},{"taxonomy":"product_tag","embeddable":true,"href":"https:\/\/pharmacima.com\/ar\/wp-json\/wp\/v2\/product_tag?post=149949"}],"curies":[{"name":"wp","href":"https:\/\/api.w.org\/{rel}","templated":true}]}}