{"id":149955,"date":"2026-02-21T15:42:14","date_gmt":"2026-02-21T14:42:14","guid":{"rendered":"https:\/\/pharmacima.com\/?post_type=product&#038;p=149955"},"modified":"2026-02-23T17:38:22","modified_gmt":"2026-02-23T16:38:22","slug":"hemo-pommade-30g-dermilyne","status":"publish","type":"product","link":"https:\/\/pharmacima.com\/ar\/product\/hemo-pommade-30g-dermilyne\/","title":{"rendered":"Hemo+ Pommade 30g Dermilyne"},"content":{"rendered":"<h1><strong>\u0648\u0635\u0641 :\u00a0<\/strong><\/h1>\n<h2><strong>La pommade Dermilyne H\u00e9mo+ est un soin topique sp\u00e9cialement formul\u00e9 pour soulager et r\u00e9parer les sympt\u00f4mes li\u00e9s aux h\u00e9morro\u00efdes internes et externes ainsi qu\u2019aux fissures anales l\u00e9g\u00e8res.<\/strong><\/h2>\n<h2><strong> Elle est con\u00e7ue pour r\u00e9duire l\u2019inflammation, calmer la douleur, am\u00e9liorer le confort local et aider \u00e0 restaurer les tissus cutan\u00e9s irrit\u00e9s ou endommag\u00e9s.<\/strong><\/h2>\n<p>&nbsp;<\/p>\n<h2><strong>\u0627\u0644\u062a\u0631\u0643\u064a\u0628\u0629 :\u00a0<\/strong><\/h2>\n<ul>\n<li data-start=\"816\" data-end=\"1061\">\n<p data-start=\"818\" data-end=\"1061\">Huile de lentisque : reconnue pour ses propri\u00e9t\u00e9s d\u00e9congestionnantes lymphatique et veineuse, anti-inflammatoires et analg\u00e9siques, elle aide \u00e0 r\u00e9duire l\u2019\u0153d\u00e8me et l\u2019inconfort.<\/p>\n<\/li>\n<li data-start=\"1062\" data-end=\"1247\">\n<p data-start=\"1064\" data-end=\"1247\">Huile d\u2019olive vierge : riche en agents r\u00e9g\u00e9n\u00e9rants, elle contribue \u00e0 hydrater, apaiser et prot\u00e9ger la peau d\u00e9licate de la r\u00e9gion anale.<\/p>\n<\/li>\n<li data-start=\"1248\" data-end=\"1430\">\n<p data-start=\"1250\" data-end=\"1430\">Huile essentielle de lavande : poss\u00e8de des propri\u00e9t\u00e9s anti-inflammatoires et apaisantes qui contribuent \u00e0 calmer les tissus irrit\u00e9s.<\/p>\n<\/li>\n<li data-start=\"1431\" data-end=\"1629\">\n<p data-start=\"1433\" data-end=\"1629\">Huile essentielle de g\u00e9ranium : connue pour ses effets tonifiants et r\u00e9parateurs, elle am\u00e9liore la circulation et favorise la r\u00e9g\u00e9n\u00e9ration des tissus.<\/p>\n<\/li>\n<\/ul>\n<h2><strong>\u0646\u0635\u0627\u0626\u062d \u0627\u0644\u0627\u0633\u062a\u0639\u0645\u0627\u0644 :\u00a0<\/strong><\/h2>\n<ul>\n<li data-start=\"2765\" data-end=\"2888\">\n<p data-start=\"2768\" data-end=\"2888\">Nettoyez d\u00e9licatement la zone concern\u00e9e \u00e0 l\u2019eau ti\u00e8de et s\u00e9chez avec soin.<\/p>\n<\/li>\n<li data-start=\"2889\" data-end=\"3051\">\n<p data-start=\"2892\" data-end=\"3051\">Appliquez une petite quantit\u00e9 de pommade H\u00e9mo+ sur la r\u00e9gion anale, en interne et externe, selon les besoins.<\/p>\n<\/li>\n<li data-start=\"3052\" data-end=\"3188\">\n<p data-start=\"3055\" data-end=\"3188\">R\u00e9p\u00e9tez 2 \u00e0 3 fois par jour, de pr\u00e9f\u00e9rence apr\u00e8s les selles et le soir avant de dormir.<\/p>\n<\/li>\n<li data-start=\"3189\" data-end=\"3373\">\n<p data-start=\"3192\" data-end=\"3373\">Si un applicateur est fourni, assurez-vous qu\u2019il soit propre avant chaque usage et essuyez-le avec un coton propre apr\u00e8s l\u2019application.<\/p>\n<\/li>\n<li data-start=\"3374\" data-end=\"3516\">\n<p data-start=\"3377\" data-end=\"3516\">Conservez la pommade dans un endroit sec et \u00e0 l\u2019abri de la lumi\u00e8re, hors de port\u00e9e des enfants.<\/p>\n<\/li>\n<\/ul>","protected":false},"excerpt":{"rendered":"<p><span style=\"color: #0000ff;\"><em><strong>Hemo+ Pommade Dermilyne, Hemorroides Fissures anales\u00a0<\/strong><\/em><\/span><\/p>","protected":false},"featured_media":149984,"comment_status":"open","ping_status":"closed","template":"","meta":{"_acf_changed":false},"product_brand":[1605],"product_cat":[102],"product_tag":[],"class_list":{"0":"post-149955","1":"product","2":"type-product","3":"status-publish","4":"has-post-thumbnail","6":"product_brand-dermilyne-laboratoires","7":"product_cat-soin-et-bien-etre","9":"first","10":"instock","11":"taxable","12":"shipping-taxable","13":"purchasable","14":"product-type-simple"},"acf":[],"_links":{"self":[{"href":"https:\/\/pharmacima.com\/ar\/wp-json\/wp\/v2\/product\/149955","targetHints":{"allow":["GET"]}}],"collection":[{"href":"https:\/\/pharmacima.com\/ar\/wp-json\/wp\/v2\/product"}],"about":[{"href":"https:\/\/pharmacima.com\/ar\/wp-json\/wp\/v2\/types\/product"}],"replies":[{"embeddable":true,"href":"https:\/\/pharmacima.com\/ar\/wp-json\/wp\/v2\/comments?post=149955"}],"wp:featuredmedia":[{"embeddable":true,"href":"https:\/\/pharmacima.com\/ar\/wp-json\/wp\/v2\/media\/149984"}],"wp:attachment":[{"href":"https:\/\/pharmacima.com\/ar\/wp-json\/wp\/v2\/media?parent=149955"}],"wp:term":[{"taxonomy":"product_brand","embeddable":true,"href":"https:\/\/pharmacima.com\/ar\/wp-json\/wp\/v2\/product_brand?post=149955"},{"taxonomy":"product_cat","embeddable":true,"href":"https:\/\/pharmacima.com\/ar\/wp-json\/wp\/v2\/product_cat?post=149955"},{"taxonomy":"product_tag","embeddable":true,"href":"https:\/\/pharmacima.com\/ar\/wp-json\/wp\/v2\/product_tag?post=149955"}],"curies":[{"name":"wp","href":"https:\/\/api.w.org\/{rel}","templated":true}]}}