{"id":149957,"date":"2026-02-21T16:02:39","date_gmt":"2026-02-21T15:02:39","guid":{"rendered":"https:\/\/pharmacima.com\/?post_type=product&#038;p=149957"},"modified":"2026-02-23T15:00:40","modified_gmt":"2026-02-23T14:00:40","slug":"fil-dentaire-50m-super-deer","status":"publish","type":"product","link":"https:\/\/pharmacima.com\/ar\/product\/fil-dentaire-50m-super-deer\/","title":{"rendered":"Fil dentaire 50m Super Deer"},"content":{"rendered":"<h1><strong>\u0648\u0635\u0641 :\u00a0<\/strong><\/h1>\n<h2><strong>Floss is super deer 50m est un fil dentaire con\u00e7u pour \u00e9liminer la plaque et les r\u00e9sidus alimentaires entre les dents et sous la gencive. Sa longueur de 50 m\u00e8tres permet une utilisation prolong\u00e9e, il aide \u00e0 pr\u00e9venir les caries, la mauvaise haleine et les probl\u00e8mes de gencives.<\/strong><\/h2>\n<p>&nbsp;<\/p>\n<h2 data-start=\"2145\" data-end=\"2174\"><strong data-start=\"2152\" data-end=\"2172\">\u00c0 quoi \u00e7a sert ?<\/strong><\/h2>\n<p data-start=\"2175\" data-end=\"2697\">Le fil dentaire aide \u00e0 :<br data-start=\"2199\" data-end=\"2202\" \/>\u00c9liminer la plaque dentaire et les r\u00e9sidus alimentaires entre les dents. <br data-start=\"2321\" data-end=\"2324\" \/>R\u00e9duire le risque de caries dans les zones difficiles \u00e0 atteindre. <br data-start=\"2437\" data-end=\"2440\" \/>Pr\u00e9venir les probl\u00e8mes de gencives, comme les gingivites, en nettoyant la ligne gingivale. <br data-start=\"2577\" data-end=\"2580\" \/>Maintenir une haleine plus fra\u00eeche gr\u00e2ce \u00e0 l\u2019\u00e9limination des d\u00e9bris.<\/p>\n<h2 data-start=\"3275\" data-end=\"3304\"><strong data-start=\"3282\" data-end=\"3304\">Conseils pratiques :<\/strong><\/h2>\n<ul data-start=\"3305\" data-end=\"3607\">\n<li data-start=\"3305\" data-end=\"3387\">\n<p data-start=\"3307\" data-end=\"3387\">Utiliser une fois par jour, de pr\u00e9f\u00e9rence le soir avant le brossage final.<\/p>\n<\/li>\n<\/ul>","protected":false},"excerpt":{"rendered":"<p><span style=\"color: #0000ff;\"><em><strong>Floss is Super Deer<\/strong><\/em><\/span><\/p>","protected":false},"featured_media":149958,"comment_status":"open","ping_status":"closed","template":"","meta":{"_acf_changed":false},"product_brand":[1607],"product_cat":[1598],"product_tag":[],"class_list":{"0":"post-149957","1":"product","2":"type-product","3":"status-publish","4":"has-post-thumbnail","6":"product_brand-super-deer","7":"product_cat-hygiene-bucco-dentaire","9":"first","10":"instock","11":"taxable","12":"shipping-taxable","13":"purchasable","14":"product-type-simple"},"acf":[],"_links":{"self":[{"href":"https:\/\/pharmacima.com\/ar\/wp-json\/wp\/v2\/product\/149957","targetHints":{"allow":["GET"]}}],"collection":[{"href":"https:\/\/pharmacima.com\/ar\/wp-json\/wp\/v2\/product"}],"about":[{"href":"https:\/\/pharmacima.com\/ar\/wp-json\/wp\/v2\/types\/product"}],"replies":[{"embeddable":true,"href":"https:\/\/pharmacima.com\/ar\/wp-json\/wp\/v2\/comments?post=149957"}],"wp:featuredmedia":[{"embeddable":true,"href":"https:\/\/pharmacima.com\/ar\/wp-json\/wp\/v2\/media\/149958"}],"wp:attachment":[{"href":"https:\/\/pharmacima.com\/ar\/wp-json\/wp\/v2\/media?parent=149957"}],"wp:term":[{"taxonomy":"product_brand","embeddable":true,"href":"https:\/\/pharmacima.com\/ar\/wp-json\/wp\/v2\/product_brand?post=149957"},{"taxonomy":"product_cat","embeddable":true,"href":"https:\/\/pharmacima.com\/ar\/wp-json\/wp\/v2\/product_cat?post=149957"},{"taxonomy":"product_tag","embeddable":true,"href":"https:\/\/pharmacima.com\/ar\/wp-json\/wp\/v2\/product_tag?post=149957"}],"curies":[{"name":"wp","href":"https:\/\/api.w.org\/{rel}","templated":true}]}}