{"id":150060,"date":"2026-03-02T12:00:46","date_gmt":"2026-03-02T11:00:46","guid":{"rendered":"https:\/\/pharmacima.com\/?post_type=product&#038;p=150060"},"modified":"2026-04-14T14:42:50","modified_gmt":"2026-04-14T13:42:50","slug":"a313-pommade-50g-pharma-developpement","status":"publish","type":"product","link":"https:\/\/pharmacima.com\/ar\/product\/a313-pommade-50g-pharma-developpement\/","title":{"rendered":"A313 pommade vitamine A 50g Pharma Developpement"},"content":{"rendered":"<h1><strong>\u0648\u0635\u0641 :\u00a0<\/strong><\/h1>\n<h2><strong>A313 est une pommade dermatologique \u00e0 base de vitamine A (r\u00e9tinol), produite en France par le laboratoire Pharma D\u00e9veloppement, elle sert \u00e0 prot\u00e9ger et apaiser la peau irrit\u00e9e, en particulier dans les cas de dermites irritatives ou rougeurs cutan\u00e9es. C\u2019est un m\u00e9dicament local, disponible sans ordonnance dans certaines pharmacies, et connu pour son effet sur la r\u00e9novation cellulaire de la peau.<\/strong><\/h2>\n<p>&nbsp;<\/p>\n<h2><strong>\u0627\u0644\u062a\u0631\u0643\u064a\u0628\u0629 :\u00a0<\/strong><\/h2>\n<ul data-start=\"862\" data-end=\"1059\">\n<li data-start=\"862\" data-end=\"1059\">\n<p data-start=\"864\" data-end=\"1059\">Vitamine A synth\u00e9tique (forme huileuse) \u2013 200 000 UI pour 100 g de pommade (r\u00e9tinol ou d\u00e9riv\u00e9s de r\u00e9tino\u00efdes, qui sont des pr\u00e9curseurs de la vitamine A).<\/p>\n<\/li>\n<\/ul>\n<h3 data-start=\"1061\" data-end=\"1099\">Excipients (autres composants)<\/h3>\n<ul data-start=\"1100\" data-end=\"1334\">\n<li data-start=\"1100\" data-end=\"1118\">\n<p data-start=\"1102\" data-end=\"1118\">Macrogol 400 \/ Macrogol 4000 \/ Polysorbate 80<\/p>\n<\/li>\n<\/ul>\n<p>&nbsp;<\/p>\n<h2><strong>\u0646\u0635\u0627\u0626\u062d \u0627\u0644\u0627\u0633\u062a\u0639\u0645\u0627\u0644 :\u00a0<\/strong><\/h2>\n<p>Appliquer en fine couche 1 \u00e0 2 fois par jour sur une peau propre et s\u00e8che. \u00c9viter les zones sensibles comme les yeux, les l\u00e8vres ou les muqueuses.<\/p>","protected":false},"excerpt":{"rendered":"<h4><span style=\"color: #0000ff;\"><em><strong>Pharma Developpement A313, <\/strong><\/em><\/span>est la seule pommade m\u00e9dicamenteuse \u00e0 base de vitamine A. La vitamine A intervient dans le renouvellement des tissus.<\/h4>","protected":false},"featured_media":150070,"comment_status":"open","ping_status":"closed","template":"","meta":{"_acf_changed":false},"product_brand":[1611],"product_cat":[102,139,713,137],"product_tag":[],"class_list":{"0":"post-150060","1":"product","2":"type-product","3":"status-publish","4":"has-post-thumbnail","6":"product_brand-pharma-developpement","7":"product_cat-soin-et-bien-etre","8":"product_cat-corps_","9":"product_cat-pieds","10":"product_cat-visage","12":"first","13":"instock","14":"taxable","15":"shipping-taxable","16":"purchasable","17":"product-type-simple"},"acf":[],"_links":{"self":[{"href":"https:\/\/pharmacima.com\/ar\/wp-json\/wp\/v2\/product\/150060","targetHints":{"allow":["GET"]}}],"collection":[{"href":"https:\/\/pharmacima.com\/ar\/wp-json\/wp\/v2\/product"}],"about":[{"href":"https:\/\/pharmacima.com\/ar\/wp-json\/wp\/v2\/types\/product"}],"replies":[{"embeddable":true,"href":"https:\/\/pharmacima.com\/ar\/wp-json\/wp\/v2\/comments?post=150060"}],"wp:featuredmedia":[{"embeddable":true,"href":"https:\/\/pharmacima.com\/ar\/wp-json\/wp\/v2\/media\/150070"}],"wp:attachment":[{"href":"https:\/\/pharmacima.com\/ar\/wp-json\/wp\/v2\/media?parent=150060"}],"wp:term":[{"taxonomy":"product_brand","embeddable":true,"href":"https:\/\/pharmacima.com\/ar\/wp-json\/wp\/v2\/product_brand?post=150060"},{"taxonomy":"product_cat","embeddable":true,"href":"https:\/\/pharmacima.com\/ar\/wp-json\/wp\/v2\/product_cat?post=150060"},{"taxonomy":"product_tag","embeddable":true,"href":"https:\/\/pharmacima.com\/ar\/wp-json\/wp\/v2\/product_tag?post=150060"}],"curies":[{"name":"wp","href":"https:\/\/api.w.org\/{rel}","templated":true}]}}