{"id":150064,"date":"2026-03-02T11:44:52","date_gmt":"2026-03-02T10:44:52","guid":{"rendered":"https:\/\/pharmacima.com\/?post_type=product&#038;p=150064"},"modified":"2026-03-02T15:39:43","modified_gmt":"2026-03-02T14:39:43","slug":"serum-mini-peach-70-niacin-10ml-anua","status":"publish","type":"product","link":"https:\/\/pharmacima.com\/ar\/product\/serum-mini-peach-70-niacin-10ml-anua\/","title":{"rendered":"Serum Mini Peach 70 Niacin 10ml Anua"},"content":{"rendered":"<h1><strong>\u0648\u0635\u0641 :\u00a0<\/strong><\/h1>\n<h2>Le Peach 70% Niacin Serum Anua est un \u00e9lixir nourrissant qui laissera ta peau aussi douce et d\u00e9licate qu&rsquo;une p\u00eache bien m\u00fbre. Gr\u00e2ce \u00e0 un m\u00e9lange remarquable de 70 % d&rsquo;extrait de fruit de p\u00eache et de 5 % de niacinamide, ce s\u00e9rum fait des merveilles pour obtenir un teint \u00e9quilibr\u00e9 et uniforme.<\/h2>\n<p>Sa formule puissante ne se contente pas de clarifier la peau et de resserrer les pores, elle \u00e9limine aussi efficacement les cellules mortes et revitalise la peau fatigu\u00e9e gr\u00e2ce \u00e0 son Peach Yogurt Complex, qui comprend de l&rsquo;extrait de fleur de p\u00eacher et du salicylate de b\u00e9ta\u00efne.<\/p>\n<p>Ce qui distingue vraiment ce s\u00e9rum, c&rsquo;est sa capacit\u00e9 \u00e0 hydrater et \u00e0 nourrir la peau en profondeur. Enrichi en vitamine B12 et en trois types d&rsquo;acide hyaluronique, il offre une explosion d&rsquo;hydratation qui laisse ta peau \u00e9clatante de vitalit\u00e9. Dis adieu au teint terne et embrasse un teint lumineux, gr\u00e2ce \u00e0 l&rsquo;extrait de fruit de Prunus Persica (p\u00eache) et au niacinamide. Am\u00e9liore ta routine beaut\u00e9 avec ce s\u00e9rum qui non seulement unifie ton teint, mais favorise \u00e9galement une peau claire et lisse. Le Peach 70 Niacin Serum Anua sera ton alli\u00e9 pour une peau parfaite, rayonnante de beaut\u00e9 et vibrante de sant\u00e9.<\/p>\n<h2><strong>\u0627\u0633\u062a\u062e\u062f\u0627\u0645 \u0627\u0644\u0645\u0634\u0648\u0631\u0629:\u00a0<\/strong><\/h2>\n<ul>\n<li>Utilise le matin et le soir apr\u00e8s ton nettoyant et ton tonique et fais suivre d&rsquo;une cr\u00e8me hydratante.<\/li>\n<li>\u00c9vite le contour des yeux.<\/li>\n<li>Applique une cr\u00e8me solaire lorsque tu l&rsquo;utilises le matin.<\/li>\n<\/ul>\n<h2><strong>\u0627\u0644\u062a\u0631\u0643\u064a\u0628\u0629 :<\/strong><\/h2>\n<p>Extrait de Fruit de Prunus Persica, Glyc\u00e9rine, Niacinamide, Butyl\u00e8ne Glycol, Succinate de Di\u00e9thoxy\u00e9thyle, Eau, 1,2-Hexanediol, Ferment de Lactobacillus, Hyaluronate de Sodium, Extrait de Ferment de Sphingomonas, Alpha-Arbutin, Extrait de Fleur de Melia Azadirachta, Extrait de Feuille d&rsquo;Ocimum Sanctum, Extrait de Feuille de Melia Azadirachta, Huile de Graine de Carthamus Tinctorius, Huile de Graine de Salvia Hispanica, Extrait de Racine de Curcuma Longa, Extrait de Corallina Officinalis, Acide Hyaluronique Hydrolys\u00e9, Extrait de Feuille de Chamaecyparis Obtusa, Extrait de Fleur de Prunus Persica, Huile de Graine de Camellia Sinensis.<\/p>\n<p>Extrait de Ferment de Levure, Extrait de Centella Asiatica, Extrait de Feuille d&rsquo;Artemisia Princeps, Ferment de Candida Bombicola\/Glucose\/M\u00e9thyl Rapeseedate, Pentyl\u00e8ne Glycol, Laurate de Polyglyceryl-10, Beta\u00efne Salicylate, Phytate de Sodium, Cellulose, Triglyc\u00e9ride Caprylique\/Caprique, L\u00e9cithine Hydrog\u00e9n\u00e9e, Panth\u00e9nol, Acide Polyglutamique, Acide Linol\u00e9ique, Acide Linol\u00e9nique, Ol\u00e9ate de Polyglyceryl-10, Palmitate de Saccharose, Cyanocobalamine, 3-O-\u00c9thyl Ascorbique, C\u00e9ramide NP, Asiaticoside, Acide Madecassique, Acide Asiatique, Gomme Xanthane, Parfum.<\/p>","protected":false},"excerpt":{"rendered":"<p>DESCRIPTION :\u00a0 Le Peach 70% Niacin Serum Anua est un \u00e9lixir nourrissant qui laissera ta peau aussi douce et d\u00e9licate qu&rsquo;une p\u00eache bien m\u00fbre. Gr\u00e2ce \u00e0 un m\u00e9lange remarquable de 70 % d&rsquo;extrait de fruit de p\u00eache et de 5 % de niacinamide, ce s\u00e9rum fait des merveilles pour obtenir un teint \u00e9quilibr\u00e9 et uniforme. [&hellip;]<\/p>\n","protected":false},"featured_media":150065,"comment_status":"open","ping_status":"closed","template":"","meta":{"_acf_changed":false},"product_brand":[1537],"product_cat":[102,137],"product_tag":[],"class_list":{"0":"post-150064","1":"product","2":"type-product","3":"status-publish","4":"has-post-thumbnail","6":"product_brand-anua","7":"product_cat-soin-et-bien-etre","8":"product_cat-visage","10":"first","11":"instock","12":"taxable","13":"shipping-taxable","14":"purchasable","15":"product-type-simple"},"acf":[],"_links":{"self":[{"href":"https:\/\/pharmacima.com\/ar\/wp-json\/wp\/v2\/product\/150064","targetHints":{"allow":["GET"]}}],"collection":[{"href":"https:\/\/pharmacima.com\/ar\/wp-json\/wp\/v2\/product"}],"about":[{"href":"https:\/\/pharmacima.com\/ar\/wp-json\/wp\/v2\/types\/product"}],"replies":[{"embeddable":true,"href":"https:\/\/pharmacima.com\/ar\/wp-json\/wp\/v2\/comments?post=150064"}],"wp:featuredmedia":[{"embeddable":true,"href":"https:\/\/pharmacima.com\/ar\/wp-json\/wp\/v2\/media\/150065"}],"wp:attachment":[{"href":"https:\/\/pharmacima.com\/ar\/wp-json\/wp\/v2\/media?parent=150064"}],"wp:term":[{"taxonomy":"product_brand","embeddable":true,"href":"https:\/\/pharmacima.com\/ar\/wp-json\/wp\/v2\/product_brand?post=150064"},{"taxonomy":"product_cat","embeddable":true,"href":"https:\/\/pharmacima.com\/ar\/wp-json\/wp\/v2\/product_cat?post=150064"},{"taxonomy":"product_tag","embeddable":true,"href":"https:\/\/pharmacima.com\/ar\/wp-json\/wp\/v2\/product_tag?post=150064"}],"curies":[{"name":"wp","href":"https:\/\/api.w.org\/{rel}","templated":true}]}}