{"id":150067,"date":"2026-03-02T11:52:30","date_gmt":"2026-03-02T10:52:30","guid":{"rendered":"https:\/\/pharmacima.com\/?post_type=product&#038;p=150067"},"modified":"2026-04-11T11:09:48","modified_gmt":"2026-04-11T10:09:48","slug":"creme-mini-contour-yeux-acide-mary-et-may","status":"publish","type":"product","link":"https:\/\/pharmacima.com\/ar\/product\/creme-mini-contour-yeux-acide-mary-et-may\/","title":{"rendered":"Creme mini Contour Yeux Acide Tranexamique 12g Mary et May"},"content":{"rendered":"<h1><strong>\u0648\u0635\u0641 :\u00a0<\/strong><\/h1>\n<h2><strong>Mary et May Tranexamic Acid + Glutathion Cr\u00e8me pour les yeux, 1 000 ppm d\u2019acide tranexamique, 1 000 ppm de glutathion pour un soin intensif des cernes du contour des yeux.<\/strong><\/h2>\n<div class=\"accordion__wrapper\">\n<div id=\"description-2\" class=\"accordion__body\" data-accordion-body=\"\">\n<p><span class=\"metafield-multi_line_text_field\">\u00a0La combinaison d\u2019acide tranexamique et de glutathion, un puissant antioxydant et un bloqueur de m\u00e9lanine, \u00e9claircit le teint terne du contour des yeux et am\u00e9liore le teint irr\u00e9gulier.<\/span><\/p>\n<p>Contient de la vitamine C qui am\u00e9liore les imperfections cutan\u00e9es et aide \u00e0 produire du collag\u00e8ne.<\/p>\n<p>Formul\u00e9 uniquement avec des ingr\u00e9dients de qualit\u00e9 verte EWG.<\/p>\n<p>\u0645\u0641\u062d\u0648\u0635\u0647 \u0645\u0646 \u0642\u0628\u0644 \u0627\u0637\u0628\u0627\u0621\u0627\u0644\u062c\u0644\u062f\u064a\u0647.<\/p>\n<p>Sans tests sur les animaux et sans 16 ingr\u00e9dients nocifs : paraben, parfums et colorants artificiels, alcool, huile min\u00e9rale, tensioactifs et allerg\u00e8nes.<\/p>\n<h2><strong>\u0646\u0635\u064a\u062d\u0629 \u0627\u0644\u0627\u0633\u062a\u062e\u062f\u0627\u0645:<\/strong><\/h2>\n<p>Apr\u00e8s le nettoyage, appliquez une quantit\u00e9 appropri\u00e9e sur la peau du contour des yeux.<\/p>\n<p>Tapotez doucement le produit sur la peau jusqu\u2019\u00e0 absorption compl\u00e8te. Utiliser matin et soir.<\/p>\n<h2><strong>\u0627\u0644\u062a\u0631\u0643\u064a\u0628\u0629 :<\/strong><\/h2>\n<div id=\"composition\" class=\"composition-ui clear-after-ui product-details-tab product-details-tab--active\">\n<p>Eau purifi\u00e9e, palmitate d\u2019\u00e9thylhexyle, glyc\u00e9rine-26, glyc\u00e9rine, alcool c\u00e9t\u00e9arylique, niacinamide, poly(ol\u00e9fine en C6-14) hydrog\u00e9n\u00e9e, cire d\u2019abeille, triglyc\u00e9ride caprylique\/caprique, st\u00e9arate de polyglyc\u00e9ryl-2, dipropyl\u00e8ne glycol, isodod\u00e9cane, st\u00e9arate de glyc\u00e9ryle, acrylate d\u2019hydroxy\u00e9thyle \/Copolym\u00e8re d\u2019acryloyldim\u00e9thyltaurate de sodium, alcool st\u00e9arylique, st\u00e9arate de glycol SE, polyacrylate de sodium, hydroxyac\u00e9toph\u00e9none, acide st\u00e9arique, dim\u00e9thiconol, polym\u00e8re crois\u00e9 dim\u00e9thicone\/vinyl dim\u00e9thicone, polyd\u00e9c\u00e8ne hydrog\u00e9n\u00e9, l\u00e9cithine hydrog\u00e9n\u00e9e, acide tranexamique (1 000 ppm), b\u00e9ta\u00efne, glutathion (1 000 ppm), Panth\u00e9nol, parfum, huile de fruit d\u2019Hippophae Rhamnoides, butyl\u00e8ne glycol, ad\u00e9nosine, isost\u00e9arate de sorbitan, caprylyl glycol,Mary et may trid\u00e9ceth-6, 1,2-hexanediol, EDTA disodique,mary et may hyaluronate de sodium, acide ascorbique.<\/p>\n<\/div>\n<\/div>\n<\/div>","protected":false},"excerpt":{"rendered":"<p>DESCRIPTION :\u00a0 Mary et May Tranexamic Acid + Glutathion Cr\u00e8me pour les yeux, 1 000 ppm d\u2019acide tranexamique, 1 000 ppm de glutathion pour un soin intensif des cernes du contour des yeux. \u00a0La combinaison d\u2019acide tranexamique et de glutathion, un puissant antioxydant et un bloqueur de m\u00e9lanine, \u00e9claircit le teint terne du contour des [&hellip;]<\/p>\n","protected":false},"featured_media":150068,"comment_status":"open","ping_status":"closed","template":"","meta":{"_acf_changed":false},"product_brand":[1410],"product_cat":[102,141],"product_tag":[],"class_list":{"0":"post-150067","1":"product","2":"type-product","3":"status-publish","4":"has-post-thumbnail","6":"product_brand-mary-may","7":"product_cat-soin-et-bien-etre","8":"product_cat-yeux","10":"first","11":"instock","12":"taxable","13":"shipping-taxable","14":"purchasable","15":"product-type-simple"},"acf":[],"_links":{"self":[{"href":"https:\/\/pharmacima.com\/ar\/wp-json\/wp\/v2\/product\/150067","targetHints":{"allow":["GET"]}}],"collection":[{"href":"https:\/\/pharmacima.com\/ar\/wp-json\/wp\/v2\/product"}],"about":[{"href":"https:\/\/pharmacima.com\/ar\/wp-json\/wp\/v2\/types\/product"}],"replies":[{"embeddable":true,"href":"https:\/\/pharmacima.com\/ar\/wp-json\/wp\/v2\/comments?post=150067"}],"wp:featuredmedia":[{"embeddable":true,"href":"https:\/\/pharmacima.com\/ar\/wp-json\/wp\/v2\/media\/150068"}],"wp:attachment":[{"href":"https:\/\/pharmacima.com\/ar\/wp-json\/wp\/v2\/media?parent=150067"}],"wp:term":[{"taxonomy":"product_brand","embeddable":true,"href":"https:\/\/pharmacima.com\/ar\/wp-json\/wp\/v2\/product_brand?post=150067"},{"taxonomy":"product_cat","embeddable":true,"href":"https:\/\/pharmacima.com\/ar\/wp-json\/wp\/v2\/product_cat?post=150067"},{"taxonomy":"product_tag","embeddable":true,"href":"https:\/\/pharmacima.com\/ar\/wp-json\/wp\/v2\/product_tag?post=150067"}],"curies":[{"name":"wp","href":"https:\/\/api.w.org\/{rel}","templated":true}]}}