{"id":150071,"date":"2026-03-02T12:14:09","date_gmt":"2026-03-02T11:14:09","guid":{"rendered":"https:\/\/pharmacima.com\/?post_type=product&#038;p=150071"},"modified":"2026-03-15T15:46:33","modified_gmt":"2026-03-15T14:46:33","slug":"dexpanthenol-5-pommade-30g-viatris","status":"publish","type":"product","link":"https:\/\/pharmacima.com\/ar\/product\/dexpanthenol-5-pommade-30g-viatris\/","title":{"rendered":"Dexpanthenol 5% Pommade 30g Viatris"},"content":{"rendered":"<h1><strong>\u0648\u0635\u0641 :\u00a0<\/strong><\/h1>\n<h2 data-start=\"254\" data-end=\"599\"><strong>Dexpanth\u00e9nol 5 % Pommade Viatris est un m\u00e9dicament dermatologique protecteur cutan\u00e9 qui aide \u00e0 apaiser et prot\u00e9ger la peau irrit\u00e9e. Il est principalement utilis\u00e9 pour soulager les irritations de la peau, notamment l\u2019\u00e9ryth\u00e8me fessier chez le nourrisson (peau rouge et irrit\u00e9e des fesses).<\/strong><\/h2>\n<h2 data-start=\"601\" data-end=\"792\"><strong>Ce produit contient de la vitamine B5 (dexpanth\u00e9nol) sous forme de pommade, ce qui lui permet de soutenir le processus naturel de r\u00e9paration cutan\u00e9e.<\/strong><\/h2>\n<p>&nbsp;<\/p>\n<h2><strong>\u0627\u0644\u062a\u0631\u0643\u064a\u0628\u0629 :\u00a0<\/strong><\/h2>\n<p>Dexpanth\u00e9nol 5 % \u2014 c\u2019est-\u00e0-dire 5 g de dexpanth\u00e9nol pour 100 g de pommade (vitamine B5), qui a un effet protecteur et apaisant sur la peau.<\/p>\n<h2><strong>\u0646\u0635\u0627\u0626\u062d \u0627\u0644\u0627\u0633\u062a\u0639\u0645\u0627\u0644 :\u00a0<\/strong><\/h2>\n<ul>\n<li data-start=\"1980\" data-end=\"2048\">\n<p data-start=\"1983\" data-end=\"2048\">Nettoyer et s\u00e9cher soigneusement la zone de peau concern\u00e9e.<\/p>\n<\/li>\n<li data-start=\"2049\" data-end=\"2115\">\n<p data-start=\"2052\" data-end=\"2115\">Appliquer une fine couche de pommade sur la zone irrit\u00e9e.<\/p>\n<\/li>\n<li data-start=\"2116\" data-end=\"2174\">\n<p data-start=\"2119\" data-end=\"2174\">Masser l\u00e9g\u00e8rement pour faire p\u00e9n\u00e9trer le produit.<\/p>\n<\/li>\n<li data-start=\"2175\" data-end=\"2275\">\n<p data-start=\"2178\" data-end=\"2275\">R\u00e9p\u00e9ter 1 \u00e0 plusieurs fois par jour, selon les besoins.<\/p>\n<\/li>\n<\/ul>","protected":false},"excerpt":{"rendered":"<p><span style=\"color: #0000ff;\"><em><strong>Viatris Dexpanthenol Pommade 5%<\/strong><\/em><\/span>,<\/p>\n<p>soin r\u00e9parateur et protecteur des peaux irrit\u00e9es<\/p>","protected":false},"featured_media":150073,"comment_status":"open","ping_status":"closed","template":"","meta":{"_acf_changed":false},"product_brand":[1609],"product_cat":[102,1603,147],"product_tag":[],"class_list":{"0":"post-150071","1":"product","2":"type-product","3":"status-publish","4":"has-post-thumbnail","6":"product_brand-viatris","7":"product_cat-soin-et-bien-etre","8":"product_cat-bebe","9":"product_cat-enfant_","11":"first","12":"instock","13":"taxable","14":"shipping-taxable","15":"purchasable","16":"product-type-simple"},"acf":[],"_links":{"self":[{"href":"https:\/\/pharmacima.com\/ar\/wp-json\/wp\/v2\/product\/150071","targetHints":{"allow":["GET"]}}],"collection":[{"href":"https:\/\/pharmacima.com\/ar\/wp-json\/wp\/v2\/product"}],"about":[{"href":"https:\/\/pharmacima.com\/ar\/wp-json\/wp\/v2\/types\/product"}],"replies":[{"embeddable":true,"href":"https:\/\/pharmacima.com\/ar\/wp-json\/wp\/v2\/comments?post=150071"}],"wp:featuredmedia":[{"embeddable":true,"href":"https:\/\/pharmacima.com\/ar\/wp-json\/wp\/v2\/media\/150073"}],"wp:attachment":[{"href":"https:\/\/pharmacima.com\/ar\/wp-json\/wp\/v2\/media?parent=150071"}],"wp:term":[{"taxonomy":"product_brand","embeddable":true,"href":"https:\/\/pharmacima.com\/ar\/wp-json\/wp\/v2\/product_brand?post=150071"},{"taxonomy":"product_cat","embeddable":true,"href":"https:\/\/pharmacima.com\/ar\/wp-json\/wp\/v2\/product_cat?post=150071"},{"taxonomy":"product_tag","embeddable":true,"href":"https:\/\/pharmacima.com\/ar\/wp-json\/wp\/v2\/product_tag?post=150071"}],"curies":[{"name":"wp","href":"https:\/\/api.w.org\/{rel}","templated":true}]}}