{"id":150072,"date":"2026-03-02T12:08:46","date_gmt":"2026-03-02T11:08:46","guid":{"rendered":"https:\/\/pharmacima.com\/?post_type=product&#038;p=150072"},"modified":"2026-03-13T19:51:28","modified_gmt":"2026-03-13T18:51:28","slug":"the-retinol-0-5-huile-retinol-cosrx","status":"publish","type":"product","link":"https:\/\/pharmacima.com\/ar\/product\/the-retinol-0-5-huile-retinol-cosrx\/","title":{"rendered":"The Retinol 0.5 Huile r\u00e9tinol 20ml COSRX"},"content":{"rendered":"<h1><strong>\u0648\u0635\u0641 :\u00a0<\/strong><\/h1>\n<h2>Votre peau est terne, s\u00e8che ou marqu\u00e9e par le temps\u00a0? Offrez-lui un bain de jouvence avec cette huile visage multi-fonctions. Infus\u00e9e \u00e0 0,5\u00a0% de r\u00e9tinol, elle repulpe, lisse les rides et att\u00e9nue les imperfections. Sa formule, enrichie en squalane et en tocotri\u00e9nol (une forme de vitamine\u00a0E), apaise les irritations et prot\u00e8ge des radicaux libres.<\/h2>\n<p>Commencez par utiliser le produit 2 \u00e0 3 fois par semaine pendant les 2 premi\u00e8res semaines. D\u00e8s la troisi\u00e8me semaine, utilisez-le tous les deux jours. \u00c9vitez de l&rsquo;utiliser pendant la journ\u00e9e. Pour des r\u00e9sultats optimaux, utilisez-le en compl\u00e9ment de The Retinol 0.1 Cream (cr\u00e8me au r\u00e9tinol 0,1 %).<\/p>\n<p><b>Bienfaits et avantages\u00a0:<\/b><\/p>\n<ul>\n<li>Une huile visage au r\u00e9tinol\u00a00,5\u00a0% pour r\u00e9g\u00e9n\u00e9rer votre peau.<\/li>\n<li>Agit sur la perte d\u2019\u00e9lasticit\u00e9, la d\u00e9shydratation, les ridules et les imperfections.<\/li>\n<li>Contient des ingr\u00e9dients actifs pr\u00e9cieux\u00a0: r\u00e9tinol pur, squalane et tocotri\u00e9nol.<\/li>\n<li>Pour un r\u00e9sultat optimal, associez-la \u00e0 The Retinol 0.1 Cream (cr\u00e8me au r\u00e9tinol\u00a00,1\u00a0%).<\/li>\n<\/ul>\n<h2><strong>\u0627\u0633\u062a\u062e\u062f\u0627\u0645 \u0627\u0644\u0645\u0634\u0648\u0631\u0629:\u00a0<\/strong><\/h2>\n<p>Si vous n\u2019avez jamais utilis\u00e9 de r\u00e9tinol, appliquez l\u2019huile 2 \u00e0 3\u00a0fois par semaine, le soir, uniquement sur les zones concern\u00e9es, pendant les deux premi\u00e8res semaines.<\/p>\n<p>\u00c0 partir de la troisi\u00e8me semaine, appliquez-la sur l\u2019ensemble du visage, chaque soir.<\/p>\n<h2><strong>\u0627\u0644\u062a\u0631\u0643\u064a\u0628\u0629 :\u00a0<\/strong><\/h2>\n<p>Squalane, Glycine Soja (Soybean) Oil, Di-C12-13 Alkyl Malate, Retinol, Caprylic\/Capric Triglyceride, BHT, Tocotrienols, Tocopherol, Elaeis Guineensis (Palm) Oil, Hydroxymethoxyphenyl Decanone<\/p>","protected":false},"excerpt":{"rendered":"<p>DESCRIPTION :\u00a0 Votre peau est terne, s\u00e8che ou marqu\u00e9e par le temps\u00a0? Offrez-lui un bain de jouvence avec cette huile visage multi-fonctions. Infus\u00e9e \u00e0 0,5\u00a0% de r\u00e9tinol, elle repulpe, lisse les rides et att\u00e9nue les imperfections. Sa formule, enrichie en squalane et en tocotri\u00e9nol (une forme de vitamine\u00a0E), apaise les irritations et prot\u00e8ge des radicaux [&hellip;]<\/p>\n","protected":false},"featured_media":150074,"comment_status":"open","ping_status":"closed","template":"","meta":{"_acf_changed":false},"product_brand":[1612],"product_cat":[102,137],"product_tag":[],"class_list":{"0":"post-150072","1":"product","2":"type-product","3":"status-publish","4":"has-post-thumbnail","6":"product_brand-cosrx","7":"product_cat-soin-et-bien-etre","8":"product_cat-visage","10":"first","11":"instock","12":"taxable","13":"shipping-taxable","14":"purchasable","15":"product-type-simple"},"acf":[],"_links":{"self":[{"href":"https:\/\/pharmacima.com\/ar\/wp-json\/wp\/v2\/product\/150072","targetHints":{"allow":["GET"]}}],"collection":[{"href":"https:\/\/pharmacima.com\/ar\/wp-json\/wp\/v2\/product"}],"about":[{"href":"https:\/\/pharmacima.com\/ar\/wp-json\/wp\/v2\/types\/product"}],"replies":[{"embeddable":true,"href":"https:\/\/pharmacima.com\/ar\/wp-json\/wp\/v2\/comments?post=150072"}],"wp:featuredmedia":[{"embeddable":true,"href":"https:\/\/pharmacima.com\/ar\/wp-json\/wp\/v2\/media\/150074"}],"wp:attachment":[{"href":"https:\/\/pharmacima.com\/ar\/wp-json\/wp\/v2\/media?parent=150072"}],"wp:term":[{"taxonomy":"product_brand","embeddable":true,"href":"https:\/\/pharmacima.com\/ar\/wp-json\/wp\/v2\/product_brand?post=150072"},{"taxonomy":"product_cat","embeddable":true,"href":"https:\/\/pharmacima.com\/ar\/wp-json\/wp\/v2\/product_cat?post=150072"},{"taxonomy":"product_tag","embeddable":true,"href":"https:\/\/pharmacima.com\/ar\/wp-json\/wp\/v2\/product_tag?post=150072"}],"curies":[{"name":"wp","href":"https:\/\/api.w.org\/{rel}","templated":true}]}}