{"id":150076,"date":"2026-03-02T12:23:42","date_gmt":"2026-03-02T11:23:42","guid":{"rendered":"https:\/\/pharmacima.com\/?post_type=product&#038;p=150076"},"modified":"2026-03-02T18:00:06","modified_gmt":"2026-03-02T17:00:06","slug":"creme-barrier-147-50ml-dr-althea","status":"publish","type":"product","link":"https:\/\/pharmacima.com\/ar\/product\/creme-barrier-147-50ml-dr-althea\/","title":{"rendered":"Creme Barrier 147 50ml Dr.Althea"},"content":{"rendered":"<h1><strong>\u0648\u0635\u0641 :\u00a0<\/strong><\/h1>\n<h2>La 147 Relief Cream de Dr.Althea est sp\u00e9cialement formul\u00e9e pour restaurer et prot\u00e9ger la peau gr\u00e2ce \u00e0 ses actifs puissants, organis\u00e9s selon les concepts 1, 4 et 7.<\/h2>\n<p>1 ingr\u00e9dient renfor\u00e7ant la barri\u00e8re cutan\u00e9e\u00a0 Guaiazul\u00e8ne<\/p>\n<p>4 ingr\u00e9dients nourrissants\u00a0 types de C\u00e9ramide<\/p>\n<p>7 Ingr\u00e9dients hydratants essentiels\u00a0 types d\u2019Acide Hyaluronique<\/p>\n<p>Gr\u00e2ce \u00e0 sa texture l\u00e9g\u00e8re et non grasse, la 147 Relief Cream est id\u00e9ale pour restaurer l&rsquo;hydratation, renforcer la barri\u00e8re cutan\u00e9e et apaiser les peaux sensibles.<\/p>\n<h2><strong>\u0627\u0633\u062a\u062e\u062f\u0627\u0645 \u0627\u0644\u0645\u0634\u0648\u0631\u0629:\u00a0<\/strong><\/h2>\n<div id=\"shopify-section-template--25282902491482__main\" class=\"shopify-section section--product-page\">\n<div class=\"main-product--root\" data-product-id=\"template--25282902491482__main_9945950323034\" data-section-id=\"template--25282902491482__main\" data-section-type=\"product_page\" data-container-width=\"5\" data-handle=\"147-barrier-cream\" data-mobile-spacing-above=\"none\" data-mobile-spacing-below=\"half\" data-spacing-above=\"none\" data-spacing-below=\"full\" data-text-alignment=\"left\">\n<div class=\"main-product--wrapper\">\n<form id=\"product_form_9945950323034\" class=\"main-product--form\" accept-charset=\"UTF-8\" action=\"https:\/\/www.cosmeticary.com\/cart\/add\" enctype=\"multipart\/form-data\" method=\"post\">\n<div class=\"product--block\" data-block-type=\"collapsible-row\" data-fit-together=\"true\">\n<div class=\"collapsible-row--wrapper\" data-transition-item=\"viewport\" data-transition-type=\"fade-in\" data-transition-trigger=\"custom\" data-transition-active=\"true\">\n<div id=\"template--25282902491482__main--collapsible-row--9\" class=\"collapsible-row--content\" data-item=\"rte-content\">\n<p><span class=\"metafield-multi_line_text_field\">Commencez par nettoyer votre visage avec un nettoyant doux adapt\u00e9 \u00e0 votre type de peau, puis pr\u00e9parez votre peau en appliquant des produits l\u00e9gers comme une lotion tonique. Enfin, appliquez une quantit\u00e9 appropri\u00e9e de cr\u00e8me en derni\u00e8re \u00e9tape, ou juste avant la derni\u00e8re, dans votre routine de soins.<\/span><\/p>\n<h2><strong>\u0627\u0644\u062a\u0631\u0643\u064a\u0628\u0629 :<\/strong><\/h2>\n<div id=\"shopify-section-template--25282902491482__main\" class=\"shopify-section section--product-page\">\n<div class=\"main-product--root\" data-product-id=\"template--25282902491482__main_9945950323034\" data-section-id=\"template--25282902491482__main\" data-section-type=\"product_page\" data-container-width=\"5\" data-handle=\"147-barrier-cream\" data-mobile-spacing-above=\"none\" data-mobile-spacing-below=\"half\" data-spacing-above=\"none\" data-spacing-below=\"full\" data-text-alignment=\"left\">\n<div class=\"main-product--wrapper\">\n<div class=\"product--block\" data-block-type=\"collapsible-row\" data-fit-together=\"true\">\n<div class=\"collapsible-row--wrapper\" data-transition-item=\"viewport\" data-transition-type=\"fade-in\" data-transition-trigger=\"custom\" data-transition-active=\"true\">\n<div id=\"template--25282902491482__main--collapsible-row--10\" class=\"collapsible-row--content\" data-item=\"rte-content\">\n<p><span class=\"metafield-multi_line_text_field\">Water, Glycerin, Dipropylene Glycol, Cetearyl Alcohol, Caprylic\/Capric Triglyceride, Methyl Trimethicone, Hydrogenated Polydecene, 1,2-Hexanediol, Phenyl Trimethicone, Vegetable Oil, Dimethicone\/Vinyl Dimethicone Crosspolymer, Glyceryl Stearate Se, Cetearyl Olivate, Palmitic Acid, Sorbitan Olivate, C12-16 Alcohols, Behenyl Alcohol, Stearic Acid, Hydrogenated Lecithin, Microcrystalline Cellulose, Cetearyl Glucoside, Laminaria Japonica Extract, Eclipta Prostrata Leaf Extract, Butylene Glycol, Ceramide NP, Ethylhexylglycerin, C12-15 Alkyl Benzoate, Squalane, Ammonium Acryloyldimethyltaurate\/Vp Copolymer, Panthenol, Polyglyceryl-10 Myristate,dr.althea Glyceryl Polymethacrylate, Cellulose Gum, Pelargonium Graveolens Flower Oil, Cholesterol, Fructooligosaccharides, Coptis Japonica Root Extract, Disodium EDTA, Beta-Glucan, Sodium Hyaluronate, Artemisia Princeps Leaf Extract, Persea Gratissima (Avocado) Fruit Extract, Brassica Oleracea Acephala Leaf Extract, Carnosine, Hydrolyzed Hyaluronic Acid, Methylpropanediol, Maltodextrin, Hydrolyzed Gardenia Florida Extract, Guaiazulene, Arginine, Carbomer, Phenoxyethanol, Tocopherol, Camellia Sinensis Seed Oil, Argania Spinosa Kernel Oil, Beta Vulgaris (Beet) Root Extract, Chamaecyparis Obtusa Leaf Extract,dr.althea Dimethylsilanol Hyaluronate, Hydrolyzed Sodium Hyaluronate, Potassium Hyaluronate, Hyaluronic Acid, Paeonia Albiflora Flower Extract, Sodium Hyaluronate Crosspolymer, Hydroxypropyltrimonium Hyaluronate, Sodium Hyaluronate Dimethylsilanol, Sodium Acetylated Hyaluronate, Oligopeptide-1.<\/span><\/p>\n<\/div>\n<\/div>\n<\/div>\n<\/div>\n<\/div>\n<\/div>\n<\/div>\n<\/div>\n<\/div>\n<\/form>\n<\/div>\n<\/div>\n<\/div>","protected":false},"excerpt":{"rendered":"<p>DESCRIPTION :\u00a0 La 147 Relief Cream de Dr.Althea est sp\u00e9cialement formul\u00e9e pour restaurer et prot\u00e9ger la peau gr\u00e2ce \u00e0 ses actifs puissants, organis\u00e9s selon les concepts 1, 4 et 7. 1 ingr\u00e9dient renfor\u00e7ant la barri\u00e8re cutan\u00e9e\u00a0 Guaiazul\u00e8ne 4 ingr\u00e9dients nourrissants\u00a0 types de C\u00e9ramide 7 Ingr\u00e9dients hydratants essentiels\u00a0 types d\u2019Acide Hyaluronique Gr\u00e2ce \u00e0 sa texture l\u00e9g\u00e8re [&hellip;]<\/p>\n","protected":false},"featured_media":150078,"comment_status":"open","ping_status":"closed","template":"","meta":{"_acf_changed":false},"product_brand":[1409],"product_cat":[102,137],"product_tag":[],"class_list":{"0":"post-150076","1":"product","2":"type-product","3":"status-publish","4":"has-post-thumbnail","6":"product_brand-dr-althea","7":"product_cat-soin-et-bien-etre","8":"product_cat-visage","10":"first","11":"instock","12":"sale","13":"taxable","14":"shipping-taxable","15":"purchasable","16":"product-type-simple"},"acf":[],"_links":{"self":[{"href":"https:\/\/pharmacima.com\/ar\/wp-json\/wp\/v2\/product\/150076","targetHints":{"allow":["GET"]}}],"collection":[{"href":"https:\/\/pharmacima.com\/ar\/wp-json\/wp\/v2\/product"}],"about":[{"href":"https:\/\/pharmacima.com\/ar\/wp-json\/wp\/v2\/types\/product"}],"replies":[{"embeddable":true,"href":"https:\/\/pharmacima.com\/ar\/wp-json\/wp\/v2\/comments?post=150076"}],"wp:featuredmedia":[{"embeddable":true,"href":"https:\/\/pharmacima.com\/ar\/wp-json\/wp\/v2\/media\/150078"}],"wp:attachment":[{"href":"https:\/\/pharmacima.com\/ar\/wp-json\/wp\/v2\/media?parent=150076"}],"wp:term":[{"taxonomy":"product_brand","embeddable":true,"href":"https:\/\/pharmacima.com\/ar\/wp-json\/wp\/v2\/product_brand?post=150076"},{"taxonomy":"product_cat","embeddable":true,"href":"https:\/\/pharmacima.com\/ar\/wp-json\/wp\/v2\/product_cat?post=150076"},{"taxonomy":"product_tag","embeddable":true,"href":"https:\/\/pharmacima.com\/ar\/wp-json\/wp\/v2\/product_tag?post=150076"}],"curies":[{"name":"wp","href":"https:\/\/api.w.org\/{rel}","templated":true}]}}