{"id":150077,"date":"2026-03-02T12:39:05","date_gmt":"2026-03-02T11:39:05","guid":{"rendered":"https:\/\/pharmacima.com\/?post_type=product&#038;p=150077"},"modified":"2026-04-20T14:43:50","modified_gmt":"2026-04-20T13:43:50","slug":"pileje-lactibiane-reference-gelule","status":"publish","type":"product","link":"https:\/\/pharmacima.com\/ar\/product\/pileje-lactibiane-reference-gelule\/","title":{"rendered":"Lactibiane Reference 10 gelule probiotiques Pileje"},"content":{"rendered":"<h1><strong>\u0648\u0635\u0641 :\u00a0<\/strong><\/h1>\n<h2 data-start=\"211\" data-end=\"608\"><strong>Pileje Lactibiane R\u00e9f\u00e9rence 10 g\u00e9lules est un compl\u00e9ment alimentaire probiotique con\u00e7u pour contribuer \u00e0 l\u2019\u00e9quilibre de la flore intestinale gr\u00e2ce \u00e0 l\u2019apport de ferments lactiques vivants soigneusement s\u00e9lectionn\u00e9s. Ces micro-organismes peuvent aider \u00e0 soutenir le bon fonctionnement du syst\u00e8me digestif, notamment en cas de d\u00e9s\u00e9quilibre de la flore.<\/strong><\/h2>\n<h2 data-start=\"610\" data-end=\"809\"><strong>Ce produit fait partie de la gamme Lactibiane, qui regroupe plusieurs solutions probiotiques formul\u00e9es pour r\u00e9pondre \u00e0 diff\u00e9rents besoins li\u00e9s au microbiote.<\/strong><\/h2>\n<p>&nbsp;<\/p>\n<h2><strong>\u0646\u0635\u0627\u0626\u062d \u0627\u0644\u0627\u0633\u062a\u0639\u0645\u0627\u0644 :\u00a0<\/strong><\/h2>\n<p>1 g\u00e9lule par jour \u00e0 avaler avec un grand verre d&rsquo;eau.<\/p>\n<p>\u00c0 prendre avant un repas.<\/p>\n<p>&nbsp;<\/p>\n<h2><strong>\u0627\u0644\u062a\u0631\u0643\u064a\u0628\u0629 :\u00a0<\/strong><\/h2>\n<p data-start=\"879\" data-end=\"994\">Chaque g\u00e9lule contient environ 10 milliards d\u2019unit\u00e9s formant colonie (UFC) issues de 4 souches vivantes :<\/p>\n<ul data-start=\"995\" data-end=\"1301\">\n<li data-start=\"995\" data-end=\"1031\">\n<p data-start=\"997\" data-end=\"1031\">Bifidobacterium longum LA101<\/p>\n<\/li>\n<li data-start=\"1032\" data-end=\"1070\">\n<p data-start=\"1034\" data-end=\"1070\">Lactobacillus helveticus LA102<\/p>\n<\/li>\n<li data-start=\"1071\" data-end=\"1103\">\n<p data-start=\"1073\" data-end=\"1103\">Lactococcus lactis LA103<\/p>\n<\/li>\n<li data-start=\"1104\" data-end=\"1301\">\n<p data-start=\"1106\" data-end=\"1301\">Streptococcus thermophilus LA104<\/p>\n<\/li>\n<\/ul>","protected":false},"excerpt":{"rendered":"<p><em><strong><span style=\"color: #0000ff;\">Pileje<\/span><\/strong><span style=\"color: #0000ff;\"> <strong>Lactibiane R\u00e9f\u00e9rence,\u00a0<\/strong><\/span><\/em> est un compl\u00e9ment alimentaire \u00e0 base de 4 souches probiotiques dos\u00e9es \u00e0 10 milliards par g\u00e9lule.<\/p>","protected":false},"featured_media":150368,"comment_status":"open","ping_status":"closed","template":"","meta":{"_acf_changed":false},"product_brand":[1610],"product_cat":[102],"product_tag":[],"class_list":{"0":"post-150077","1":"product","2":"type-product","3":"status-publish","4":"has-post-thumbnail","6":"product_brand-laboratoire-pileje","7":"product_cat-soin-et-bien-etre","9":"first","10":"instock","11":"taxable","12":"shipping-taxable","13":"purchasable","14":"product-type-simple"},"acf":[],"_links":{"self":[{"href":"https:\/\/pharmacima.com\/ar\/wp-json\/wp\/v2\/product\/150077","targetHints":{"allow":["GET"]}}],"collection":[{"href":"https:\/\/pharmacima.com\/ar\/wp-json\/wp\/v2\/product"}],"about":[{"href":"https:\/\/pharmacima.com\/ar\/wp-json\/wp\/v2\/types\/product"}],"replies":[{"embeddable":true,"href":"https:\/\/pharmacima.com\/ar\/wp-json\/wp\/v2\/comments?post=150077"}],"wp:featuredmedia":[{"embeddable":true,"href":"https:\/\/pharmacima.com\/ar\/wp-json\/wp\/v2\/media\/150368"}],"wp:attachment":[{"href":"https:\/\/pharmacima.com\/ar\/wp-json\/wp\/v2\/media?parent=150077"}],"wp:term":[{"taxonomy":"product_brand","embeddable":true,"href":"https:\/\/pharmacima.com\/ar\/wp-json\/wp\/v2\/product_brand?post=150077"},{"taxonomy":"product_cat","embeddable":true,"href":"https:\/\/pharmacima.com\/ar\/wp-json\/wp\/v2\/product_cat?post=150077"},{"taxonomy":"product_tag","embeddable":true,"href":"https:\/\/pharmacima.com\/ar\/wp-json\/wp\/v2\/product_tag?post=150077"}],"curies":[{"name":"wp","href":"https:\/\/api.w.org\/{rel}","templated":true}]}}