{"id":150079,"date":"2026-03-02T12:42:24","date_gmt":"2026-03-02T11:42:24","guid":{"rendered":"https:\/\/pharmacima.com\/?post_type=product&#038;p=150079"},"modified":"2026-03-23T12:35:08","modified_gmt":"2026-03-23T11:35:08","slug":"brume-de-creme-apaisante-345-dr-althea","status":"publish","type":"product","link":"https:\/\/pharmacima.com\/ar\/product\/brume-de-creme-apaisante-345-dr-althea\/","title":{"rendered":"Brume de creme apaisante 345 60ml Dr.Althea"},"content":{"rendered":"<h1><strong>\u0648\u0635\u0641 :\u00a0<\/strong><\/h1>\n<h2><strong>Dr.Althea Une brume cr\u00e8me biphas\u00e9e pour apaiser et prendre soin des peaux irrit\u00e9es et sensibles.<\/strong><\/h2>\n<p>\u00c0 base d&rsquo;eau de riz, de ses prot\u00e9ines et de ses acides amin\u00e9s, enrichie en probiotiques et en ingr\u00e9dients apaisants tels que l&rsquo;extrait d&rsquo;avoine et l&rsquo;aloe vera, cette brume biphas\u00e9e est id\u00e9ale pour prendre soin des peaux sensibles, irrit\u00e9es et d\u00e9s\u00e9quilibr\u00e9es.<\/p>\n<p><span dir=\"auto\">Id\u00e9ale comme pr\u00e9paration cutan\u00e9e avant l&rsquo;application d&rsquo;un s\u00e9rum ou d&rsquo;une cr\u00e8me hydratante, comme base de maquillage ou pour une hydratation express tout au long de la journ\u00e9e, cette brume cr\u00e9meuse biphas\u00e9e est formul\u00e9e \u00e0 base d&rsquo;eau de riz et de son extrait, ainsi que de prot\u00e9ines et d&rsquo;acides amin\u00e9s de riz. <\/span><\/p>\n<p><span dir=\"auto\">Ces ingr\u00e9dients nourrissent et apaisent la peau, r\u00e9v\u00e8lent son \u00e9clat naturel et soutiennent la fonction barri\u00e8re de la peau.<\/span><\/p>\n<h2><strong>\u0627\u0633\u062a\u062e\u062f\u0627\u0645 \u0627\u0644\u0645\u0634\u0648\u0631\u0629:\u00a0<\/strong><\/h2>\n<p>Avant utilisation, agitez doucement le produit pour m\u00e9langer les deux phases et obtenir une essence onctueuse. Vaporisez d\u00e9licatement sur le visage en \u00e9vitant le contour des yeux. Vous pouvez \u00e9galement appliquer la brume sur vos mains puis la tapoter l\u00e9g\u00e8rement sur le visage.<\/p>\n<p>Elle sert de tonique et pr\u00e9pare la peau \u00e0 l&rsquo;application ult\u00e9rieure d&rsquo;un s\u00e9rum ou d&rsquo;une cr\u00e8me.<\/p>\n<h2><strong>\u0627\u0644\u062a\u0631\u0643\u064a\u0628\u0629 :\u00a0<\/strong><\/h2>\n<p>Eau de son de riz (Oryza sativa), 1,2-hexanediol, tri\u00e9thylhexano\u00efne, glyc\u00e9rine, poly(ol\u00e9fine C6-14) hydrog\u00e9n\u00e9e, tocoph\u00e9rol, eau, butyl\u00e8ne glycol, m\u00e9thylpropanediol, pentyl\u00e8ne glycol, ferment de Streptococcus thermophilus, jus de pomme (Pyrus malus), panth\u00e9nol, acide hyaluronique hydrolys\u00e9, polyquaternium-51,dr.althea b\u00e9ta\u00efne, trilaurate-4 phosphate, extrait de Cynanchum atratum, extrait de fleur d&rsquo;Althaea rosea, extrait de riz (Oryza sativa), sel marin, ferment d&rsquo;Aspergillus, phytate de sodium, acide citrique, mad\u00e9cassoside, hyaluronate d&rsquo;hydroxypropyltrimonium, extrait de feuille de Centella asiatica, extrait d&rsquo;Houttuynia cordata, eau de feuille d&rsquo;Aloe barbadensis, extrait de ferment de Bifida, acide hyaluronique, silanetriol,dr.althea Avena sativa Extrait de noyau d&rsquo;avoine, ferment de Lactobacillus, prot\u00e9ines de riz hydrolys\u00e9es, acides amin\u00e9s de riz<\/p>","protected":false},"excerpt":{"rendered":"<p>DESCRIPTION :\u00a0 Dr.Althea Une brume cr\u00e8me biphas\u00e9e pour apaiser et prendre soin des peaux irrit\u00e9es et sensibles. \u00c0 base d&rsquo;eau de riz, de ses prot\u00e9ines et de ses acides amin\u00e9s, enrichie en probiotiques et en ingr\u00e9dients apaisants tels que l&rsquo;extrait d&rsquo;avoine et l&rsquo;aloe vera, cette brume biphas\u00e9e est id\u00e9ale pour prendre soin des peaux sensibles, [&hellip;]<\/p>\n","protected":false},"featured_media":150081,"comment_status":"open","ping_status":"closed","template":"","meta":{"_acf_changed":false},"product_brand":[1409],"product_cat":[102,137],"product_tag":[],"class_list":{"0":"post-150079","1":"product","2":"type-product","3":"status-publish","4":"has-post-thumbnail","6":"product_brand-dr-althea","7":"product_cat-soin-et-bien-etre","8":"product_cat-visage","10":"first","11":"instock","12":"taxable","13":"shipping-taxable","14":"purchasable","15":"product-type-simple"},"acf":[],"_links":{"self":[{"href":"https:\/\/pharmacima.com\/ar\/wp-json\/wp\/v2\/product\/150079","targetHints":{"allow":["GET"]}}],"collection":[{"href":"https:\/\/pharmacima.com\/ar\/wp-json\/wp\/v2\/product"}],"about":[{"href":"https:\/\/pharmacima.com\/ar\/wp-json\/wp\/v2\/types\/product"}],"replies":[{"embeddable":true,"href":"https:\/\/pharmacima.com\/ar\/wp-json\/wp\/v2\/comments?post=150079"}],"wp:featuredmedia":[{"embeddable":true,"href":"https:\/\/pharmacima.com\/ar\/wp-json\/wp\/v2\/media\/150081"}],"wp:attachment":[{"href":"https:\/\/pharmacima.com\/ar\/wp-json\/wp\/v2\/media?parent=150079"}],"wp:term":[{"taxonomy":"product_brand","embeddable":true,"href":"https:\/\/pharmacima.com\/ar\/wp-json\/wp\/v2\/product_brand?post=150079"},{"taxonomy":"product_cat","embeddable":true,"href":"https:\/\/pharmacima.com\/ar\/wp-json\/wp\/v2\/product_cat?post=150079"},{"taxonomy":"product_tag","embeddable":true,"href":"https:\/\/pharmacima.com\/ar\/wp-json\/wp\/v2\/product_tag?post=150079"}],"curies":[{"name":"wp","href":"https:\/\/api.w.org\/{rel}","templated":true}]}}