{"id":150083,"date":"2026-03-02T13:43:14","date_gmt":"2026-03-02T12:43:14","guid":{"rendered":"https:\/\/pharmacima.com\/?post_type=product&#038;p=150083"},"modified":"2026-03-04T18:14:19","modified_gmt":"2026-03-04T17:14:19","slug":"autotest-infection-urinaire-3tests-biosynex","status":"publish","type":"product","link":"https:\/\/pharmacima.com\/ar\/product\/autotest-infection-urinaire-3tests-biosynex\/","title":{"rendered":"Autotest Infection Urinaire 3tests Biosynex"},"content":{"rendered":"<h1><strong>\u0648\u0635\u0641 :\u00a0<\/strong><\/h1>\n<h2><strong>L\u2019autotest infection urinaire\u00a0est un test urinaire qui permet de d\u00e9tecter rapidement une infection urinaire en d\u00e9tectant 4 param\u00e8tres\u00a0: les leucocytes, les nitrites, le sang et les prot\u00e9ines.<\/strong><\/h2>\n<h2><strong>Le d\u00e9pistage pr\u00e9coce permet une prise en charge plus rapide et un choix de traitement ou d\u2019antibioth\u00e9rapie adapt\u00e9.<\/strong><\/h2>\n<p>&nbsp;<\/p>\n<h2><strong>\u0646\u0635\u0627\u0626\u062d \u0627\u0644\u0627\u0633\u062a\u0639\u0645\u0627\u0644 :\u00a0<\/strong><\/h2>\n<ol data-start=\"1272\" data-end=\"1569\">\n<li data-start=\"1272\" data-end=\"1347\">\n<p data-start=\"1275\" data-end=\"1347\">Uriner dans un r\u00e9cipient propre ou directement dans le jet d\u2019urine<\/p>\n<\/li>\n<li data-start=\"1348\" data-end=\"1417\">\n<p data-start=\"1351\" data-end=\"1417\">Immerger la bandelette dans l\u2019urine pendant le temps indiqu\u00e9<\/p>\n<\/li>\n<li data-start=\"1418\" data-end=\"1507\">\n<p data-start=\"1421\" data-end=\"1507\">Retirer la bandelette et attendre le temps de lecture (en g\u00e9n\u00e9ral 1 \u00e0 2 minutes)<\/p>\n<\/li>\n<li data-start=\"1508\" data-end=\"1569\">\n<p data-start=\"1511\" data-end=\"1569\">Comparer les couleurs obtenues avec le nuancier fourni<\/p>\n<\/li>\n<\/ol>\n<p>&nbsp;<\/p>\n<h2 data-start=\"1876\" data-end=\"1896\"><strong data-start=\"1882\" data-end=\"1896\">POUR QUI ?<\/strong><\/h2>\n<ul data-start=\"1897\" data-end=\"2093\">\n<li data-start=\"1897\" data-end=\"1973\">\n<p data-start=\"1899\" data-end=\"1973\">Adultes (principalement femmes, plus sujettes aux infections urinaires).<\/p>\n<\/li>\n<li data-start=\"1974\" data-end=\"2093\">\n<p data-start=\"1976\" data-end=\"2093\">Personnes ayant des sympt\u00f4mes urinaires : br\u00fblures \u00e0 la miction, envies fr\u00e9quentes d\u2019uriner, douleurs pelviennes.<\/p>\n<\/li>\n<\/ul>\n<p>&nbsp;<\/p>","protected":false},"excerpt":{"rendered":"<p data-start=\"352\" data-end=\"454\"><span style=\"color: #0000ff;\"><em><strong>Biosynex Pharma AUTOTEST INFECTION URINAIRE\u00a0\u00a0<\/strong><\/em><\/span><\/p>\n<p data-start=\"352\" data-end=\"454\">Fiable \u00e0 + de 93% \/ R\u00e9sultat en 2min<\/p>\n<p data-start=\"352\" data-end=\"454\">Il analyse la pr\u00e9sence de <strong data-start=\"378\" data-end=\"406\">deux marqueurs urinaires<\/strong> fr\u00e9quemment associ\u00e9s aux infections urinaires :<\/p>\n<ul data-start=\"455\" data-end=\"547\">\n<li data-start=\"455\" data-end=\"493\">\n<p data-start=\"457\" data-end=\"493\"><strong data-start=\"457\" data-end=\"475\">Les leucocytes<\/strong> (globules blancs)<\/p>\n<\/li>\n<li data-start=\"494\" data-end=\"547\">\n<p data-start=\"496\" data-end=\"547\"><strong data-start=\"496\" data-end=\"512\">Les nitrites<\/strong> (produits par certaines bact\u00e9ries)<\/p>\n<\/li>\n<\/ul>","protected":false},"featured_media":150148,"comment_status":"open","ping_status":"closed","template":"","meta":{"_acf_changed":false},"product_brand":[1608],"product_cat":[30],"product_tag":[],"class_list":{"0":"post-150083","1":"product","2":"type-product","3":"status-publish","4":"has-post-thumbnail","6":"product_brand-biosynex-pharma","7":"product_cat-diagnostic","9":"first","10":"instock","11":"taxable","12":"shipping-taxable","13":"purchasable","14":"product-type-simple"},"acf":[],"_links":{"self":[{"href":"https:\/\/pharmacima.com\/ar\/wp-json\/wp\/v2\/product\/150083","targetHints":{"allow":["GET"]}}],"collection":[{"href":"https:\/\/pharmacima.com\/ar\/wp-json\/wp\/v2\/product"}],"about":[{"href":"https:\/\/pharmacima.com\/ar\/wp-json\/wp\/v2\/types\/product"}],"replies":[{"embeddable":true,"href":"https:\/\/pharmacima.com\/ar\/wp-json\/wp\/v2\/comments?post=150083"}],"wp:featuredmedia":[{"embeddable":true,"href":"https:\/\/pharmacima.com\/ar\/wp-json\/wp\/v2\/media\/150148"}],"wp:attachment":[{"href":"https:\/\/pharmacima.com\/ar\/wp-json\/wp\/v2\/media?parent=150083"}],"wp:term":[{"taxonomy":"product_brand","embeddable":true,"href":"https:\/\/pharmacima.com\/ar\/wp-json\/wp\/v2\/product_brand?post=150083"},{"taxonomy":"product_cat","embeddable":true,"href":"https:\/\/pharmacima.com\/ar\/wp-json\/wp\/v2\/product_cat?post=150083"},{"taxonomy":"product_tag","embeddable":true,"href":"https:\/\/pharmacima.com\/ar\/wp-json\/wp\/v2\/product_tag?post=150083"}],"curies":[{"name":"wp","href":"https:\/\/api.w.org\/{rel}","templated":true}]}}