{"id":150088,"date":"2026-03-02T14:02:37","date_gmt":"2026-03-02T13:02:37","guid":{"rendered":"https:\/\/pharmacima.com\/?post_type=product&#038;p=150088"},"modified":"2026-04-06T16:13:51","modified_gmt":"2026-04-06T15:13:51","slug":"autotest-vih-biosynex","status":"publish","type":"product","link":"https:\/\/pharmacima.com\/ar\/product\/autotest-vih-biosynex\/","title":{"rendered":"Autotest VIH 1test Biosynex"},"content":{"rendered":"<h1><strong>\u0648\u0635\u0641 :\u00a0<\/strong><\/h1>\n<h2><strong>L\u2019Autotest VIH Biosynex est un test de d\u00e9pistage rapide \u00e0 faire soi-m\u00eame \u00e0 domicile qui permet de d\u00e9tecter la pr\u00e9sence d\u2019anticorps dirig\u00e9s contre le virus de l\u2019immunod\u00e9ficience humaine (VIH-1 et VIH-2) dans le sang. Il s\u2019agit d\u2019un dispositif m\u00e9dical de diagnostic in vitro destin\u00e9 \u00e0 un usage non professionnel, permettant d\u2019avoir un r\u00e9sultat en environ 10 \u00e0 15 minutes.<\/strong><\/h2>\n<p>&nbsp;<\/p>\n<h2 data-start=\"791\" data-end=\"829\"><strong data-start=\"797\" data-end=\"829\">CONTENU DU KIT \/ COMPOSITION :\u00a0<\/strong><\/h2>\n<p data-start=\"831\" data-end=\"901\">Le kit contient g\u00e9n\u00e9ralement :<\/p>\n<ul data-start=\"902\" data-end=\"1161\">\n<li data-start=\"902\" data-end=\"928\">\n<p data-start=\"904\" data-end=\"928\">1 cassette de test<\/p>\n<\/li>\n<li data-start=\"929\" data-end=\"956\">\n<p data-start=\"931\" data-end=\"956\">1 flacon de diluant<\/p>\n<\/li>\n<li data-start=\"957\" data-end=\"1009\">\n<p data-start=\"959\" data-end=\"1009\">1 autopiqueur st\u00e9rile (pour piquer le doigt)<\/p>\n<\/li>\n<li data-start=\"1010\" data-end=\"1044\">\n<p data-start=\"1012\" data-end=\"1044\">1 pr\u00e9l\u00e8ve-goutte \/ pipette<\/p>\n<\/li>\n<li data-start=\"1045\" data-end=\"1072\">\n<p data-start=\"1047\" data-end=\"1072\">1 lingette d\u2019alcool<\/p>\n<\/li>\n<li data-start=\"1073\" data-end=\"1100\">\n<p data-start=\"1075\" data-end=\"1100\">1 compresse st\u00e9rile<\/p>\n<\/li>\n<li data-start=\"1101\" data-end=\"1120\">\n<p data-start=\"1103\" data-end=\"1120\">1 pansement<\/p>\n<\/li>\n<li data-start=\"1121\" data-end=\"1161\">\n<p data-start=\"1123\" data-end=\"1161\">1 notice d\u2019utilisation illustr\u00e9e<\/p>\n<\/li>\n<\/ul>\n<p>&nbsp;<\/p>\n<h2><strong>\u0646\u0635\u0627\u0626\u062d \u0627\u0644\u0627\u0633\u062a\u0639\u0645\u0627\u0644 :\u00a0<\/strong><\/h2>\n<p>Lisez attentivement et int\u00e9gralement la notice avant utilisation. Munissez-vous d&rsquo;une montre ou d&rsquo;un chronom\u00e8tre. Placez le support sur une surface plane. \u00d4ter avec d\u00e9licatesse la capsule de diluant pr\u00e9sente sur la partie sup\u00e9rieure du test.\u00a0Introduisez la dosette de diluant au fond du support. Lavez-vous les mains \u00e0 l&rsquo;eau et au savon et s\u00e9chez-les bien.\u00a0Sortez la lingette d&rsquo;alcool de son \u00e9tui et d\u00e9sinfectez le bout du doigt choisi pour le pr\u00e9l\u00e8vement.<br \/>\nRetirez le capuchon de l&rsquo;autopiqueur. Appliquez l&rsquo;autopiqueur sur le bout du doigt et\u00a0appuyez\u00a0fermement. Pressez le bout du doigt pour former une grosse goutte de sang. L&rsquo;essuyer \u00e0 l&rsquo;aide de la compresse. Presser de nouveau d\u00e9licatement le doigt pour obtenir une nouvelle goutte de sang. Placer la pointe de l&rsquo;autotest en contact avec la goutte de sang.<br \/>\nIns\u00e9rer l&rsquo;autotest pointe vers le bas dans le support contenant le diluant de fa\u00e7on \u00e0 percer la dosette.<br \/>\nAppliquer le pansement sur le doigt.<br \/>\nD\u00e9clenchez le chronom\u00e8tre ou notez l&rsquo;heure du d\u00e9p\u00f4t. Attendez 15 minutes pour lire le r\u00e9sultat. Ne pas lire au-del\u00e0 de 20 minutes. En cas de test n\u00e9gatif, seule la bande sup\u00e9rieure appara\u00eet. Pour un test positif, deux bandes\u00a0apparaissent.<\/p>\n<p><strong>Un r\u00e9sultat n\u00e9gatif n&rsquo;exclut pas une infection, notamment s&rsquo;il y a eu risque d&rsquo;exposition moins de 3 mois avant de r\u00e9aliser le test. Un r\u00e9sultat positif doit \u00eatre confirm\u00e9 par un test effectu\u00e9 en laboratoire.<\/strong><\/p>","protected":false},"excerpt":{"rendered":"<p><em><span style=\"color: #0000ff;\"><strong>Biosynex Pharma AUTOTEST VIH\u00a0 Fiable a 99%\u00a0<\/strong><\/span><\/em><\/p>\n<p>&nbsp;<\/p>","protected":false},"featured_media":150089,"comment_status":"open","ping_status":"closed","template":"","meta":{"_acf_changed":false},"product_brand":[1608],"product_cat":[30],"product_tag":[],"class_list":{"0":"post-150088","1":"product","2":"type-product","3":"status-publish","4":"has-post-thumbnail","6":"product_brand-biosynex-pharma","7":"product_cat-diagnostic","9":"first","10":"instock","11":"taxable","12":"shipping-taxable","13":"purchasable","14":"product-type-simple"},"acf":[],"_links":{"self":[{"href":"https:\/\/pharmacima.com\/ar\/wp-json\/wp\/v2\/product\/150088","targetHints":{"allow":["GET"]}}],"collection":[{"href":"https:\/\/pharmacima.com\/ar\/wp-json\/wp\/v2\/product"}],"about":[{"href":"https:\/\/pharmacima.com\/ar\/wp-json\/wp\/v2\/types\/product"}],"replies":[{"embeddable":true,"href":"https:\/\/pharmacima.com\/ar\/wp-json\/wp\/v2\/comments?post=150088"}],"wp:featuredmedia":[{"embeddable":true,"href":"https:\/\/pharmacima.com\/ar\/wp-json\/wp\/v2\/media\/150089"}],"wp:attachment":[{"href":"https:\/\/pharmacima.com\/ar\/wp-json\/wp\/v2\/media?parent=150088"}],"wp:term":[{"taxonomy":"product_brand","embeddable":true,"href":"https:\/\/pharmacima.com\/ar\/wp-json\/wp\/v2\/product_brand?post=150088"},{"taxonomy":"product_cat","embeddable":true,"href":"https:\/\/pharmacima.com\/ar\/wp-json\/wp\/v2\/product_cat?post=150088"},{"taxonomy":"product_tag","embeddable":true,"href":"https:\/\/pharmacima.com\/ar\/wp-json\/wp\/v2\/product_tag?post=150088"}],"curies":[{"name":"wp","href":"https:\/\/api.w.org\/{rel}","templated":true}]}}