{"id":150125,"date":"2026-03-04T11:57:38","date_gmt":"2026-03-04T10:57:38","guid":{"rendered":"https:\/\/pharmacima.com\/?post_type=product&#038;p=150125"},"modified":"2026-03-29T12:55:00","modified_gmt":"2026-03-29T11:55:00","slug":"biomla-creme-anesthesiante-biopharm","status":"publish","type":"product","link":"https:\/\/pharmacima.com\/ar\/product\/biomla-creme-anesthesiante-biopharm\/","title":{"rendered":"Biomla creme anesthesiante 30g Biopharm"},"content":{"rendered":"<h1><strong>\u0648\u0635\u0641 :\u00a0<\/strong><\/h1>\n<h2><strong>Biomla\u00ae 30 g est une cr\u00e8me dermatologique anesth\u00e9siante locale Biopharm, fabriqu\u00e9e par Biopharm. Elle contient des anesth\u00e9siques locaux qui aident \u00e0 engourdir temporairement les zones cutan\u00e9es pour r\u00e9duire la douleur ou l\u2019inconfort lors de petites interventions ou de stimulations cutan\u00e9es.<\/strong><\/h2>\n<p>&nbsp;<\/p>\n<h2><strong>\u0627\u0644\u062a\u0631\u0643\u064a\u0628\u0629 :\u00a0<\/strong><\/h2>\n<p data-start=\"830\" data-end=\"936\">La cr\u00e8me est formul\u00e9e avec deux principes actifs anesth\u00e9siants :<\/p>\n<ul data-start=\"938\" data-end=\"1254\">\n<li data-start=\"938\" data-end=\"1080\">\n<p data-start=\"940\" data-end=\"1080\">Lidoca\u00efne \u2014 un anesth\u00e9sique local qui agit en bloquant les signaux de douleur au niveau nerveux.<\/p>\n<\/li>\n<li data-start=\"1081\" data-end=\"1254\">\n<p data-start=\"1083\" data-end=\"1254\">Priloca\u00efne \u2014 un autre anesth\u00e9sique local compl\u00e9mentaire \u00e0 la lidoca\u00efne, utilis\u00e9 pour am\u00e9liorer et prolonger l\u2019effet anesth\u00e9siant.<\/p>\n<\/li>\n<\/ul>\n<p>&nbsp;<\/p>\n<h2><strong>\u0646\u0635\u0627\u0626\u062d \u0627\u0644\u0627\u0633\u062a\u0639\u0645\u0627\u0644 :\u00a0<\/strong><\/h2>\n<p data-start=\"1651\" data-end=\"1689\"><strong data-start=\"1654\" data-end=\"1689\">Avant d\u2019utiliser Biomla cr\u00e8me :<\/strong><\/p>\n<ul data-start=\"1691\" data-end=\"1910\">\n<li data-start=\"1691\" data-end=\"1776\">\n<p data-start=\"1693\" data-end=\"1776\">Lavez et s\u00e9chez soigneusement la zone de peau o\u00f9 vous souhaitez appliquer la cr\u00e8me.<\/p>\n<\/li>\n<li data-start=\"1777\" data-end=\"1910\">\n<p data-start=\"1779\" data-end=\"1910\">\u00c9vitez d\u2019appliquer sur une peau irrit\u00e9e, infect\u00e9e, bless\u00e9e ou pr\u00e9sentant des plaies ouvertes<\/p>\n<\/li>\n<\/ul>\n<p data-start=\"1912\" data-end=\"1938\"><strong data-start=\"1915\" data-end=\"1938\">Comment appliquer :<\/strong><\/p>\n<ol data-start=\"1940\" data-end=\"2350\">\n<li data-start=\"1940\" data-end=\"2046\">\n<p data-start=\"1943\" data-end=\"2046\">Appliquez une fine couche de cr\u00e8me sur la zone concern\u00e9e.<\/p>\n<\/li>\n<li data-start=\"2047\" data-end=\"2141\">\n<p data-start=\"2050\" data-end=\"2141\">Massez doucement jusqu\u2019\u00e0 absorption compl\u00e8te.<\/p>\n<\/li>\n<\/ol>\n<p>&nbsp;<\/p>","protected":false},"excerpt":{"rendered":"<p><span style=\"color: #0000ff;\"><em><strong>Biomla cr\u00e8me \u00e0 effet anesth\u00e9siant<\/strong><\/em><\/span><\/p>\n<p>Soulagement temporaire de la douleur cutan\u00e9e<\/p>\n<p>Tube de 30 g<\/p>","protected":false},"featured_media":150127,"comment_status":"open","ping_status":"closed","template":"","meta":{"_acf_changed":false},"product_brand":[1613],"product_cat":[102,139],"product_tag":[],"class_list":{"0":"post-150125","1":"product","2":"type-product","3":"status-publish","4":"has-post-thumbnail","6":"product_brand-biopharm","7":"product_cat-soin-et-bien-etre","8":"product_cat-corps_","10":"first","11":"instock","12":"taxable","13":"shipping-taxable","14":"purchasable","15":"product-type-simple"},"acf":[],"_links":{"self":[{"href":"https:\/\/pharmacima.com\/ar\/wp-json\/wp\/v2\/product\/150125","targetHints":{"allow":["GET"]}}],"collection":[{"href":"https:\/\/pharmacima.com\/ar\/wp-json\/wp\/v2\/product"}],"about":[{"href":"https:\/\/pharmacima.com\/ar\/wp-json\/wp\/v2\/types\/product"}],"replies":[{"embeddable":true,"href":"https:\/\/pharmacima.com\/ar\/wp-json\/wp\/v2\/comments?post=150125"}],"wp:featuredmedia":[{"embeddable":true,"href":"https:\/\/pharmacima.com\/ar\/wp-json\/wp\/v2\/media\/150127"}],"wp:attachment":[{"href":"https:\/\/pharmacima.com\/ar\/wp-json\/wp\/v2\/media?parent=150125"}],"wp:term":[{"taxonomy":"product_brand","embeddable":true,"href":"https:\/\/pharmacima.com\/ar\/wp-json\/wp\/v2\/product_brand?post=150125"},{"taxonomy":"product_cat","embeddable":true,"href":"https:\/\/pharmacima.com\/ar\/wp-json\/wp\/v2\/product_cat?post=150125"},{"taxonomy":"product_tag","embeddable":true,"href":"https:\/\/pharmacima.com\/ar\/wp-json\/wp\/v2\/product_tag?post=150125"}],"curies":[{"name":"wp","href":"https:\/\/api.w.org\/{rel}","templated":true}]}}