{"id":150129,"date":"2026-03-04T12:15:54","date_gmt":"2026-03-04T11:15:54","guid":{"rendered":"https:\/\/pharmacima.com\/?post_type=product&#038;p=150129"},"modified":"2026-04-16T17:56:22","modified_gmt":"2026-04-16T16:56:22","slug":"mebo-pommade-dermique-15g-julphar","status":"publish","type":"product","link":"https:\/\/pharmacima.com\/ar\/product\/mebo-pommade-dermique-15g-julphar\/","title":{"rendered":"Mebo pommade dermique 15g Julphar"},"content":{"rendered":"<h1><strong>\u0648\u0635\u0641 :\u00a0<\/strong><\/h1>\n<h2 data-start=\"136\" data-end=\"473\">Mebo Pommade Dermique 15 g est une pommade topique formul\u00e9e par Julphar (Gulf Pharmaceutical Industries) pour aider \u00e0 la cicatrisation, \u00e0 la r\u00e9paration et au soulagement des plaies cutan\u00e9es. Elle est souvent utilis\u00e9e pour les br\u00fblures, plaies, ulc\u00e8res et divers traumatismes cutan\u00e9s.<\/h2>\n<h2 data-start=\"475\" data-end=\"707\">Cette pommade est d\u2019origine naturelle et v\u00e9g\u00e9tale, et elle cr\u00e9e un environnement humide qui favorise la r\u00e9g\u00e9n\u00e9ration de la peau l\u00e9s\u00e9e tout en fournissant humidit\u00e9, protection et confort.<\/h2>\n<p>&nbsp;<\/p>\n<h2><strong>\u062f\u0648\u0627\u0639\u064a \u0627\u0644\u0625\u0633\u062a\u0639\u0645\u0627\u0644:\u00a0<\/strong><\/h2>\n<p data-start=\"1671\" data-end=\"1748\">MEBO est g\u00e9n\u00e9ralement recommand\u00e9 pour :<\/p>\n<ul data-start=\"1750\" data-end=\"2086\">\n<li data-start=\"1750\" data-end=\"1837\">\n<p data-start=\"1752\" data-end=\"1837\">Br\u00fblures superficielles (1er et 2e degr\u00e9) \u2013 coup de soleil, br\u00fblures l\u00e9g\u00e8res.<\/p>\n<\/li>\n<li data-start=\"1838\" data-end=\"1881\">\n<p data-start=\"1840\" data-end=\"1881\">Plaies et \u00e9gratignures cutan\u00e9es.<\/p>\n<\/li>\n<li data-start=\"1882\" data-end=\"1932\">\n<p data-start=\"1884\" data-end=\"1932\">Escarres, crevasses (talons, mamelons).<\/p>\n<\/li>\n<li data-start=\"1933\" data-end=\"2025\">\n<p data-start=\"1935\" data-end=\"2025\">Ulc\u00e8res cutan\u00e9s et cicatrices (y compris post-chirurgicales ou post-cosm\u00e9tiques).<\/p>\n<\/li>\n<li data-start=\"2026\" data-end=\"2086\">\n<p data-start=\"2028\" data-end=\"2086\">Soins postop\u00e9ratoires l\u00e9gers, selon avis m\u00e9dical.<\/p>\n<\/li>\n<\/ul>\n<p>&nbsp;<\/p>\n<h2><strong>\u0627\u0644\u062a\u0631\u0643\u064a\u0628\u0629 :\u00a0<\/strong><\/h2>\n<p data-start=\"822\" data-end=\"925\">Les composants de MEBO sont d\u2019origine naturelle et v\u00e9g\u00e9tale :<\/p>\n<ul data-start=\"927\" data-end=\"1363\">\n<li data-start=\"927\" data-end=\"1119\">\n<p data-start=\"929\" data-end=\"1119\">\u03b2-sitost\u00e9rol (\u2248 0,25 %) : un st\u00e9rol v\u00e9g\u00e9tal actif qui aide \u00e0 r\u00e9duire l\u2019inflammation, acc\u00e9l\u00e9rer la r\u00e9g\u00e9n\u00e9ration cellulaire et la cicatrisation.<\/p>\n<\/li>\n<li data-start=\"1120\" data-end=\"1211\">\n<p data-start=\"1122\" data-end=\"1211\">Huile de s\u00e9same : hydrate et nourrit la peau.<\/p>\n<\/li>\n<li data-start=\"1212\" data-end=\"1363\">\n<p data-start=\"1214\" data-end=\"1363\">Cire d\u2019abeille (beeswax) : apporte une texture protectrice et \u00e9molliente, aidant \u00e0 retenir l\u2019hydratation.<\/p>\n<\/li>\n<\/ul>","protected":false},"excerpt":{"rendered":"<p><span style=\"color: #0000ff;\"><em><strong>Mebo Julphar,\u00a0<\/strong><\/em><\/span><\/p>\n<p>aide \u00e0\u00a0gu\u00e9rir, prot\u00e9ger et hydrater la peau l\u00e9s\u00e9e, particuli\u00e8rement en cas de\u00a0br\u00fblures, plaies ou cicatrices.<\/p>\n<p>Tube de 15 g<\/p>","protected":false},"featured_media":150132,"comment_status":"open","ping_status":"closed","template":"","meta":{"_acf_changed":false},"product_brand":[1583],"product_cat":[102,1570,1584],"product_tag":[],"class_list":{"0":"post-150129","1":"product","2":"type-product","3":"status-publish","4":"has-post-thumbnail","6":"product_brand-julphar","7":"product_cat-soin-et-bien-etre","8":"product_cat-brulures","9":"product_cat-cicatrices","11":"first","12":"instock","13":"taxable","14":"shipping-taxable","15":"purchasable","16":"product-type-simple"},"acf":[],"_links":{"self":[{"href":"https:\/\/pharmacima.com\/ar\/wp-json\/wp\/v2\/product\/150129","targetHints":{"allow":["GET"]}}],"collection":[{"href":"https:\/\/pharmacima.com\/ar\/wp-json\/wp\/v2\/product"}],"about":[{"href":"https:\/\/pharmacima.com\/ar\/wp-json\/wp\/v2\/types\/product"}],"replies":[{"embeddable":true,"href":"https:\/\/pharmacima.com\/ar\/wp-json\/wp\/v2\/comments?post=150129"}],"wp:featuredmedia":[{"embeddable":true,"href":"https:\/\/pharmacima.com\/ar\/wp-json\/wp\/v2\/media\/150132"}],"wp:attachment":[{"href":"https:\/\/pharmacima.com\/ar\/wp-json\/wp\/v2\/media?parent=150129"}],"wp:term":[{"taxonomy":"product_brand","embeddable":true,"href":"https:\/\/pharmacima.com\/ar\/wp-json\/wp\/v2\/product_brand?post=150129"},{"taxonomy":"product_cat","embeddable":true,"href":"https:\/\/pharmacima.com\/ar\/wp-json\/wp\/v2\/product_cat?post=150129"},{"taxonomy":"product_tag","embeddable":true,"href":"https:\/\/pharmacima.com\/ar\/wp-json\/wp\/v2\/product_tag?post=150129"}],"curies":[{"name":"wp","href":"https:\/\/api.w.org\/{rel}","templated":true}]}}