{"id":150134,"date":"2026-03-04T12:44:01","date_gmt":"2026-03-04T11:44:01","guid":{"rendered":"https:\/\/pharmacima.com\/?post_type=product&#038;p=150134"},"modified":"2026-03-05T11:35:43","modified_gmt":"2026-03-05T10:35:43","slug":"kit-de-brossage-2-6-ans-prosuitex","status":"publish","type":"product","link":"https:\/\/pharmacima.com\/ar\/product\/kit-de-brossage-2-6-ans-prosuitex\/","title":{"rendered":"Kit De Brossage 2-6 ans Prosuitex"},"content":{"rendered":"<h1><strong>\u0648\u0635\u0641 :\u00a0<\/strong><\/h1>\n<h2><strong>Le Kit de brossage NaturaPro Prosuitex 2-6 ans est un ensemble d\u2019hygi\u00e8ne bucco-dentaire con\u00e7u sp\u00e9cialement pour les jeunes enfants \u00e2g\u00e9s de 2 \u00e0 6 ans, il est fait pour encourager les bonnes habitudes de brossage d\u00e8s le plus jeune \u00e2ge en rendant ce rituel amusant et adapt\u00e9 \u00e0 leurs besoins dentaires.<\/strong><\/h2>","protected":false},"excerpt":{"rendered":"<p>DESCRIPTION :\u00a0 Le Kit de brossage NaturaPro Prosuitex 2-6 ans est un ensemble d\u2019hygi\u00e8ne bucco-dentaire con\u00e7u sp\u00e9cialement pour les jeunes enfants \u00e2g\u00e9s de 2 \u00e0 6 ans, il est fait pour encourager les bonnes habitudes de brossage d\u00e8s le plus jeune \u00e2ge en rendant ce rituel amusant et adapt\u00e9 \u00e0 leurs besoins dentaires.<\/p>","protected":false},"featured_media":150135,"comment_status":"open","ping_status":"closed","template":"","meta":{"_acf_changed":false},"product_brand":[1601],"product_cat":[147],"product_tag":[],"class_list":{"0":"post-150134","1":"product","2":"type-product","3":"status-publish","4":"has-post-thumbnail","6":"product_brand-prosuitex","7":"product_cat-enfant_","8":"pa_couleur-jaune","9":"pa_couleur-rose","10":"pa_couleur-vert","12":"first","13":"instock","14":"taxable","15":"shipping-taxable","16":"purchasable","17":"product-type-variable"},"acf":[],"_links":{"self":[{"href":"https:\/\/pharmacima.com\/ar\/wp-json\/wp\/v2\/product\/150134","targetHints":{"allow":["GET"]}}],"collection":[{"href":"https:\/\/pharmacima.com\/ar\/wp-json\/wp\/v2\/product"}],"about":[{"href":"https:\/\/pharmacima.com\/ar\/wp-json\/wp\/v2\/types\/product"}],"replies":[{"embeddable":true,"href":"https:\/\/pharmacima.com\/ar\/wp-json\/wp\/v2\/comments?post=150134"}],"wp:featuredmedia":[{"embeddable":true,"href":"https:\/\/pharmacima.com\/ar\/wp-json\/wp\/v2\/media\/150135"}],"wp:attachment":[{"href":"https:\/\/pharmacima.com\/ar\/wp-json\/wp\/v2\/media?parent=150134"}],"wp:term":[{"taxonomy":"product_brand","embeddable":true,"href":"https:\/\/pharmacima.com\/ar\/wp-json\/wp\/v2\/product_brand?post=150134"},{"taxonomy":"product_cat","embeddable":true,"href":"https:\/\/pharmacima.com\/ar\/wp-json\/wp\/v2\/product_cat?post=150134"},{"taxonomy":"product_tag","embeddable":true,"href":"https:\/\/pharmacima.com\/ar\/wp-json\/wp\/v2\/product_tag?post=150134"}],"curies":[{"name":"wp","href":"https:\/\/api.w.org\/{rel}","templated":true}]}}