{"id":150139,"date":"2026-03-04T16:22:33","date_gmt":"2026-03-04T15:22:33","guid":{"rendered":"https:\/\/pharmacima.com\/?post_type=product&#038;p=150139"},"modified":"2026-03-05T11:56:38","modified_gmt":"2026-03-05T10:56:38","slug":"coledent-creme-adhesive-naturapro","status":"publish","type":"product","link":"https:\/\/pharmacima.com\/ar\/product\/coledent-creme-adhesive-naturapro\/","title":{"rendered":"Coledent creme adhesive Naturapro"},"content":{"rendered":"<h1><strong>\u0648\u0635\u0641 :\u00a0<\/strong><\/h1>\n<h2>La cr\u00e8me adh\u00e9sive Coledent de Natura Pro assure une adh\u00e9rence continue et une efficacit\u00e9 toute la journ\u00e9e, permettant de manger et de boire en toute confiance.\u00a0Sa formule apaisante \u00e0 la camomille hypoallerg\u00e9nique prend soin de vos g\u00e8nes.\u00a0Elle emp\u00eache les particules alimentaires de s\u2019infiltrer sous votre appareil gr\u00e2ce \u00e0 une barri\u00e8re protectrice.\u00a0Une seule application quotidienne maintient votre appareil en place de mani\u00e8re fiable, pr\u00e9venant ainsi les irritations des gencives li\u00e9es au port de l\u2019appareil dentaire.<\/h2>\n<p>&nbsp;<\/p>\n<h2><strong>\u0627\u0644\u062a\u0631\u0643\u064a\u0628\u0629 :\u00a0<\/strong><\/h2>\n<ul>\n<li data-start=\"1397\" data-end=\"1441\">\n<p data-start=\"1399\" data-end=\"1441\">Cellulose gum \u2013 \u00e9paississant\/adh\u00e9sif<\/p>\n<\/li>\n<li data-start=\"1442\" data-end=\"1495\">\n<p data-start=\"1444\" data-end=\"1495\">Petrolatum \u2013 agent de consistance et adh\u00e9sion<\/p>\n<\/li>\n<li data-start=\"1496\" data-end=\"1561\">\n<p data-start=\"1498\" data-end=\"1561\">Paraffinum liquidum (huile min\u00e9rale) \u2013 aide \u00e0 la fixation<\/p>\n<\/li>\n<li data-start=\"1562\" data-end=\"1636\">\n<p data-start=\"1564\" data-end=\"1636\">Calcium\/sodium PVM\/MA copolymer \u2013 polym\u00e8re qui am\u00e9liore l\u2019adh\u00e9sion<\/p>\n<\/li>\n<li data-start=\"1637\" data-end=\"1873\">\n<p data-start=\"1639\" data-end=\"1873\">Ar\u00f4me \/ parfum \u2013 pour une meilleure exp\u00e9rience sensorielle<\/p>\n<\/li>\n<\/ul>\n<h2><strong>\u00a0<\/strong><\/h2>\n<p>&nbsp;<\/p>","protected":false},"excerpt":{"rendered":"<p><span style=\"color: #0000ff;\"><em><strong>Naturapro, Coledent creme adhesive\u00a0<\/strong><\/em><\/span><\/p>\n<p>Fixation et confort des proth\u00e8ses amovibles<\/p>\n<p>Maintien toute la journ\u00e9e, barri\u00e8re anti-alimentaire, confort des gencives<\/p>","protected":false},"featured_media":150161,"comment_status":"open","ping_status":"closed","template":"","meta":{"_acf_changed":false},"product_brand":[1614],"product_cat":[1598],"product_tag":[],"class_list":{"0":"post-150139","1":"product","2":"type-product","3":"status-publish","4":"has-post-thumbnail","6":"product_brand-naturapro","7":"product_cat-hygiene-bucco-dentaire","8":"pa_gout-_parfum-camomille","9":"pa_gout-_parfum-classique_","10":"pa_gout-_parfum-neutre","12":"first","13":"instock","14":"taxable","15":"shipping-taxable","16":"purchasable","17":"product-type-variable"},"acf":[],"_links":{"self":[{"href":"https:\/\/pharmacima.com\/ar\/wp-json\/wp\/v2\/product\/150139","targetHints":{"allow":["GET"]}}],"collection":[{"href":"https:\/\/pharmacima.com\/ar\/wp-json\/wp\/v2\/product"}],"about":[{"href":"https:\/\/pharmacima.com\/ar\/wp-json\/wp\/v2\/types\/product"}],"replies":[{"embeddable":true,"href":"https:\/\/pharmacima.com\/ar\/wp-json\/wp\/v2\/comments?post=150139"}],"wp:featuredmedia":[{"embeddable":true,"href":"https:\/\/pharmacima.com\/ar\/wp-json\/wp\/v2\/media\/150161"}],"wp:attachment":[{"href":"https:\/\/pharmacima.com\/ar\/wp-json\/wp\/v2\/media?parent=150139"}],"wp:term":[{"taxonomy":"product_brand","embeddable":true,"href":"https:\/\/pharmacima.com\/ar\/wp-json\/wp\/v2\/product_brand?post=150139"},{"taxonomy":"product_cat","embeddable":true,"href":"https:\/\/pharmacima.com\/ar\/wp-json\/wp\/v2\/product_cat?post=150139"},{"taxonomy":"product_tag","embeddable":true,"href":"https:\/\/pharmacima.com\/ar\/wp-json\/wp\/v2\/product_tag?post=150139"}],"curies":[{"name":"wp","href":"https:\/\/api.w.org\/{rel}","templated":true}]}}