{"id":150167,"date":"2026-03-05T12:31:20","date_gmt":"2026-03-05T11:31:20","guid":{"rendered":"https:\/\/pharmacima.com\/?post_type=product&#038;p=150167"},"modified":"2026-03-05T12:34:28","modified_gmt":"2026-03-05T11:34:28","slug":"gel-soulagement-douleurs-50g-septhol","status":"publish","type":"product","link":"https:\/\/pharmacima.com\/ar\/product\/gel-soulagement-douleurs-50g-septhol\/","title":{"rendered":"Gel Soulagement Douleurs 50g Septhol"},"content":{"rendered":"<h1><strong>\u0648\u0635\u0641 :\u00a0<\/strong><\/h1>\n<h2><strong data-start=\"187\" data-end=\"207\">Septhol Gel 50 g<\/strong> <strong>\u0647\u0648<\/strong> <strong data-start=\"215\" data-end=\"322\">gel d\u2019application cutan\u00e9e destin\u00e9 au soulagement local des douleurs musculaires et articulaires l\u00e9g\u00e8res<\/strong><\/h2>\n<p>notamment apr\u00e8s un effort physique, des tensions ou de petits traumatismes comme des bleus, des courbatures et des ecchymoses.<\/p>\n<h3 data-start=\"491\" data-end=\"522\">Indications et utilit\u00e9<\/h3>\n<ul data-start=\"523\" data-end=\"906\">\n<li data-start=\"523\" data-end=\"643\">\n<p data-start=\"525\" data-end=\"643\">Soulage les douleurs musculaires et articulaires apr\u00e8s activit\u00e9 ou effort.<\/p>\n<\/li>\n<li data-start=\"644\" data-end=\"782\">\n<p data-start=\"646\" data-end=\"782\">Aide \u00e0 apaiser les tensions, courbatures et traumatismes b\u00e9nins (bleus, contusions).<\/p>\n<\/li>\n<li data-start=\"783\" data-end=\"906\">\n<p data-start=\"785\" data-end=\"906\">Offre une sensation de confort local avec une l\u00e9g\u00e8re sensation rafra\u00eechissante.<\/p>\n<\/li>\n<\/ul>\n<h2><strong>\u0627\u0633\u062a\u062e\u062f\u0627\u0645 \u0627\u0644\u0645\u0634\u0648\u0631\u0629:\u00a0<\/strong><\/h2>\n<ul>\n<li data-start=\"1262\" data-end=\"1365\">\n<p data-start=\"1264\" data-end=\"1365\">Appliquer une <strong data-start=\"1278\" data-end=\"1324\">fine couche de gel sur la zone douloureuse<\/strong>.<\/p>\n<\/li>\n<li data-start=\"1366\" data-end=\"1457\">\n<p data-start=\"1368\" data-end=\"1457\">\u062a\u062f\u0644\u064a\u0643 <strong data-start=\"1375\" data-end=\"1416\">doucement jusqu\u2019\u00e0 absorption compl\u00e8te<\/strong>.<\/p>\n<\/li>\n<li data-start=\"1458\" data-end=\"1562\">\n<p data-start=\"1460\" data-end=\"1562\">Peut \u00eatre renouvel\u00e9 <strong data-start=\"1480\" data-end=\"1503\">1 \u00e0 3 fois par jour<\/strong> selon les besoins.<\/p>\n<\/li>\n<\/ul>","protected":false},"excerpt":{"rendered":"<p>DESCRIPTION :\u00a0 Septhol Gel 50 g est un gel d\u2019application cutan\u00e9e destin\u00e9 au soulagement local des douleurs musculaires et articulaires l\u00e9g\u00e8res notamment apr\u00e8s un effort physique, des tensions ou de petits traumatismes comme des bleus, des courbatures et des ecchymoses. Indications et utilit\u00e9 Soulage les douleurs musculaires et articulaires apr\u00e8s activit\u00e9 ou effort. Aide \u00e0 [&hellip;]<\/p>\n","protected":false},"featured_media":150168,"comment_status":"open","ping_status":"closed","template":"","meta":{"_acf_changed":false},"product_brand":[1602],"product_cat":[102,139],"product_tag":[],"class_list":{"0":"post-150167","1":"product","2":"type-product","3":"status-publish","4":"has-post-thumbnail","6":"product_brand-laboratoires-pharmaghreb","7":"product_cat-soin-et-bien-etre","8":"product_cat-corps_","10":"first","11":"instock","12":"taxable","13":"shipping-taxable","14":"purchasable","15":"product-type-simple"},"acf":[],"_links":{"self":[{"href":"https:\/\/pharmacima.com\/ar\/wp-json\/wp\/v2\/product\/150167","targetHints":{"allow":["GET"]}}],"collection":[{"href":"https:\/\/pharmacima.com\/ar\/wp-json\/wp\/v2\/product"}],"about":[{"href":"https:\/\/pharmacima.com\/ar\/wp-json\/wp\/v2\/types\/product"}],"replies":[{"embeddable":true,"href":"https:\/\/pharmacima.com\/ar\/wp-json\/wp\/v2\/comments?post=150167"}],"wp:featuredmedia":[{"embeddable":true,"href":"https:\/\/pharmacima.com\/ar\/wp-json\/wp\/v2\/media\/150168"}],"wp:attachment":[{"href":"https:\/\/pharmacima.com\/ar\/wp-json\/wp\/v2\/media?parent=150167"}],"wp:term":[{"taxonomy":"product_brand","embeddable":true,"href":"https:\/\/pharmacima.com\/ar\/wp-json\/wp\/v2\/product_brand?post=150167"},{"taxonomy":"product_cat","embeddable":true,"href":"https:\/\/pharmacima.com\/ar\/wp-json\/wp\/v2\/product_cat?post=150167"},{"taxonomy":"product_tag","embeddable":true,"href":"https:\/\/pharmacima.com\/ar\/wp-json\/wp\/v2\/product_tag?post=150167"}],"curies":[{"name":"wp","href":"https:\/\/api.w.org\/{rel}","templated":true}]}}