{"id":150170,"date":"2026-03-05T12:44:27","date_gmt":"2026-03-05T11:44:27","guid":{"rendered":"https:\/\/pharmacima.com\/?post_type=product&#038;p=150170"},"modified":"2026-03-05T12:44:27","modified_gmt":"2026-03-05T11:44:27","slug":"dentifrice-anti-caries-75ml-signal","status":"publish","type":"product","link":"https:\/\/pharmacima.com\/ar\/product\/dentifrice-anti-caries-75ml-signal\/","title":{"rendered":"Dentifrice Anti Caries 75ml Signal"},"content":{"rendered":"<h1><strong>\u0648\u0635\u0641 :\u00a0<\/strong><\/h1>\n<h2>\u0627\u0644 <strong data-start=\"182\" data-end=\"217\">dentifrice <em data-start=\"195\" data-end=\"203\">Signal<\/em> anti caries<\/strong> est un dentifrice quotidien con\u00e7u pour <strong data-start=\"257\" data-end=\"310\">prot\u00e9ger les dents contre la formation des caries<\/strong> et renforcer l\u2019\u00e9mail gr\u00e2ce \u00e0 une <strong data-start=\"344\" data-end=\"393\">formule enrichie en fluor actif et en calcium<\/strong>.<\/h2>\n<p>Il est adapt\u00e9 \u00e0 un usage familial, avec une action pr\u00e9ventive tout au long de la journ\u00e9e lorsque utilis\u00e9 r\u00e9guli\u00e8rement.<\/p>\n<h3 data-start=\"554\" data-end=\"601\"><strong data-start=\"561\" data-end=\"599\">Principales fonctions et b\u00e9n\u00e9fices Signal<\/strong><\/h3>\n<p data-start=\"602\" data-end=\"1397\"><strong data-start=\"605\" data-end=\"637\">Protection contre les caries<\/strong> : La formule fluor\u00e9e aide \u00e0 prot\u00e9ger l\u2019\u00e9mail dentaire contre les attaques acides issues des r\u00e9sidus alimentaires et des sucres.<\/p>\n<p data-start=\"602\" data-end=\"1397\"><br data-start=\"803\" data-end=\"806\" \/><strong data-start=\"809\" data-end=\"836\">Renforcement de l\u2019\u00e9mail<\/strong> : Gr\u00e2ce \u00e0 des min\u00e9raux comme le <strong data-start=\"869\" data-end=\"892\">micro-calcium actif<\/strong>, le dentifrice contribue \u00e0 renforcer les dents pour les rendre plus r\u00e9sistantes \u00e0 long terme.<\/p>\n<p data-start=\"602\" data-end=\"1397\"><br data-start=\"1024\" data-end=\"1027\" \/><strong data-start=\"1030\" data-end=\"1053\">Action longue dur\u00e9e<\/strong> : Certains produits restent actifs m\u00eame <strong data-start=\"1094\" data-end=\"1117\">entre les brossages<\/strong>, offrant une protection continue.<\/p>\n<p data-start=\"602\" data-end=\"1397\"><br data-start=\"1189\" data-end=\"1192\" \/><strong data-start=\"1195\" data-end=\"1227\">Nettoyage et haleine fra\u00eeche<\/strong>\u00a0 signal: En plus de prot\u00e9ger contre les caries, il aide \u00e0 \u00e9liminer la plaque dentaire et laisse une sensation de propret\u00e9 et de fra\u00eecheur.<\/p>","protected":false},"excerpt":{"rendered":"<p>DESCRIPTION :\u00a0 Le dentifrice Signal anti caries est un dentifrice quotidien con\u00e7u pour prot\u00e9ger les dents contre la formation des caries et renforcer l\u2019\u00e9mail gr\u00e2ce \u00e0 une formule enrichie en fluor actif et en calcium. Il est adapt\u00e9 \u00e0 un usage familial, avec une action pr\u00e9ventive tout au long de la journ\u00e9e lorsque utilis\u00e9 r\u00e9guli\u00e8rement. [&hellip;]<\/p>\n","protected":false},"featured_media":150171,"comment_status":"open","ping_status":"closed","template":"","meta":{"_acf_changed":false},"product_brand":[1620],"product_cat":[1598],"product_tag":[],"class_list":{"0":"post-150170","1":"product","2":"type-product","3":"status-publish","4":"has-post-thumbnail","6":"product_brand-signal","7":"product_cat-hygiene-bucco-dentaire","9":"first","10":"instock","11":"taxable","12":"shipping-taxable","13":"purchasable","14":"product-type-simple"},"acf":[],"_links":{"self":[{"href":"https:\/\/pharmacima.com\/ar\/wp-json\/wp\/v2\/product\/150170","targetHints":{"allow":["GET"]}}],"collection":[{"href":"https:\/\/pharmacima.com\/ar\/wp-json\/wp\/v2\/product"}],"about":[{"href":"https:\/\/pharmacima.com\/ar\/wp-json\/wp\/v2\/types\/product"}],"replies":[{"embeddable":true,"href":"https:\/\/pharmacima.com\/ar\/wp-json\/wp\/v2\/comments?post=150170"}],"wp:featuredmedia":[{"embeddable":true,"href":"https:\/\/pharmacima.com\/ar\/wp-json\/wp\/v2\/media\/150171"}],"wp:attachment":[{"href":"https:\/\/pharmacima.com\/ar\/wp-json\/wp\/v2\/media?parent=150170"}],"wp:term":[{"taxonomy":"product_brand","embeddable":true,"href":"https:\/\/pharmacima.com\/ar\/wp-json\/wp\/v2\/product_brand?post=150170"},{"taxonomy":"product_cat","embeddable":true,"href":"https:\/\/pharmacima.com\/ar\/wp-json\/wp\/v2\/product_cat?post=150170"},{"taxonomy":"product_tag","embeddable":true,"href":"https:\/\/pharmacima.com\/ar\/wp-json\/wp\/v2\/product_tag?post=150170"}],"curies":[{"name":"wp","href":"https:\/\/api.w.org\/{rel}","templated":true}]}}