{"id":150175,"date":"2026-03-05T13:44:45","date_gmt":"2026-03-05T12:44:45","guid":{"rendered":"https:\/\/pharmacima.com\/?post_type=product&#038;p=150175"},"modified":"2026-04-16T18:04:43","modified_gmt":"2026-04-16T17:04:43","slug":"depiwhite-s-soin-50ml-photoprotecteur-acm","status":"publish","type":"product","link":"https:\/\/pharmacima.com\/ar\/product\/depiwhite-s-soin-50ml-photoprotecteur-acm\/","title":{"rendered":"Depiwhite S Soin  50ml Photoprotecteur SPF50 ACM"},"content":{"rendered":"<h1><strong>DESCRIPTION :\u00a0<\/strong><\/h1>\n<h2>Le <strong data-start=\"164\" data-end=\"208\">Soin Photoprotecteur D\u00e9piwhite S SPF 50+<\/strong> acm est un <strong data-start=\"216\" data-end=\"257\">\u00e9cran solaire \u00e0 tr\u00e8s haute protection<\/strong>, sp\u00e9cialement formul\u00e9 pour <strong data-start=\"285\" data-end=\"323\">prot\u00e9ger la peau expos\u00e9e au soleil<\/strong> tout en aidant \u00e0 <strong data-start=\"341\" data-end=\"402\">pr\u00e9venir et att\u00e9nuer l\u2019apparition des taches pigmentaires<\/strong>.<\/h2>\n<p>Il convient particuli\u00e8rement aux peaux sujettes aux <strong data-start=\"456\" data-end=\"498\">taches brunes ou \u00e0 l\u2019hyperpigmentation<\/strong> sur le <strong data-start=\"506\" data-end=\"543\">visage, le d\u00e9collet\u00e9 et les mains<\/strong>.<\/p>\n<h3 data-start=\"589\" data-end=\"620\"><strong data-start=\"596\" data-end=\"620\">Principaux b\u00e9n\u00e9fices<\/strong><\/h3>\n<ul>\n<li>Tr\u00e8s haute protection solaire SPF 50+ contre les rayons UVA et UVB prot\u00e8ge efficacement la peau contre les effets nocifs du soleil.<\/li>\n<li>Action d\u00e9pigmentante compl\u00e9mentaire gr\u00e2ce \u00e0 une association d\u2019actifs v\u00e9g\u00e9taux, aide \u00e0 freiner la production excessive de m\u00e9lanine,<\/li>\n<li>att\u00e9nue les taches brunes existantes et limite leur r\u00e9apparition.<\/li>\n<li>Texture l\u00e9g\u00e8re et fluide \u2014 p\u00e9n\u00e8tre facilement, non grasse, invisible \u00e0 l\u2019application et ne laisse pas de trace blanche.<\/li>\n<li>Sans parfum \u2014 formule adapt\u00e9e m\u00eame aux peaux sensibles.<\/li>\n<li>R\u00e9sistant \u00e0 l\u2019eau \u2014 offre une protection durable, m\u00eame en cas de transpiration ou de baignade.<\/li>\n<\/ul>\n<h2><strong>CONSEIL D&rsquo;UTILISATION :<\/strong><\/h2>\n<ul>\n<li data-start=\"1737\" data-end=\"1872\">\n<p data-start=\"1739\" data-end=\"1872\">Appliquer g\u00e9n\u00e9reusement sur les zones expos\u00e9es 30 minutes avant l\u2019exposition solaire.<\/p>\n<\/li>\n<li data-start=\"1873\" data-end=\"1998\">\n<p data-start=\"1875\" data-end=\"1998\">Renouveler r\u00e9guli\u00e8rement surtout apr\u00e8s avoir transpir\u00e9, nag\u00e9 ou essuy\u00e9 la peau.<\/p>\n<\/li>\n<li data-start=\"1999\" data-end=\"2128\">\n<p data-start=\"2001\" data-end=\"2128\">N\u2019\u00e9vite pas totalement les effets du soleil : r\u00e9duction du temps d\u2019exposition recommand\u00e9.<\/p>\n<\/li>\n<\/ul>\n<h2><strong>COMPOSITION :<\/strong><\/h2>\n<div class=\"block relative bg-transparent has-[.no-content]:hidden\">\n<div class=\"\">\n<div class=\"pt-5\">\n<div class=\"prose-responsive max-w-full text-left lg:text-left block relative bg-transparent \">\n<p><span class=\"metafield-multi_line_text_field\">Aqua (Water), Dicaprylyl Carbonate, Ethylhexyl Methoxycinnamate, Octocrylene, Dipropylene Glycol, Butyl Methoxydibenzoylmethane, Isodecyl Neopentanoate, Steareth-21, C12-15 Alkyl Benzoate, Glyceryl Stearate, Bis-Ethylhexyloxyphenol Methoxyphenyl Triazine, Titanium Dioxide [Nano], Ethylhexyl Triazone, Pearl Powder, Reseda Luteola Extract, Arctostaphylos Uva acm Ursi Leaf Extract, Carum Petroselinum (Parsley) Extract, VP\/Eicosene Copolymer, Polyacrylamide, C13-14 Isoparaffin, Aluminum Hydroxide, Stearic Acid, Xanthan Gum, Laureth-7, Propylene Glycol, Phenoxyethanol, Chlorphenesin, BHT, Citric Acid, Potassium Sorbate,acm Disodium EDTA.<\/span><\/p>\n<\/div>\n<\/div>\n<\/div>\n<\/div>\n","protected":false},"excerpt":{"rendered":"<p>DESCRIPTION :\u00a0 Le Soin Photoprotecteur D\u00e9piwhite S SPF 50+ acm est un \u00e9cran solaire \u00e0 tr\u00e8s haute protection, sp\u00e9cialement formul\u00e9 pour prot\u00e9ger la peau expos\u00e9e au soleil tout en aidant \u00e0 pr\u00e9venir et att\u00e9nuer l\u2019apparition des taches pigmentaires. Il convient particuli\u00e8rement aux peaux sujettes aux taches brunes ou \u00e0 l\u2019hyperpigmentation sur le visage, le d\u00e9collet\u00e9 [&hellip;]<\/p>\n","protected":false},"featured_media":150176,"comment_status":"open","ping_status":"closed","template":"","meta":{"_acf_changed":false},"product_brand":[1567],"product_cat":[102,137],"product_tag":[],"class_list":{"0":"post-150175","1":"product","2":"type-product","3":"status-publish","4":"has-post-thumbnail","6":"product_brand-acm","7":"product_cat-soin-et-bien-etre","8":"product_cat-visage","10":"first","11":"instock","12":"taxable","13":"shipping-taxable","14":"purchasable","15":"product-type-simple"},"acf":[],"_links":{"self":[{"href":"https:\/\/pharmacima.com\/ar\/wp-json\/wp\/v2\/product\/150175","targetHints":{"allow":["GET"]}}],"collection":[{"href":"https:\/\/pharmacima.com\/ar\/wp-json\/wp\/v2\/product"}],"about":[{"href":"https:\/\/pharmacima.com\/ar\/wp-json\/wp\/v2\/types\/product"}],"replies":[{"embeddable":true,"href":"https:\/\/pharmacima.com\/ar\/wp-json\/wp\/v2\/comments?post=150175"}],"wp:featuredmedia":[{"embeddable":true,"href":"https:\/\/pharmacima.com\/ar\/wp-json\/wp\/v2\/media\/150176"}],"wp:attachment":[{"href":"https:\/\/pharmacima.com\/ar\/wp-json\/wp\/v2\/media?parent=150175"}],"wp:term":[{"taxonomy":"product_brand","embeddable":true,"href":"https:\/\/pharmacima.com\/ar\/wp-json\/wp\/v2\/product_brand?post=150175"},{"taxonomy":"product_cat","embeddable":true,"href":"https:\/\/pharmacima.com\/ar\/wp-json\/wp\/v2\/product_cat?post=150175"},{"taxonomy":"product_tag","embeddable":true,"href":"https:\/\/pharmacima.com\/ar\/wp-json\/wp\/v2\/product_tag?post=150175"}],"curies":[{"name":"wp","href":"https:\/\/api.w.org\/{rel}","templated":true}]}}