{"id":150182,"date":"2026-03-05T14:08:06","date_gmt":"2026-03-05T13:08:06","guid":{"rendered":"https:\/\/pharmacima.com\/?post_type=product&#038;p=150182"},"modified":"2026-03-05T14:08:06","modified_gmt":"2026-03-05T13:08:06","slug":"lotion-anti-poux-220ml-poullox","status":"publish","type":"product","link":"https:\/\/pharmacima.com\/ar\/product\/lotion-anti-poux-220ml-poullox\/","title":{"rendered":"Lotion Anti poux 220ml Poullox"},"content":{"rendered":"<h1><strong>\u0648\u0635\u0641 :\u00a0<\/strong><\/h1>\n<h2>\u0647\u0646\u0627\u0643 <strong data-start=\"176\" data-end=\"217\"><span class=\"hover:entity-accent entity-underline inline cursor-pointer align-baseline\"><span class=\"whitespace-normal\">Poullox Lotion Anti\u2011Poux 220 ml<\/span><\/span><\/strong> \u0627\u0646\u0647\u0627 <strong data-start=\"226\" data-end=\"337\">lotion capillaire anti-poux formul\u00e9e pour traiter efficacement les infestations de poux et de lentes (\u0153ufs)<\/strong> sur le cuir chevelu et les cheveux.<\/h2>\n<p>Elle est distribu\u00e9e sous la marque Phytosoft, connue pour ses solutions de soins antiparasitaires capillaires<\/p>\n<h3 data-start=\"533\" data-end=\"564\"><strong data-start=\"540\" data-end=\"564\">Action et efficacit\u00e9<\/strong><\/h3>\n<p data-start=\"565\" data-end=\"1027\">\u00a0\u00c9limine les poux et leurs \u0153ufs : agit directement sur les parasites pour les d\u00e9truire. <br data-start=\"695\" data-end=\"698\" \/>Action m\u00e9canique : sa formule permet d\u2019agir m\u00e9caniquement contre les poux et les lentes, ce qui aide \u00e0 r\u00e9duire le risque de r\u00e9sistance des parasites. <br data-start=\"895\" data-end=\"898\" \/>Efficacit\u00e9 prouv\u00e9e : con\u00e7u pour d\u00e9barrasser rapidement la chevelure des infestations.<\/p>\n<h2 data-start=\"565\" data-end=\"1027\"><strong>\u0627\u0633\u062a\u062e\u062f\u0627\u0645 \u0627\u0644\u0645\u0634\u0648\u0631\u0629:\u00a0<\/strong><\/h2>\n<p>Appliquer la lotion sur le cuir chevelu et l\u2019ensemble des cheveux en massant bien pour impr\u00e9gner toute la chevelure.<\/p>\n<p>Laisser agir environ 15 minutes pour optimiser l\u2019efficacit\u00e9 du traitement.<\/p>","protected":false},"excerpt":{"rendered":"<p>DESCRIPTION :\u00a0 La Poullox Lotion Anti\u2011Poux 220 ml est une lotion capillaire anti-poux formul\u00e9e pour traiter efficacement les infestations de poux et de lentes (\u0153ufs) sur le cuir chevelu et les cheveux. Elle est distribu\u00e9e sous la marque Phytosoft, connue pour ses solutions de soins antiparasitaires capillaires Action et efficacit\u00e9 \u00a0\u00c9limine les poux et leurs [&hellip;]<\/p>\n","protected":false},"featured_media":150183,"comment_status":"open","ping_status":"closed","template":"","meta":{"_acf_changed":false},"product_brand":[1623],"product_cat":[102,138],"product_tag":[],"class_list":{"0":"post-150182","1":"product","2":"type-product","3":"status-publish","4":"has-post-thumbnail","6":"product_brand-phytosoft","7":"product_cat-soin-et-bien-etre","8":"product_cat-cheveux_","10":"first","11":"instock","12":"taxable","13":"shipping-taxable","14":"purchasable","15":"product-type-simple"},"acf":[],"_links":{"self":[{"href":"https:\/\/pharmacima.com\/ar\/wp-json\/wp\/v2\/product\/150182","targetHints":{"allow":["GET"]}}],"collection":[{"href":"https:\/\/pharmacima.com\/ar\/wp-json\/wp\/v2\/product"}],"about":[{"href":"https:\/\/pharmacima.com\/ar\/wp-json\/wp\/v2\/types\/product"}],"replies":[{"embeddable":true,"href":"https:\/\/pharmacima.com\/ar\/wp-json\/wp\/v2\/comments?post=150182"}],"wp:featuredmedia":[{"embeddable":true,"href":"https:\/\/pharmacima.com\/ar\/wp-json\/wp\/v2\/media\/150183"}],"wp:attachment":[{"href":"https:\/\/pharmacima.com\/ar\/wp-json\/wp\/v2\/media?parent=150182"}],"wp:term":[{"taxonomy":"product_brand","embeddable":true,"href":"https:\/\/pharmacima.com\/ar\/wp-json\/wp\/v2\/product_brand?post=150182"},{"taxonomy":"product_cat","embeddable":true,"href":"https:\/\/pharmacima.com\/ar\/wp-json\/wp\/v2\/product_cat?post=150182"},{"taxonomy":"product_tag","embeddable":true,"href":"https:\/\/pharmacima.com\/ar\/wp-json\/wp\/v2\/product_tag?post=150182"}],"curies":[{"name":"wp","href":"https:\/\/api.w.org\/{rel}","templated":true}]}}