{"id":150184,"date":"2026-03-05T14:19:05","date_gmt":"2026-03-05T13:19:05","guid":{"rendered":"https:\/\/pharmacima.com\/?post_type=product&#038;p=150184"},"modified":"2026-03-10T12:06:24","modified_gmt":"2026-03-10T11:06:24","slug":"boite-dappareil-dentaire-denture","status":"publish","type":"product","link":"https:\/\/pharmacima.com\/ar\/product\/boite-dappareil-dentaire-denture\/","title":{"rendered":"Boite d&rsquo;appareil d&rsquo;entaire Denture"},"content":{"rendered":"<h1><strong>\u0648\u0635\u0641 :\u00a0<\/strong><\/h1>\n<h2><strong>La bo\u00eete pour appareil dentaire Denture est un accessoire pratique con\u00e7u pour ranger et prot\u00e9ger les appareils orthodontiques ou dentaires amovibles (goutti\u00e8res, proth\u00e8ses, appareils de contention, etc.)<\/strong><\/h2>\n<p>Fabriqu\u00e9e en mati\u00e8re r\u00e9sistante et l\u00e9g\u00e8re, elle permet de conserver l\u2019appareil \u00e0 l\u2019abri de la poussi\u00e8re, des chocs et des bact\u00e9ries lorsqu\u2019il n\u2019est pas port\u00e9. Son format compact facilite le transport dans un sac ou une poche, ce qui la rend id\u00e9ale pour une utilisation \u00e0 la maison, \u00e0 l\u2019\u00e9cole ou en voyage.<\/p>\n<p>&nbsp;<\/p>","protected":false},"excerpt":{"rendered":"<p>DESCRIPTION :\u00a0 La bo\u00eete pour appareil dentaire Denture est un accessoire pratique con\u00e7u pour ranger et prot\u00e9ger les appareils orthodontiques ou dentaires amovibles (goutti\u00e8res, proth\u00e8ses, appareils de contention, etc.) Fabriqu\u00e9e en mati\u00e8re r\u00e9sistante et l\u00e9g\u00e8re, elle permet de conserver l\u2019appareil \u00e0 l\u2019abri de la poussi\u00e8re, des chocs et des bact\u00e9ries lorsqu\u2019il n\u2019est pas port\u00e9. Son [&hellip;]<\/p>\n","protected":false},"featured_media":150185,"comment_status":"open","ping_status":"closed","template":"","meta":{"_acf_changed":false},"product_brand":[1624],"product_cat":[1598],"product_tag":[],"class_list":{"0":"post-150184","1":"product","2":"type-product","3":"status-publish","4":"has-post-thumbnail","6":"product_brand-denture","7":"product_cat-hygiene-bucco-dentaire","9":"first","10":"instock","11":"taxable","12":"shipping-taxable","13":"purchasable","14":"product-type-simple"},"acf":[],"_links":{"self":[{"href":"https:\/\/pharmacima.com\/ar\/wp-json\/wp\/v2\/product\/150184","targetHints":{"allow":["GET"]}}],"collection":[{"href":"https:\/\/pharmacima.com\/ar\/wp-json\/wp\/v2\/product"}],"about":[{"href":"https:\/\/pharmacima.com\/ar\/wp-json\/wp\/v2\/types\/product"}],"replies":[{"embeddable":true,"href":"https:\/\/pharmacima.com\/ar\/wp-json\/wp\/v2\/comments?post=150184"}],"wp:featuredmedia":[{"embeddable":true,"href":"https:\/\/pharmacima.com\/ar\/wp-json\/wp\/v2\/media\/150185"}],"wp:attachment":[{"href":"https:\/\/pharmacima.com\/ar\/wp-json\/wp\/v2\/media?parent=150184"}],"wp:term":[{"taxonomy":"product_brand","embeddable":true,"href":"https:\/\/pharmacima.com\/ar\/wp-json\/wp\/v2\/product_brand?post=150184"},{"taxonomy":"product_cat","embeddable":true,"href":"https:\/\/pharmacima.com\/ar\/wp-json\/wp\/v2\/product_cat?post=150184"},{"taxonomy":"product_tag","embeddable":true,"href":"https:\/\/pharmacima.com\/ar\/wp-json\/wp\/v2\/product_tag?post=150184"}],"curies":[{"name":"wp","href":"https:\/\/api.w.org\/{rel}","templated":true}]}}