{"id":150187,"date":"2026-03-05T14:27:33","date_gmt":"2026-03-05T13:27:33","guid":{"rendered":"https:\/\/pharmacima.com\/?post_type=product&#038;p=150187"},"modified":"2026-03-05T14:27:34","modified_gmt":"2026-03-05T13:27:34","slug":"dentifrice-natri-bifluor-100g-saidal","status":"publish","type":"product","link":"https:\/\/pharmacima.com\/ar\/product\/dentifrice-natri-bifluor-100g-saidal\/","title":{"rendered":"Dentifrice Natri Bifluor 100g Saidal"},"content":{"rendered":"<h1><strong>\u0648\u0635\u0641 :\u00a0<\/strong><\/h1>\n<h2>\u0627\u0644 <strong data-start=\"123\" data-end=\"153\">dentifrice <em data-start=\"136\" data-end=\"151\">Natri Bifluor<\/em><\/strong> \u0647\u0648 <strong data-start=\"161\" data-end=\"189\">dentifrice th\u00e9rapeutique<\/strong> \u0635\u0646\u0639 \u0644\u0627\u062c\u0644 <strong data-start=\"201\" data-end=\"234\">pr\u00e9venir les caries dentaires<\/strong> \u0648 <strong data-start=\"238\" data-end=\"258\">prot\u00e9ger l\u2019\u00e9mail<\/strong> gr\u00e2ce \u00e0 sa formule enrichie en <strong data-start=\"290\" data-end=\"312\">fluorure de sodium<\/strong>.<\/h2>\n<p>Il est souvent recommand\u00e9 dans les cas o\u00f9 une protection renforc\u00e9e contre les caries est n\u00e9cessaire, notamment pour les personnes \u00e0 risque carieux \u00e9lev\u00e9.<\/p>\n<h3 data-start=\"478\" data-end=\"509\"><strong data-start=\"485\" data-end=\"509\">Principaux b\u00e9n\u00e9fices<\/strong><\/h3>\n<ul>\n<li data-start=\"510\" data-end=\"1019\">Pr\u00e9vention des caries \u2014 Le fluor contenu dans le dentifrice aide \u00e0 renforcer l\u2019\u00e9mail dentaire et \u00e0 lutter contre la formation des caries.<\/li>\n<li data-start=\"510\" data-end=\"1019\">Action remin\u00e9ralisante \u2014 Contribue \u00e0 la remin\u00e9ralisation des zones fragilis\u00e9es de l\u2019\u00e9mail.<\/li>\n<li data-start=\"510\" data-end=\"1019\">Soutien des soins quotidiens \u2014 \u00c0 utiliser dans le cadre d\u2019une hygi\u00e8ne bucco-dentaire r\u00e9guli\u00e8re (au moins 2 fois par jour).<\/li>\n<li data-start=\"510\" data-end=\"1019\">Convient aux adultes et aux enfants \u00e0 partir de l\u2019\u00e2ge indiqu\u00e9 \u2014 souvent \u00e0 partir de 6 ans, selon la concentration en fluor.<\/li>\n<\/ul>","protected":false},"excerpt":{"rendered":"<p>DESCRIPTION :\u00a0 Le dentifrice Natri Bifluor est un dentifrice th\u00e9rapeutique con\u00e7u pour pr\u00e9venir les caries dentaires et prot\u00e9ger l\u2019\u00e9mail gr\u00e2ce \u00e0 sa formule enrichie en fluorure de sodium. Il est souvent recommand\u00e9 dans les cas o\u00f9 une protection renforc\u00e9e contre les caries est n\u00e9cessaire, notamment pour les personnes \u00e0 risque carieux \u00e9lev\u00e9. Principaux b\u00e9n\u00e9fices Pr\u00e9vention [&hellip;]<\/p>\n","protected":false},"featured_media":150188,"comment_status":"open","ping_status":"closed","template":"","meta":{"_acf_changed":false},"product_brand":[1625],"product_cat":[1598],"product_tag":[],"class_list":{"0":"post-150187","1":"product","2":"type-product","3":"status-publish","4":"has-post-thumbnail","6":"product_brand-saidal","7":"product_cat-hygiene-bucco-dentaire","9":"first","10":"instock","11":"taxable","12":"shipping-taxable","13":"purchasable","14":"product-type-simple"},"acf":[],"_links":{"self":[{"href":"https:\/\/pharmacima.com\/ar\/wp-json\/wp\/v2\/product\/150187","targetHints":{"allow":["GET"]}}],"collection":[{"href":"https:\/\/pharmacima.com\/ar\/wp-json\/wp\/v2\/product"}],"about":[{"href":"https:\/\/pharmacima.com\/ar\/wp-json\/wp\/v2\/types\/product"}],"replies":[{"embeddable":true,"href":"https:\/\/pharmacima.com\/ar\/wp-json\/wp\/v2\/comments?post=150187"}],"wp:featuredmedia":[{"embeddable":true,"href":"https:\/\/pharmacima.com\/ar\/wp-json\/wp\/v2\/media\/150188"}],"wp:attachment":[{"href":"https:\/\/pharmacima.com\/ar\/wp-json\/wp\/v2\/media?parent=150187"}],"wp:term":[{"taxonomy":"product_brand","embeddable":true,"href":"https:\/\/pharmacima.com\/ar\/wp-json\/wp\/v2\/product_brand?post=150187"},{"taxonomy":"product_cat","embeddable":true,"href":"https:\/\/pharmacima.com\/ar\/wp-json\/wp\/v2\/product_cat?post=150187"},{"taxonomy":"product_tag","embeddable":true,"href":"https:\/\/pharmacima.com\/ar\/wp-json\/wp\/v2\/product_tag?post=150187"}],"curies":[{"name":"wp","href":"https:\/\/api.w.org\/{rel}","templated":true}]}}