{"id":150190,"date":"2026-03-05T14:46:59","date_gmt":"2026-03-05T13:46:59","guid":{"rendered":"https:\/\/pharmacima.com\/?post_type=product&#038;p=150190"},"modified":"2026-03-05T14:46:59","modified_gmt":"2026-03-05T13:46:59","slug":"polident-original-fixation-44g-healon","status":"publish","type":"product","link":"https:\/\/pharmacima.com\/ar\/product\/polident-original-fixation-44g-healon\/","title":{"rendered":"Polident Original Fixation 44g Healon"},"content":{"rendered":"<h2><strong>\u0648\u0635\u0641 :<\/strong><\/h2>\n<p>\u0627\u0644 <strong data-start=\"1270\" data-end=\"1291\">Polident Original<\/strong> \u0627\u0646\u0647\u0627 <strong data-start=\"1300\" data-end=\"1343\">cr\u00e8me adh\u00e9sive pour proth\u00e8ses dentaires<\/strong> sp\u00e9cialement formul\u00e9e pour offrir une **fixation <strong data-start=\"1393\" data-end=\"1402\">extra<\/strong> forte et un confort optimal tout au long de la journ\u00e9e.<\/p>\n<h3 data-start=\"1498\" data-end=\"1536\"><strong data-start=\"1504\" data-end=\"1536\">\u0627\u0644\u062e\u0635\u0627\u0626\u0635 \u0627\u0644\u0631\u0626\u064a\u0633\u064a\u0629<\/strong><\/h3>\n<p data-start=\"1537\" data-end=\"2337\">&#x2714; Fixation extra forte \u2014 La cr\u00e8me aide \u00e0 maintenir en place les proth\u00e8ses dentaires partielles ou compl\u00e8tes, r\u00e9duisant les mouvements ind\u00e9sirables vers l\u2019avant, l\u2019arri\u00e8re et sur les c\u00f4t\u00e9s de la bouche. <br data-start=\"1784\" data-end=\"1787\" \/>&#x2714; Confort durable \u2014 Permet de porter votre dentier plus confortablement et en toute confiance, sans sensation d\u2019instabilit\u00e9. <br data-start=\"1957\" data-end=\"1960\" \/>&#x2714; Go\u00fbt menthol\u00e9 \u2014 Offre une sensation de fra\u00eecheur agr\u00e9able. <br data-start=\"2066\" data-end=\"2069\" \/>&#x2714; Sans zinc \u2014 Formul\u00e9 sans zinc pour r\u00e9pondre aux recommandations de nombreux professionnels de sant\u00e9.<\/p>","protected":false},"excerpt":{"rendered":"<p>DESCRIPTION : Le Polident Original est une cr\u00e8me adh\u00e9sive pour proth\u00e8ses dentaires sp\u00e9cialement formul\u00e9e pour offrir une **fixation extra forte et un confort optimal tout au long de la journ\u00e9e. Caract\u00e9ristiques principales &#x2714; Fixation extra forte \u2014 La cr\u00e8me aide \u00e0 maintenir en place les proth\u00e8ses dentaires partielles ou compl\u00e8tes, r\u00e9duisant les mouvements ind\u00e9sirables vers [&hellip;]<\/p>\n","protected":false},"featured_media":150191,"comment_status":"open","ping_status":"closed","template":"","meta":{"_acf_changed":false},"product_brand":[1626],"product_cat":[1598],"product_tag":[],"class_list":{"0":"post-150190","1":"product","2":"type-product","3":"status-publish","4":"has-post-thumbnail","6":"product_brand-haleon","7":"product_cat-hygiene-bucco-dentaire","9":"first","10":"instock","11":"taxable","12":"shipping-taxable","13":"purchasable","14":"product-type-simple"},"acf":[],"_links":{"self":[{"href":"https:\/\/pharmacima.com\/ar\/wp-json\/wp\/v2\/product\/150190","targetHints":{"allow":["GET"]}}],"collection":[{"href":"https:\/\/pharmacima.com\/ar\/wp-json\/wp\/v2\/product"}],"about":[{"href":"https:\/\/pharmacima.com\/ar\/wp-json\/wp\/v2\/types\/product"}],"replies":[{"embeddable":true,"href":"https:\/\/pharmacima.com\/ar\/wp-json\/wp\/v2\/comments?post=150190"}],"wp:featuredmedia":[{"embeddable":true,"href":"https:\/\/pharmacima.com\/ar\/wp-json\/wp\/v2\/media\/150191"}],"wp:attachment":[{"href":"https:\/\/pharmacima.com\/ar\/wp-json\/wp\/v2\/media?parent=150190"}],"wp:term":[{"taxonomy":"product_brand","embeddable":true,"href":"https:\/\/pharmacima.com\/ar\/wp-json\/wp\/v2\/product_brand?post=150190"},{"taxonomy":"product_cat","embeddable":true,"href":"https:\/\/pharmacima.com\/ar\/wp-json\/wp\/v2\/product_cat?post=150190"},{"taxonomy":"product_tag","embeddable":true,"href":"https:\/\/pharmacima.com\/ar\/wp-json\/wp\/v2\/product_tag?post=150190"}],"curies":[{"name":"wp","href":"https:\/\/api.w.org\/{rel}","templated":true}]}}