{"id":150192,"date":"2026-03-05T16:55:38","date_gmt":"2026-03-05T15:55:38","guid":{"rendered":"https:\/\/pharmacima.com\/?post_type=product&#038;p=150192"},"modified":"2026-03-05T16:55:39","modified_gmt":"2026-03-05T15:55:39","slug":"photoblock-plus-creme-anti-age-spf50-kalos","status":"publish","type":"product","link":"https:\/\/pharmacima.com\/ar\/product\/photoblock-plus-creme-anti-age-spf50-kalos\/","title":{"rendered":"Photoblock Plus Creme anti age spf50 75g Kalos"},"content":{"rendered":"<h1><strong>\u0648\u0635\u0641 :\u00a0<\/strong><\/h1>\n<h2><strong data-start=\"174\" data-end=\"199\">Kalos Photoblock Plus<\/strong> \u0627\u0646\u0647\u0627 <strong data-start=\"208\" data-end=\"257\">cr\u00e8me solaire \u00e0 tr\u00e8s haute protection SPF 50+<\/strong>, sp\u00e9cialement formul\u00e9e pour <strong data-start=\"286\" data-end=\"349\">prot\u00e9ger la peau du visage et du corps contre les rayons UV<\/strong> tout en offrant un <strong data-start=\"369\" data-end=\"387\">effet anti-\u00e2ge<\/strong>.<\/h2>\n<p>Gr\u00e2ce \u00e0 sa formule avanc\u00e9e, elle aide \u00e0 pr\u00e9venir les signes visibles du vieillissement cutan\u00e9 caus\u00e9s par l\u2019exposition au soleil (rides, perte d\u2019\u00e9lasticit\u00e9, taches pigmentaires), tout en assurant une protection solaire optimale kalos.<\/p>\n<h3 data-start=\"627\" data-end=\"658\"><strong data-start=\"634\" data-end=\"658\">Principaux b\u00e9n\u00e9fices kalos<\/strong><\/h3>\n<ul>\n<li data-start=\"659\" data-end=\"1384\">\u00a0Tr\u00e8s haute protection SPF 50+ \u2014 Prot\u00e8ge efficacement contre les rayons UVA et UVB, principaux responsables des dommages cutan\u00e9s li\u00e9s au soleil.<\/li>\n<li data-start=\"659\" data-end=\"1384\">Effet anti-\u00e2ge \u2014 Enrichie en ingr\u00e9dients qui aident \u00e0 pr\u00e9venir et att\u00e9nuer les signes du vieillissement cutan\u00e9 dus aux UV (rides, ridules, perte de fermet\u00e9).<\/li>\n<li data-start=\"659\" data-end=\"1384\">Formule fluide et l\u00e9g\u00e8re \u2014 S\u2019\u00e9tale facilement, p\u00e9n\u00e8tre rapidement sans laisser de film gras ou de traces blanches.<\/li>\n<li data-start=\"659\" data-end=\"1384\">Hydratation et confort \u2014 Nourrit la peau tout au long de l\u2019exposition, id\u00e9ale pour les peaux sensibles ou sujettes au vieillissement pr\u00e9matur\u00e9.<\/li>\n<li data-start=\"659\" data-end=\"1384\">R\u00e9sistante \u00e0 l\u2019eau \u2014 Convient pour une utilisation au quotidien, en ville, \u00e0 la plage ou lors d\u2019activit\u00e9s ext\u00e9rieures.<\/li>\n<\/ul>\n<h2><strong>\u0627\u0633\u062a\u062e\u062f\u0627\u0645 \u0627\u0644\u0645\u0634\u0648\u0631\u0629:<\/strong><\/h2>\n<p>Appliquer g\u00e9n\u00e9reusement sur la peau propre et s\u00e8che 30 minutes avant l\u2019exposition au soleil.<\/p>","protected":false},"excerpt":{"rendered":"<p>DESCRIPTION :\u00a0 Kalos Photoblock Plus est une cr\u00e8me solaire \u00e0 tr\u00e8s haute protection SPF 50+, sp\u00e9cialement formul\u00e9e pour prot\u00e9ger la peau du visage et du corps contre les rayons UV tout en offrant un effet anti-\u00e2ge. Gr\u00e2ce \u00e0 sa formule avanc\u00e9e, elle aide \u00e0 pr\u00e9venir les signes visibles du vieillissement cutan\u00e9 caus\u00e9s par l\u2019exposition au [&hellip;]<\/p>\n","protected":false},"featured_media":150193,"comment_status":"open","ping_status":"closed","template":"","meta":{"_acf_changed":false},"product_brand":[1556],"product_cat":[102,137],"product_tag":[],"class_list":{"0":"post-150192","1":"product","2":"type-product","3":"status-publish","4":"has-post-thumbnail","6":"product_brand-kalos","7":"product_cat-soin-et-bien-etre","8":"product_cat-visage","10":"first","11":"instock","12":"taxable","13":"shipping-taxable","14":"purchasable","15":"product-type-simple"},"acf":[],"_links":{"self":[{"href":"https:\/\/pharmacima.com\/ar\/wp-json\/wp\/v2\/product\/150192","targetHints":{"allow":["GET"]}}],"collection":[{"href":"https:\/\/pharmacima.com\/ar\/wp-json\/wp\/v2\/product"}],"about":[{"href":"https:\/\/pharmacima.com\/ar\/wp-json\/wp\/v2\/types\/product"}],"replies":[{"embeddable":true,"href":"https:\/\/pharmacima.com\/ar\/wp-json\/wp\/v2\/comments?post=150192"}],"wp:featuredmedia":[{"embeddable":true,"href":"https:\/\/pharmacima.com\/ar\/wp-json\/wp\/v2\/media\/150193"}],"wp:attachment":[{"href":"https:\/\/pharmacima.com\/ar\/wp-json\/wp\/v2\/media?parent=150192"}],"wp:term":[{"taxonomy":"product_brand","embeddable":true,"href":"https:\/\/pharmacima.com\/ar\/wp-json\/wp\/v2\/product_brand?post=150192"},{"taxonomy":"product_cat","embeddable":true,"href":"https:\/\/pharmacima.com\/ar\/wp-json\/wp\/v2\/product_cat?post=150192"},{"taxonomy":"product_tag","embeddable":true,"href":"https:\/\/pharmacima.com\/ar\/wp-json\/wp\/v2\/product_tag?post=150192"}],"curies":[{"name":"wp","href":"https:\/\/api.w.org\/{rel}","templated":true}]}}