{"id":150197,"date":"2026-03-05T17:13:16","date_gmt":"2026-03-05T16:13:16","guid":{"rendered":"https:\/\/pharmacima.com\/?post_type=product&#038;p=150197"},"modified":"2026-03-05T17:13:16","modified_gmt":"2026-03-05T16:13:16","slug":"varitetine-anti-colique-caoutchou-remond","status":"publish","type":"product","link":"https:\/\/pharmacima.com\/ar\/product\/varitetine-anti-colique-caoutchou-remond\/","title":{"rendered":"Varit\u00e9tine Anti colique Caoutchou +4mois Dbb remond"},"content":{"rendered":"<h1><strong>\u0648\u0635\u0641 :<\/strong><\/h1>\n<h2 data-start=\"149\" data-end=\"452\">\u0647\u0646\u0627\u0643 <strong data-start=\"152\" data-end=\"192\">Vari t\u00e9tine en caoutchouc R\u00e9mond DBB<\/strong> \u0627\u0646\u0647\u0627 <strong data-start=\"201\" data-end=\"257\">t\u00e9tine de rechange universelle en caoutchouc naturel<\/strong>, con\u00e7ue pour s\u2019adapter \u00e0 une grande vari\u00e9t\u00e9 de <strong data-start=\"305\" data-end=\"336\">biberons et sucettes <\/strong>.<\/h2>\n<p data-start=\"149\" data-end=\"452\">Elle est sp\u00e9cialement d\u00e9velopp\u00e9e pour offrir confort, s\u00e9curit\u00e9 et douceur \u00e0 votre b\u00e9b\u00e9 lors de l\u2019alimentation.<\/p>\n<h3 data-start=\"459\" data-end=\"498\"><strong data-start=\"466\" data-end=\"498\">\u0627\u0644\u062e\u0635\u0627\u0626\u0635 \u0627\u0644\u0631\u0626\u064a\u0633\u064a\u0629<\/strong><\/h3>\n<ul>\n<li data-start=\"499\" data-end=\"996\">\u00a0Caoutchouc naturel\u00a0 Mati\u00e8re souple et douce, id\u00e9ale pour la bouche des nourrissons.<\/li>\n<li data-start=\"499\" data-end=\"996\">Adaptabilit\u00e9 universelle\u00a0 Peut \u00eatre utilis\u00e9e avec plusieurs mod\u00e8les de biberons R\u00e9mond.<\/li>\n<li data-start=\"499\" data-end=\"996\">Flux variable Adapt\u00e9e \u00e0 diff\u00e9rents \u00e2ges et besoins de b\u00e9b\u00e9 selon la taille du trou (petit, moyen, grand).<\/li>\n<li data-start=\"499\" data-end=\"996\">Forme ergonomique\u00a0 Facilite la succion naturelle et r\u00e9duit les coliques.<\/li>\n<li data-start=\"499\" data-end=\"996\">Facile \u00e0 nettoyer\u00a0 Compatible avec le lavage \u00e0 l\u2019eau chaude, au liquide vaisselle ou en st\u00e9rilisateur.<\/li>\n<\/ul>\n<p>&nbsp;<\/p>","protected":false},"excerpt":{"rendered":"<p>DESCRIPTION : La Vari t\u00e9tine en caoutchouc R\u00e9mond DBB est une t\u00e9tine de rechange universelle en caoutchouc naturel, con\u00e7ue pour s\u2019adapter \u00e0 une grande vari\u00e9t\u00e9 de biberons et sucettes . Elle est sp\u00e9cialement d\u00e9velopp\u00e9e pour offrir confort, s\u00e9curit\u00e9 et douceur \u00e0 votre b\u00e9b\u00e9 lors de l\u2019alimentation. Caract\u00e9ristiques principales \u00a0Caoutchouc naturel\u00a0 Mati\u00e8re souple et douce, id\u00e9ale [&hellip;]<\/p>\n","protected":false},"featured_media":150198,"comment_status":"open","ping_status":"closed","template":"","meta":{"_acf_changed":false},"product_brand":[1627],"product_cat":[102,1603],"product_tag":[],"class_list":{"0":"post-150197","1":"product","2":"type-product","3":"status-publish","4":"has-post-thumbnail","6":"product_brand-dbb-remond","7":"product_cat-soin-et-bien-etre","8":"product_cat-bebe","10":"first","11":"instock","12":"taxable","13":"shipping-taxable","14":"purchasable","15":"product-type-simple"},"acf":[],"_links":{"self":[{"href":"https:\/\/pharmacima.com\/ar\/wp-json\/wp\/v2\/product\/150197","targetHints":{"allow":["GET"]}}],"collection":[{"href":"https:\/\/pharmacima.com\/ar\/wp-json\/wp\/v2\/product"}],"about":[{"href":"https:\/\/pharmacima.com\/ar\/wp-json\/wp\/v2\/types\/product"}],"replies":[{"embeddable":true,"href":"https:\/\/pharmacima.com\/ar\/wp-json\/wp\/v2\/comments?post=150197"}],"wp:featuredmedia":[{"embeddable":true,"href":"https:\/\/pharmacima.com\/ar\/wp-json\/wp\/v2\/media\/150198"}],"wp:attachment":[{"href":"https:\/\/pharmacima.com\/ar\/wp-json\/wp\/v2\/media?parent=150197"}],"wp:term":[{"taxonomy":"product_brand","embeddable":true,"href":"https:\/\/pharmacima.com\/ar\/wp-json\/wp\/v2\/product_brand?post=150197"},{"taxonomy":"product_cat","embeddable":true,"href":"https:\/\/pharmacima.com\/ar\/wp-json\/wp\/v2\/product_cat?post=150197"},{"taxonomy":"product_tag","embeddable":true,"href":"https:\/\/pharmacima.com\/ar\/wp-json\/wp\/v2\/product_tag?post=150197"}],"curies":[{"name":"wp","href":"https:\/\/api.w.org\/{rel}","templated":true}]}}