{"id":150217,"date":"2026-03-07T11:35:29","date_gmt":"2026-03-07T10:35:29","guid":{"rendered":"https:\/\/pharmacima.com\/?post_type=product&#038;p=150217"},"modified":"2026-03-08T12:03:38","modified_gmt":"2026-03-08T11:03:38","slug":"shampooing-bebe-400ml-hiposol","status":"publish","type":"product","link":"https:\/\/pharmacima.com\/ar\/product\/shampooing-bebe-400ml-hiposol\/","title":{"rendered":"Shampooing Bebe 400ml Hiposol"},"content":{"rendered":"<h1><strong>\u0648\u0635\u0641 :\u00a0<\/strong><\/h1>\n<h2><strong>Hiposol Shampooing B\u00e9b\u00e9 400 ml est un shampooing doux sp\u00e9cialement formul\u00e9 pour les cheveux fins et le cuir chevelu sensible des b\u00e9b\u00e9s et des jeunes enfants. Il nettoie d\u00e9licatement les cheveux tout en respectant l\u2019\u00e9quilibre naturel de la peau.<\/strong><\/h2>\n<p>&nbsp;<\/p>\n<h2>MODE D&rsquo;UTILISATION :<\/h2>\n<ol>\n<li>Humidifiez les cheveux de votre b\u00e9b\u00e9 \u00e0 l&rsquo;eau ti\u00e8de.<\/li>\n<li>Appliquez une petite quantit\u00e9 de shampooing sur les cheveux.<\/li>\n<li>Faites mousser d\u00e9licatement en massant le cuir chevelu avec les doigts.<\/li>\n<li>Rincez soigneusement \u00e0 l&rsquo;eau claire.<\/li>\n<li>Essuyez doucement les cheveux de votre b\u00e9b\u00e9 avec une serviette douce.<\/li>\n<\/ol>\n<h2><strong>PRECAUTIONS :\u00a0<\/strong><\/h2>\n<ul>\n<li data-section-id=\"30ko05\" data-start=\"2044\" data-end=\"2118\">\n<p data-start=\"2046\" data-end=\"2118\">\u00c9viter le contact avec les yeux (rincer imm\u00e9diatement si cela arrive).<\/p>\n<\/li>\n<li data-section-id=\"1v3ad5u\" data-start=\"2119\" data-end=\"2137\">\n<p data-start=\"2121\" data-end=\"2137\">\u0644\u0627 \u0627\u0628\u062a\u0644\u0627\u0639.<\/p>\n<\/li>\n<li data-section-id=\"qyt6jd\" data-start=\"2138\" data-end=\"2217\">\n<p data-start=\"2140\" data-end=\"2217\">Conserver hors de port\u00e9e des enfants.<\/p>\n<\/li>\n<\/ul>\n<p>HIPOSOL<\/p>","protected":false},"excerpt":{"rendered":"<p>DESCRIPTION :\u00a0 Hiposol Shampooing B\u00e9b\u00e9 400 ml est un shampooing doux sp\u00e9cialement formul\u00e9 pour les cheveux fins et le cuir chevelu sensible des b\u00e9b\u00e9s et des jeunes enfants. Il nettoie d\u00e9licatement les cheveux tout en respectant l\u2019\u00e9quilibre naturel de la peau. &nbsp; MODE D&rsquo;UTILISATION : Humidifiez les cheveux de votre b\u00e9b\u00e9 \u00e0 l&rsquo;eau ti\u00e8de. Appliquez [&hellip;]<\/p>\n","protected":false},"featured_media":150219,"comment_status":"open","ping_status":"closed","template":"","meta":{"_acf_changed":false},"product_brand":[1552],"product_cat":[102,1603,138,147],"product_tag":[],"class_list":{"0":"post-150217","1":"product","2":"type-product","3":"status-publish","4":"has-post-thumbnail","6":"product_brand-hiposol","7":"product_cat-soin-et-bien-etre","8":"product_cat-bebe","9":"product_cat-cheveux_","10":"product_cat-enfant_","12":"first","13":"instock","14":"taxable","15":"shipping-taxable","16":"purchasable","17":"product-type-simple"},"acf":[],"_links":{"self":[{"href":"https:\/\/pharmacima.com\/ar\/wp-json\/wp\/v2\/product\/150217","targetHints":{"allow":["GET"]}}],"collection":[{"href":"https:\/\/pharmacima.com\/ar\/wp-json\/wp\/v2\/product"}],"about":[{"href":"https:\/\/pharmacima.com\/ar\/wp-json\/wp\/v2\/types\/product"}],"replies":[{"embeddable":true,"href":"https:\/\/pharmacima.com\/ar\/wp-json\/wp\/v2\/comments?post=150217"}],"wp:featuredmedia":[{"embeddable":true,"href":"https:\/\/pharmacima.com\/ar\/wp-json\/wp\/v2\/media\/150219"}],"wp:attachment":[{"href":"https:\/\/pharmacima.com\/ar\/wp-json\/wp\/v2\/media?parent=150217"}],"wp:term":[{"taxonomy":"product_brand","embeddable":true,"href":"https:\/\/pharmacima.com\/ar\/wp-json\/wp\/v2\/product_brand?post=150217"},{"taxonomy":"product_cat","embeddable":true,"href":"https:\/\/pharmacima.com\/ar\/wp-json\/wp\/v2\/product_cat?post=150217"},{"taxonomy":"product_tag","embeddable":true,"href":"https:\/\/pharmacima.com\/ar\/wp-json\/wp\/v2\/product_tag?post=150217"}],"curies":[{"name":"wp","href":"https:\/\/api.w.org\/{rel}","templated":true}]}}