{"id":150223,"date":"2026-03-07T11:51:15","date_gmt":"2026-03-07T10:51:15","guid":{"rendered":"https:\/\/pharmacima.com\/?post_type=product&#038;p=150223"},"modified":"2026-03-08T12:03:53","modified_gmt":"2026-03-08T11:03:53","slug":"eau-de-cologne-bebe-400ml-hiposol","status":"publish","type":"product","link":"https:\/\/pharmacima.com\/ar\/product\/eau-de-cologne-bebe-400ml-hiposol\/","title":{"rendered":"Eau de cologne Bebe 400ml Hiposol"},"content":{"rendered":"<h1><strong>\u0648\u0635\u0641 :\u00a0<\/strong><\/h1>\n<h2><strong>L\u2019Hiposol Eau de Cologne B\u00e9b\u00e9 400 ml est un parfum l\u00e9ger sp\u00e9cialement con\u00e7u pour la peau sensible des b\u00e9b\u00e9s et des jeunes enfants. Il apporte une sensation de fra\u00eecheur et de propret\u00e9 apr\u00e8s le bain ou \u00e0 tout moment de la journ\u00e9e.<\/strong><\/h2>\n<p>&nbsp;<\/p>\n<h2><strong>CARACTERISTIQUE PRINCIPALES :<\/strong><\/h2>\n<ul>\n<li data-section-id=\"1sxdtz7\" data-start=\"576\" data-end=\"624\">\n<p data-start=\"578\" data-end=\"624\">Parfum frais et d\u00e9licat adapt\u00e9 aux b\u00e9b\u00e9s<\/p>\n<\/li>\n<li data-section-id=\"11saz7\" data-start=\"625\" data-end=\"674\">\n<p data-start=\"627\" data-end=\"674\">Respecte la peau sensible des nourrissons<\/p>\n<\/li>\n<li data-section-id=\"143ir7r\" data-start=\"675\" data-end=\"737\">\n<p data-start=\"677\" data-end=\"737\">Contient tr\u00e8s peu d\u2019alcool pour \u00e9viter les irritations<\/p>\n<\/li>\n<li data-section-id=\"y5qdyg\" data-start=\"738\" data-end=\"793\">\n<p data-start=\"740\" data-end=\"793\">Peut \u00eatre appliqu\u00e9 sur la peau ou les v\u00eatements<\/p>\n<\/li>\n<li data-section-id=\"rpxj3q\" data-start=\"794\" data-end=\"890\">\n<p data-start=\"796\" data-end=\"890\">Procure une sensation de fra\u00eecheur et de bien-\u00eatre<\/p>\n<\/li>\n<\/ul>","protected":false},"excerpt":{"rendered":"<p>DESCRIPTION :\u00a0 L\u2019Hiposol Eau de Cologne B\u00e9b\u00e9 400 ml est un parfum l\u00e9ger sp\u00e9cialement con\u00e7u pour la peau sensible des b\u00e9b\u00e9s et des jeunes enfants. Il apporte une sensation de fra\u00eecheur et de propret\u00e9 apr\u00e8s le bain ou \u00e0 tout moment de la journ\u00e9e. &nbsp; CARACTERISTIQUE PRINCIPALES : Parfum frais et d\u00e9licat adapt\u00e9 aux b\u00e9b\u00e9s [&hellip;]<\/p>\n","protected":false},"featured_media":150224,"comment_status":"open","ping_status":"closed","template":"","meta":{"_acf_changed":false},"product_brand":[1552],"product_cat":[102,1603,147],"product_tag":[],"class_list":{"0":"post-150223","1":"product","2":"type-product","3":"status-publish","4":"has-post-thumbnail","6":"product_brand-hiposol","7":"product_cat-soin-et-bien-etre","8":"product_cat-bebe","9":"product_cat-enfant_","11":"first","12":"instock","13":"taxable","14":"shipping-taxable","15":"purchasable","16":"product-type-simple"},"acf":[],"_links":{"self":[{"href":"https:\/\/pharmacima.com\/ar\/wp-json\/wp\/v2\/product\/150223","targetHints":{"allow":["GET"]}}],"collection":[{"href":"https:\/\/pharmacima.com\/ar\/wp-json\/wp\/v2\/product"}],"about":[{"href":"https:\/\/pharmacima.com\/ar\/wp-json\/wp\/v2\/types\/product"}],"replies":[{"embeddable":true,"href":"https:\/\/pharmacima.com\/ar\/wp-json\/wp\/v2\/comments?post=150223"}],"wp:featuredmedia":[{"embeddable":true,"href":"https:\/\/pharmacima.com\/ar\/wp-json\/wp\/v2\/media\/150224"}],"wp:attachment":[{"href":"https:\/\/pharmacima.com\/ar\/wp-json\/wp\/v2\/media?parent=150223"}],"wp:term":[{"taxonomy":"product_brand","embeddable":true,"href":"https:\/\/pharmacima.com\/ar\/wp-json\/wp\/v2\/product_brand?post=150223"},{"taxonomy":"product_cat","embeddable":true,"href":"https:\/\/pharmacima.com\/ar\/wp-json\/wp\/v2\/product_cat?post=150223"},{"taxonomy":"product_tag","embeddable":true,"href":"https:\/\/pharmacima.com\/ar\/wp-json\/wp\/v2\/product_tag?post=150223"}],"curies":[{"name":"wp","href":"https:\/\/api.w.org\/{rel}","templated":true}]}}