{"id":150225,"date":"2026-03-07T12:03:14","date_gmt":"2026-03-07T11:03:14","guid":{"rendered":"https:\/\/pharmacima.com\/?post_type=product&#038;p=150225"},"modified":"2026-03-08T11:41:50","modified_gmt":"2026-03-08T10:41:50","slug":"creme-reparatrice-50-ml-cicatryl-acm","status":"publish","type":"product","link":"https:\/\/pharmacima.com\/ar\/product\/creme-reparatrice-50-ml-cicatryl-acm\/","title":{"rendered":"Creme Reparatrice 50ml cicatryl Acm"},"content":{"rendered":"<h1><strong>\u0648\u0635\u0641 :\u00a0<\/strong><\/h1>\n<h2 class=\"ng-star-inserted\"><strong><span class=\"ng-star-inserted\">\u0647\u0646\u0627\u0643\u00a0<\/span><span class=\"ng-star-inserted\">Cicatryl Repair<\/span><span class=\"ng-star-inserted\"> ACM, est le soin grand format indispensable pour soulager les petits bobos du quotidien de toute la famille. Cette cr\u00e8me r\u00e9paratrice est sp\u00e9cialement formul\u00e9e pour traiter les <\/span><span class=\"ng-star-inserted\">irritations superficielles<\/span><span class=\"ng-star-inserted\">\u060c \u0627\u0644\u00a0<\/span><span class=\"ng-star-inserted\">\u0627\u062d\u0645\u0631\u0627\u0631<\/span><span class=\"ng-star-inserted\">\u00a0\u0648 \u0627\u0644\u00a0<\/span><span class=\"ng-star-inserted\">coups de soleil<\/span><span class=\"ng-star-inserted\">.<\/span><\/strong><\/h2>\n<h2 class=\"ng-star-inserted\"><strong><span class=\"ng-star-inserted\">Gr\u00e2ce \u00e0 sa texture onctueuse et hydratante, elle agit comme un v\u00e9ritable pansement liquide. Elle forme une couche protectrice (effet filmog\u00e8ne) \u00e0 la surface de la peau qui maintient un environnement humide, condition id\u00e9ale pour acc\u00e9l\u00e9rer le processus naturel de cicatrisation et de r\u00e9paration de la barri\u00e8re cutan\u00e9e. Elle apaise imm\u00e9diatement les sensations d\u2019\u00e9chauffement dues aux frottements ou \u00e0 l\u2019exposition solaire.<\/span><\/strong><\/h2>\n<p>&nbsp;<\/p>\n<h2><strong>\u0646\u0635\u0627\u0626\u062d \u0627\u0644\u0627\u0633\u062a\u0639\u0645\u0627\u0644 :\u00a0<\/strong><\/h2>\n<p><span class=\"ng-star-inserted\">Appliquez une couche \u00e9paisse de cr\u00e8me sur la zone \u00e0 traiter propre et s\u00e8che. Massez l\u00e9g\u00e8rement pour faire p\u00e9n\u00e9trer.<\/span><br class=\"ng-star-inserted\" \/><span class=\"ng-star-inserted\">Pr\u00e9cautions :<\/span><span class=\"ng-star-inserted\">\u00a0Se laver les mains avant utilisation. Ne pas appliquer sur les muqueuses ou dans les yeux.<\/span><br class=\"ng-star-inserted\" \/><strong class=\"ng-star-inserted\"><span class=\"ng-star-inserted\">\u0645\u0648\u0627\u0646\u0639 :<\/span><\/strong><span class=\"ng-star-inserted\">\u00a0Ne pas utiliser chez la femme enceinte ou allaitante.<\/span><\/p>","protected":false},"excerpt":{"rendered":"<p>DESCRIPTION :\u00a0 La\u00a0Cicatryl Repair ACM, est le soin grand format indispensable pour soulager les petits bobos du quotidien de toute la famille. Cette cr\u00e8me r\u00e9paratrice est sp\u00e9cialement formul\u00e9e pour traiter les irritations superficielles, les\u00a0rougeurs\u00a0et les\u00a0coups de soleil. Gr\u00e2ce \u00e0 sa texture onctueuse et hydratante, elle agit comme un v\u00e9ritable pansement liquide. Elle forme une couche [&hellip;]<\/p>\n","protected":false},"featured_media":150235,"comment_status":"open","ping_status":"closed","template":"","meta":{"_acf_changed":false},"product_brand":[1595,1567],"product_cat":[1584],"product_tag":[],"class_list":{"0":"post-150225","1":"product","2":"type-product","3":"status-publish","4":"has-post-thumbnail","6":"product_brand-cicatryl","7":"product_brand-acm","8":"product_cat-cicatrices","10":"first","11":"instock","12":"taxable","13":"shipping-taxable","14":"purchasable","15":"product-type-simple"},"acf":[],"_links":{"self":[{"href":"https:\/\/pharmacima.com\/ar\/wp-json\/wp\/v2\/product\/150225","targetHints":{"allow":["GET"]}}],"collection":[{"href":"https:\/\/pharmacima.com\/ar\/wp-json\/wp\/v2\/product"}],"about":[{"href":"https:\/\/pharmacima.com\/ar\/wp-json\/wp\/v2\/types\/product"}],"replies":[{"embeddable":true,"href":"https:\/\/pharmacima.com\/ar\/wp-json\/wp\/v2\/comments?post=150225"}],"wp:featuredmedia":[{"embeddable":true,"href":"https:\/\/pharmacima.com\/ar\/wp-json\/wp\/v2\/media\/150235"}],"wp:attachment":[{"href":"https:\/\/pharmacima.com\/ar\/wp-json\/wp\/v2\/media?parent=150225"}],"wp:term":[{"taxonomy":"product_brand","embeddable":true,"href":"https:\/\/pharmacima.com\/ar\/wp-json\/wp\/v2\/product_brand?post=150225"},{"taxonomy":"product_cat","embeddable":true,"href":"https:\/\/pharmacima.com\/ar\/wp-json\/wp\/v2\/product_cat?post=150225"},{"taxonomy":"product_tag","embeddable":true,"href":"https:\/\/pharmacima.com\/ar\/wp-json\/wp\/v2\/product_tag?post=150225"}],"curies":[{"name":"wp","href":"https:\/\/api.w.org\/{rel}","templated":true}]}}