{"id":150233,"date":"2026-03-07T15:28:37","date_gmt":"2026-03-07T14:28:37","guid":{"rendered":"https:\/\/pharmacima.com\/?post_type=product&#038;p=150233"},"modified":"2026-03-08T12:02:16","modified_gmt":"2026-03-08T11:02:16","slug":"gel-de-silicone-15ml-cicatryl-acm","status":"publish","type":"product","link":"https:\/\/pharmacima.com\/ar\/product\/gel-de-silicone-15ml-cicatryl-acm\/","title":{"rendered":"Gel de Silicone 15ml Cicatryl Acm"},"content":{"rendered":"<h1><strong>\u0648\u0635\u0641 :\u00a0<\/strong><\/h1>\n<h2>Le gel de silicone Cicatryl Acm,\u00a0 pour cicatrices de 15 ml am\u00e9liore l\u2019apparence des cicatrices en hydratant et en assouplissant la peau. Sa formule cr\u00e9e une barri\u00e8re protectrice favorisant la r\u00e9g\u00e9n\u00e9ration cutan\u00e9e, r\u00e9duisant ainsi la visibilit\u00e9 des cicatrices. Pour des r\u00e9sultats optimaux, une utilisation r\u00e9guli\u00e8re conform\u00e9ment aux instructions est recommand\u00e9e, bien que les am\u00e9liorations puissent n\u00e9cessiter plusieurs semaines voire mois.<\/h2>\n<p>&nbsp;<\/p>\n<h2><strong>\u0646\u0635\u0627\u0626\u062d \u0627\u0644\u0627\u0633\u062a\u0639\u0645\u0627\u0644 :\u00a0<\/strong><\/h2>\n<ol>\n<li>Nettoyez la zone de la cicatrice, puis appliquez le gel de silicone Cicatryl deux fois par jour.<\/li>\n<li>Massez doucement si n\u00e9cessaire et suivez la fr\u00e9quence d\u2019application recommand\u00e9e pour de meilleurs r\u00e9sultats.<\/li>\n<li>Soyez patient car l\u2019am\u00e9lioration peut prendre du temps; consultez un professionnel de la sant\u00e9 pour des cicatrices complexes<\/li>\n<\/ol>\n<p>&nbsp;<\/p>","protected":false},"excerpt":{"rendered":"<h4><span style=\"color: #0000ff;\"><em>Le gel de silicone Cicatryl Acm<\/em><\/span><\/h4>\n<p>Contribue \u00e0 am\u00e9liorer l\u2019apparence des cicatrices<\/p>","protected":false},"featured_media":150234,"comment_status":"open","ping_status":"closed","template":"","meta":{"_acf_changed":false},"product_brand":[1595,1567],"product_cat":[1584],"product_tag":[],"class_list":{"0":"post-150233","1":"product","2":"type-product","3":"status-publish","4":"has-post-thumbnail","6":"product_brand-cicatryl","7":"product_brand-acm","8":"product_cat-cicatrices","10":"first","11":"instock","12":"taxable","13":"shipping-taxable","14":"purchasable","15":"product-type-simple"},"acf":[],"_links":{"self":[{"href":"https:\/\/pharmacima.com\/ar\/wp-json\/wp\/v2\/product\/150233","targetHints":{"allow":["GET"]}}],"collection":[{"href":"https:\/\/pharmacima.com\/ar\/wp-json\/wp\/v2\/product"}],"about":[{"href":"https:\/\/pharmacima.com\/ar\/wp-json\/wp\/v2\/types\/product"}],"replies":[{"embeddable":true,"href":"https:\/\/pharmacima.com\/ar\/wp-json\/wp\/v2\/comments?post=150233"}],"wp:featuredmedia":[{"embeddable":true,"href":"https:\/\/pharmacima.com\/ar\/wp-json\/wp\/v2\/media\/150234"}],"wp:attachment":[{"href":"https:\/\/pharmacima.com\/ar\/wp-json\/wp\/v2\/media?parent=150233"}],"wp:term":[{"taxonomy":"product_brand","embeddable":true,"href":"https:\/\/pharmacima.com\/ar\/wp-json\/wp\/v2\/product_brand?post=150233"},{"taxonomy":"product_cat","embeddable":true,"href":"https:\/\/pharmacima.com\/ar\/wp-json\/wp\/v2\/product_cat?post=150233"},{"taxonomy":"product_tag","embeddable":true,"href":"https:\/\/pharmacima.com\/ar\/wp-json\/wp\/v2\/product_tag?post=150233"}],"curies":[{"name":"wp","href":"https:\/\/api.w.org\/{rel}","templated":true}]}}