{"id":150236,"date":"2026-03-07T16:08:16","date_gmt":"2026-03-07T15:08:16","guid":{"rendered":"https:\/\/pharmacima.com\/?post_type=product&#038;p=150236"},"modified":"2026-03-15T15:47:50","modified_gmt":"2026-03-15T14:47:50","slug":"talc-parfume-bebe-100g-hiposol","status":"publish","type":"product","link":"https:\/\/pharmacima.com\/ar\/product\/talc-parfume-bebe-100g-hiposol\/","title":{"rendered":"Talc parfume bebe 100g Hiposol"},"content":{"rendered":"<h1><strong>\u0648\u0635\u0641 :\u00a0<\/strong><\/h1>\n<h2><strong>Le Hiposol Talc B\u00e9b\u00e9 Parfum\u00e9 100 g est une poudre de talc douce sp\u00e9cialement con\u00e7ue pour la peau sensible des b\u00e9b\u00e9s. Il aide \u00e0 garder la peau s\u00e8che, douce et fra\u00eeche en absorbant l\u2019humidit\u00e9, surtout dans les zones couvertes par la couche ou les plis de la peau.<\/strong><\/h2>\n<p>&nbsp;<\/p>\n<h2><strong>\u0627\u0644\u062a\u0631\u0643\u064a\u0628\u0629 :\u00a0<\/strong><\/h2>\n<ul>\n<li data-section-id=\"vj4fm\" data-start=\"627\" data-end=\"703\">\n<p data-start=\"629\" data-end=\"703\">Talc (silicate de magn\u00e9sium) : absorbe l\u2019humidit\u00e9 et prot\u00e8ge la peau<\/p>\n<\/li>\n<li data-section-id=\"16nlb53\" data-start=\"704\" data-end=\"750\">\n<p data-start=\"706\" data-end=\"750\">Parfum doux : donne une odeur agr\u00e9able<\/p>\n<\/li>\n<li data-section-id=\"8u7b6j\" data-start=\"751\" data-end=\"814\">\n<p data-start=\"753\" data-end=\"814\">Parfois agents adoucissants ou protecteurs pour la peau<\/p>\n<\/li>\n<\/ul>","protected":false},"excerpt":{"rendered":"<p><span style=\"color: #0000ff;\"><em><strong>Le Hiposol Talc B\u00e9b\u00e9 Parfum\u00e9<\/strong><\/em><\/span><\/p>\n<p>Garde la peau douce, fra\u00eeche et confortable<\/p>","protected":false},"featured_media":150237,"comment_status":"open","ping_status":"closed","template":"","meta":{"_acf_changed":false},"product_brand":[1552],"product_cat":[102,1603,147],"product_tag":[],"class_list":{"0":"post-150236","1":"product","2":"type-product","3":"status-publish","4":"has-post-thumbnail","6":"product_brand-hiposol","7":"product_cat-soin-et-bien-etre","8":"product_cat-bebe","9":"product_cat-enfant_","11":"first","12":"instock","13":"taxable","14":"shipping-taxable","15":"purchasable","16":"product-type-simple"},"acf":[],"_links":{"self":[{"href":"https:\/\/pharmacima.com\/ar\/wp-json\/wp\/v2\/product\/150236","targetHints":{"allow":["GET"]}}],"collection":[{"href":"https:\/\/pharmacima.com\/ar\/wp-json\/wp\/v2\/product"}],"about":[{"href":"https:\/\/pharmacima.com\/ar\/wp-json\/wp\/v2\/types\/product"}],"replies":[{"embeddable":true,"href":"https:\/\/pharmacima.com\/ar\/wp-json\/wp\/v2\/comments?post=150236"}],"wp:featuredmedia":[{"embeddable":true,"href":"https:\/\/pharmacima.com\/ar\/wp-json\/wp\/v2\/media\/150237"}],"wp:attachment":[{"href":"https:\/\/pharmacima.com\/ar\/wp-json\/wp\/v2\/media?parent=150236"}],"wp:term":[{"taxonomy":"product_brand","embeddable":true,"href":"https:\/\/pharmacima.com\/ar\/wp-json\/wp\/v2\/product_brand?post=150236"},{"taxonomy":"product_cat","embeddable":true,"href":"https:\/\/pharmacima.com\/ar\/wp-json\/wp\/v2\/product_cat?post=150236"},{"taxonomy":"product_tag","embeddable":true,"href":"https:\/\/pharmacima.com\/ar\/wp-json\/wp\/v2\/product_tag?post=150236"}],"curies":[{"name":"wp","href":"https:\/\/api.w.org\/{rel}","templated":true}]}}