{"id":150238,"date":"2026-03-07T16:14:16","date_gmt":"2026-03-07T15:14:16","guid":{"rendered":"https:\/\/pharmacima.com\/?post_type=product&#038;p=150238"},"modified":"2026-03-08T11:59:58","modified_gmt":"2026-03-08T10:59:58","slug":"talc-parfume-baby-powder-250g-hiposol","status":"publish","type":"product","link":"https:\/\/pharmacima.com\/ar\/product\/talc-parfume-baby-powder-250g-hiposol\/","title":{"rendered":"Talc Parfume baby Powder 250g Hiposol"},"content":{"rendered":"<h1><strong>\u0648\u0635\u0641 :<\/strong><\/h1>\n<h3>Hiposol Talc Parfum\u00e9 Pour B\u00e9b\u00e9\u00a0 :<\/h3>\n<ul>\n<li>Une poudre de talc parfum\u00e9e adh\u00e8re facilement \u00e0 la peau et est exempte de rugosit\u00e9<\/li>\n<li>Utilis\u00e9 dans l\u2019absorption de l\u2019humidit\u00e9 des parties du corps sensibles<\/li>\n<li>Appliquer directement sur la peau en \u00e9vitant la zone de la bouche, des yeux et des muqueuse<\/li>\n<\/ul>\n<p>&nbsp;<\/p>\n<h2><strong>MODE D&rsquo;UTILISATION :\u00a0<\/strong><\/h2>\n<ul>\n<li data-section-id=\"wdr8wr\" data-start=\"1411\" data-end=\"1466\">\n<p data-start=\"1414\" data-end=\"1466\">Verser une petite quantit\u00e9 de poudre dans la main.<\/p>\n<\/li>\n<li data-section-id=\"5q1zpf\" data-start=\"1467\" data-end=\"1512\">\n<p data-start=\"1470\" data-end=\"1512\">Appliquer doucement sur la peau du b\u00e9b\u00e9.<\/p>\n<\/li>\n<li data-section-id=\"13x23iu\" data-start=\"1513\" data-end=\"1609\">\n<p data-start=\"1516\" data-end=\"1609\">Utiliser surtout apr\u00e8s le bain ou lors du change.<\/p>\n<\/li>\n<\/ul>","protected":false},"excerpt":{"rendered":"<h4><span style=\"color: #0000ff;\"><em><strong>Hiposol Talc Parfum\u00e9<\/strong><\/em><\/span><\/h4>\n<p>Douce et parfum\u00e9e<br \/>\nAbsorbe l\u2019exc\u00e8s d\u2019humidit\u00e9 de la peau<\/p>","protected":false},"featured_media":150239,"comment_status":"open","ping_status":"closed","template":"","meta":{"_acf_changed":false},"product_brand":[1552],"product_cat":[102,1603,147],"product_tag":[],"class_list":{"0":"post-150238","1":"product","2":"type-product","3":"status-publish","4":"has-post-thumbnail","6":"product_brand-hiposol","7":"product_cat-soin-et-bien-etre","8":"product_cat-bebe","9":"product_cat-enfant_","11":"first","12":"instock","13":"taxable","14":"shipping-taxable","15":"purchasable","16":"product-type-simple"},"acf":[],"_links":{"self":[{"href":"https:\/\/pharmacima.com\/ar\/wp-json\/wp\/v2\/product\/150238","targetHints":{"allow":["GET"]}}],"collection":[{"href":"https:\/\/pharmacima.com\/ar\/wp-json\/wp\/v2\/product"}],"about":[{"href":"https:\/\/pharmacima.com\/ar\/wp-json\/wp\/v2\/types\/product"}],"replies":[{"embeddable":true,"href":"https:\/\/pharmacima.com\/ar\/wp-json\/wp\/v2\/comments?post=150238"}],"wp:featuredmedia":[{"embeddable":true,"href":"https:\/\/pharmacima.com\/ar\/wp-json\/wp\/v2\/media\/150239"}],"wp:attachment":[{"href":"https:\/\/pharmacima.com\/ar\/wp-json\/wp\/v2\/media?parent=150238"}],"wp:term":[{"taxonomy":"product_brand","embeddable":true,"href":"https:\/\/pharmacima.com\/ar\/wp-json\/wp\/v2\/product_brand?post=150238"},{"taxonomy":"product_cat","embeddable":true,"href":"https:\/\/pharmacima.com\/ar\/wp-json\/wp\/v2\/product_cat?post=150238"},{"taxonomy":"product_tag","embeddable":true,"href":"https:\/\/pharmacima.com\/ar\/wp-json\/wp\/v2\/product_tag?post=150238"}],"curies":[{"name":"wp","href":"https:\/\/api.w.org\/{rel}","templated":true}]}}