{"id":150257,"date":"2026-03-08T14:23:49","date_gmt":"2026-03-08T13:23:49","guid":{"rendered":"https:\/\/pharmacima.com\/?post_type=product&#038;p=150257"},"modified":"2026-03-08T15:40:15","modified_gmt":"2026-03-08T14:40:15","slug":"appareil-lombaire-thoraco-dyna","status":"publish","type":"product","link":"https:\/\/pharmacima.com\/ar\/product\/appareil-lombaire-thoraco-dyna\/","title":{"rendered":"Appareil Lombaire Thoraco Dyna"},"content":{"rendered":"<h1><strong>DESCRIPTION :\u00a0<\/strong><\/h1>\n<h2><strong>L\u2019<span class=\"hover:entity-accent entity-underline inline cursor-pointer align-baseline\"><span class=\"whitespace-normal\">Appareil Lombaire Thoraco Dyna<\/span><\/span> est une orth\u00e8se (corset) m\u00e9dicale utilis\u00e9e pour soutenir et immobiliser la colonne vert\u00e9brale lombaire et thoracique. Elle sert surtout \u00e0 stabiliser le dos, diminuer la douleur et favoriser la gu\u00e9rison apr\u00e8s certaines pathologies ou traumatismes.<\/strong><\/h2>\n<div class=\"flex flex-col text-sm pb-25\">\n<article class=\"text-token-text-primary w-full focus:outline-none [--shadow-height:45px] has-data-writing-block:pointer-events-none has-data-writing-block:-mt-(--shadow-height) has-data-writing-block:pt-(--shadow-height) [&amp;:has([data-writing-block])&gt;*]:pointer-events-auto scroll-mt-[calc(var(--header-height)+min(200px,max(70px,20svh)))]\" dir=\"auto\" tabindex=\"-1\" data-turn-id=\"request-WEB:eec526ad-0727-492b-827d-5ffff765a690-1\" data-testid=\"conversation-turn-4\" data-scroll-anchor=\"true\" data-turn=\"assistant\">\n<div class=\"text-base my-auto mx-auto pb-10 [--thread-content-margin:var(--thread-content-margin-xs,calc(var(--spacing)*4))] @w-sm\/main:[--thread-content-margin:var(--thread-content-margin-sm,calc(var(--spacing)*6))] @w-lg\/main:[--thread-content-margin:var(--thread-content-margin-lg,calc(var(--spacing)*16))] px-(--thread-content-margin)\">\n<div class=\"[--thread-content-max-width:40rem] @w-lg\/main:[--thread-content-max-width:48rem] mx-auto max-w-(--thread-content-max-width) flex-1 group\/turn-messages focus-visible:outline-hidden relative flex w-full min-w-0 flex-col agent-turn\" tabindex=\"-1\">\n<div class=\"flex max-w-full flex-col gap-4 grow\">\n<div class=\"min-h-8 text-message relative flex w-full flex-col items-end gap-2 text-start break-words whitespace-normal [.text-message+&amp;]:mt-1\" dir=\"auto\" data-message-author-role=\"assistant\" data-message-id=\"21c16c48-8038-45a1-a071-5a146faa95a3\" data-message-model-slug=\"gpt-5-3\">\n<div class=\"flex w-full flex-col gap-1 empty:hidden\">\n<div class=\"markdown prose dark:prose-invert w-full wrap-break-word light markdown-new-styling\">\n<p data-start=\"0\" data-end=\"389\" data-is-last-node=\"\" data-is-only-node=\"\">C\u2019est un corset rigide ou semi-rigide qui couvre la zone thoraco-lombaire, c\u2019est-\u00e0-dire le milieu et le bas du dos. Il est g\u00e9n\u00e9ralement fabriqu\u00e9 avec des plaques rigides ou des baleines m\u00e9talliques, une structure en tissu renforc\u00e9 et des sangles de serrage r\u00e9glables. Cet appareil permet de limiter les mouvements de la colonne vert\u00e9brale, notamment la flexion, l\u2019extension et la rotation.<\/p>\n<\/div>\n<\/div>\n<\/div>\n<\/div>\n<div class=\"z-0 flex min-h-[46px] justify-start\"><\/div>\n<\/div>\n<\/div>\n<\/article>\n<\/div>\n<h2><strong>INDICATIONS :\u00a0<\/strong><\/h2>\n<ul>\n<li data-section-id=\"1439x7k\" data-start=\"793\" data-end=\"831\">\n<p data-start=\"796\" data-end=\"831\">Fractures vert\u00e9brales stables<\/p>\n<\/li>\n<li data-section-id=\"w66mwp\" data-start=\"832\" data-end=\"873\">\n<p data-start=\"835\" data-end=\"873\">Lombalgies s\u00e9v\u00e8res ou chroniques<\/p>\n<\/li>\n<li data-section-id=\"qse7x7\" data-start=\"874\" data-end=\"917\">\n<p data-start=\"877\" data-end=\"917\">Hernie discale lombaire ou dorsale<\/p>\n<\/li>\n<li data-section-id=\"k2ncd5\" data-start=\"918\" data-end=\"967\">\n<p data-start=\"921\" data-end=\"967\">Apr\u00e8s chirurgie de la colonne vert\u00e9brale<\/p>\n<\/li>\n<li data-section-id=\"ma0k34\" data-start=\"968\" data-end=\"1010\">\n<p data-start=\"971\" data-end=\"1010\">Scoliose ou cyphose chez l\u2019adulte<\/p>\n<\/li>\n<li data-section-id=\"101h06e\" data-start=\"1011\" data-end=\"1074\">\n<p data-start=\"1014\" data-end=\"1074\">Tassement vert\u00e9bral (souvent chez les personnes \u00e2g\u00e9es)<\/p>\n<\/li>\n<li data-section-id=\"1uscx06\" data-start=\"1075\" data-end=\"1121\">\n<p data-start=\"1078\" data-end=\"1121\">Traumatismes du rachis thoraco-lombaire<\/p>\n<\/li>\n<\/ul>\n","protected":false},"excerpt":{"rendered":"<p><span style=\"color: #0000ff;\"><em><strong>Dynamic Techno Medicals,<\/strong><\/em>\u00a0<\/span><em><span style=\"color: #0000ff;\"><strong>Thoraco Lumbar Appliance<\/strong><\/span><\/em><\/p>\n<ul>\n<li data-section-id=\"1k6uv7i\" data-start=\"1150\" data-end=\"1192\">\n<p data-start=\"1152\" data-end=\"1192\">Immobiliser et stabiliser la colonne<\/p>\n<\/li>\n<li data-section-id=\"1l8a5mp\" data-start=\"1193\" data-end=\"1217\">\n<p data-start=\"1195\" data-end=\"1217\">R\u00e9duire la douleur<\/p>\n<\/li>\n<\/ul>","protected":false},"featured_media":150258,"comment_status":"open","ping_status":"closed","template":"","meta":{"_acf_changed":false},"product_brand":[1591],"product_cat":[23],"product_tag":[],"class_list":{"0":"post-150257","1":"product","2":"type-product","3":"status-publish","4":"has-post-thumbnail","6":"product_brand-dynamic-medicals","7":"product_cat-orthopedie_contention","8":"pa_taille-l","10":"first","11":"instock","12":"taxable","13":"shipping-taxable","14":"purchasable","15":"product-type-variable"},"acf":[],"_links":{"self":[{"href":"https:\/\/pharmacima.com\/ar\/wp-json\/wp\/v2\/product\/150257","targetHints":{"allow":["GET"]}}],"collection":[{"href":"https:\/\/pharmacima.com\/ar\/wp-json\/wp\/v2\/product"}],"about":[{"href":"https:\/\/pharmacima.com\/ar\/wp-json\/wp\/v2\/types\/product"}],"replies":[{"embeddable":true,"href":"https:\/\/pharmacima.com\/ar\/wp-json\/wp\/v2\/comments?post=150257"}],"wp:featuredmedia":[{"embeddable":true,"href":"https:\/\/pharmacima.com\/ar\/wp-json\/wp\/v2\/media\/150258"}],"wp:attachment":[{"href":"https:\/\/pharmacima.com\/ar\/wp-json\/wp\/v2\/media?parent=150257"}],"wp:term":[{"taxonomy":"product_brand","embeddable":true,"href":"https:\/\/pharmacima.com\/ar\/wp-json\/wp\/v2\/product_brand?post=150257"},{"taxonomy":"product_cat","embeddable":true,"href":"https:\/\/pharmacima.com\/ar\/wp-json\/wp\/v2\/product_cat?post=150257"},{"taxonomy":"product_tag","embeddable":true,"href":"https:\/\/pharmacima.com\/ar\/wp-json\/wp\/v2\/product_tag?post=150257"}],"curies":[{"name":"wp","href":"https:\/\/api.w.org\/{rel}","templated":true}]}}