{"id":150260,"date":"2026-03-08T14:37:57","date_gmt":"2026-03-08T13:37:57","guid":{"rendered":"https:\/\/pharmacima.com\/?post_type=product&#038;p=150260"},"modified":"2026-03-08T14:44:54","modified_gmt":"2026-03-08T13:44:54","slug":"brosse-rose-gold-dryer-brush-enzo-pro","status":"publish","type":"product","link":"https:\/\/pharmacima.com\/ar\/product\/brosse-rose-gold-dryer-brush-enzo-pro\/","title":{"rendered":"Brosse Rose Gold Dryer Brush Enzo Pro"},"content":{"rendered":"<h2><strong>\u0648\u0635\u0641 :\u00a0<\/strong><\/h2>\n<h2>La Enzo Pro Rose Gold Dryer Brush est une brosse chauffante multifonction con\u00e7ue pour s\u00e9cher, lisser et donner du volume aux cheveux en m\u00eame temps.<\/h2>\n<p>C\u2019est un outil de coiffure pratique qui combine un s\u00e8che-cheveux et une brosse coiffante pour obtenir un brushing rapide avec un r\u00e9sultat professionnel \u00e0 la maison.<\/p>\n<h4 data-start=\"413\" data-end=\"448\">\u0627\u0644\u062e\u0635\u0627\u0626\u0635 \u0627\u0644\u0631\u0626\u064a\u0633\u064a\u0629<\/h4>\n<ul data-start=\"449\" data-end=\"1058\">\n<li data-section-id=\"16m715s\" data-start=\"449\" data-end=\"563\">\n<p data-start=\"451\" data-end=\"563\">2-en-1 : s\u00e8che-cheveux + brosse volumisante pour un brushing facile.<\/p>\n<\/li>\n<li data-section-id=\"1k3j12x\" data-start=\"564\" data-end=\"693\">\n<p data-start=\"566\" data-end=\"693\">Technologie c\u00e9ramique qui r\u00e9partit la chaleur uniform\u00e9ment et r\u00e9duit les frisottis.<\/p>\n<\/li>\n<li data-section-id=\"11006fv\" data-start=\"694\" data-end=\"802\">\n<p data-start=\"696\" data-end=\"802\">Technologie ionique pour des cheveux plus lisses et brillants.<\/p>\n<\/li>\n<li data-section-id=\"gmrw59\" data-start=\"803\" data-end=\"931\">\n<p data-start=\"805\" data-end=\"931\">Plusieurs r\u00e9glages de chaleur et de vitesse adapt\u00e9s \u00e0 diff\u00e9rents types de cheveux.<\/p>\n<\/li>\n<li data-section-id=\"1iruymy\" data-start=\"932\" data-end=\"1058\">\n<p data-start=\"934\" data-end=\"1058\">Design ergonomique et l\u00e9ger avec c\u00e2ble rotatif 360\u00b0 pour une utilisation facile.<\/p>\n<\/li>\n<\/ul>","protected":false},"excerpt":{"rendered":"<p>DESCRIPTION :\u00a0 La Enzo Pro Rose Gold Dryer Brush est une brosse chauffante multifonction con\u00e7ue pour s\u00e9cher, lisser et donner du volume aux cheveux en m\u00eame temps. C\u2019est un outil de coiffure pratique qui combine un s\u00e8che-cheveux et une brosse coiffante pour obtenir un brushing rapide avec un r\u00e9sultat professionnel \u00e0 la maison. Caract\u00e9ristiques principales [&hellip;]<\/p>\n","protected":false},"featured_media":150261,"comment_status":"open","ping_status":"closed","template":"","meta":{"_acf_changed":false},"product_brand":[1628],"product_cat":[102,138],"product_tag":[],"class_list":{"0":"post-150260","1":"product","2":"type-product","3":"status-publish","4":"has-post-thumbnail","6":"product_brand-enzo-profesionnal","7":"product_cat-soin-et-bien-etre","8":"product_cat-cheveux_","10":"first","11":"instock","12":"taxable","13":"shipping-taxable","14":"purchasable","15":"product-type-simple"},"acf":[],"_links":{"self":[{"href":"https:\/\/pharmacima.com\/ar\/wp-json\/wp\/v2\/product\/150260","targetHints":{"allow":["GET"]}}],"collection":[{"href":"https:\/\/pharmacima.com\/ar\/wp-json\/wp\/v2\/product"}],"about":[{"href":"https:\/\/pharmacima.com\/ar\/wp-json\/wp\/v2\/types\/product"}],"replies":[{"embeddable":true,"href":"https:\/\/pharmacima.com\/ar\/wp-json\/wp\/v2\/comments?post=150260"}],"wp:featuredmedia":[{"embeddable":true,"href":"https:\/\/pharmacima.com\/ar\/wp-json\/wp\/v2\/media\/150261"}],"wp:attachment":[{"href":"https:\/\/pharmacima.com\/ar\/wp-json\/wp\/v2\/media?parent=150260"}],"wp:term":[{"taxonomy":"product_brand","embeddable":true,"href":"https:\/\/pharmacima.com\/ar\/wp-json\/wp\/v2\/product_brand?post=150260"},{"taxonomy":"product_cat","embeddable":true,"href":"https:\/\/pharmacima.com\/ar\/wp-json\/wp\/v2\/product_cat?post=150260"},{"taxonomy":"product_tag","embeddable":true,"href":"https:\/\/pharmacima.com\/ar\/wp-json\/wp\/v2\/product_tag?post=150260"}],"curies":[{"name":"wp","href":"https:\/\/api.w.org\/{rel}","templated":true}]}}