{"id":150263,"date":"2026-03-08T15:11:56","date_gmt":"2026-03-08T14:11:56","guid":{"rendered":"https:\/\/pharmacima.com\/?post_type=product&#038;p=150263"},"modified":"2026-03-08T15:11:56","modified_gmt":"2026-03-08T14:11:56","slug":"brosse-lisseur-keratine-enzo-profesionnal","status":"publish","type":"product","link":"https:\/\/pharmacima.com\/ar\/product\/brosse-lisseur-keratine-enzo-profesionnal\/","title":{"rendered":"Brosse Lisseur Keratine Enzo Profesionnal"},"content":{"rendered":"<h1><strong>\u0648\u0635\u0641 :<\/strong><\/h1>\n<h2>Le Enzo Professional Advanced Straight Hair Comb 1288F est un peigne lisseur chauffant professionnel con\u00e7u pour lisser et discipliner les cheveux rapidement tout en leur donnant un aspect doux et brillant.<\/h2>\n<p>Cet outil combine la simplicit\u00e9 d\u2019un peigne classique avec la puissance d\u2019un appareil chauffant pour obtenir un r\u00e9sultat de coiffure rapide et efficace.<\/p>\n<h3 data-section-id=\"sivoxu\" data-start=\"473\" data-end=\"507\">\u0627\u0644\u062e\u0635\u0627\u0626\u0635 \u0627\u0644\u0631\u0626\u064a\u0633\u064a\u0629<\/h3>\n<ul data-start=\"508\" data-end=\"1162\">\n<li data-section-id=\"1dezjpy\" data-start=\"508\" data-end=\"651\">\n<p data-start=\"510\" data-end=\"651\">Technologie c\u00e9ramique et tourmaline qui r\u00e9partit la chaleur uniform\u00e9ment et r\u00e9duit les frisottis.<\/p>\n<\/li>\n<li data-section-id=\"630zph\" data-start=\"652\" data-end=\"781\">\n<p data-start=\"654\" data-end=\"781\">Temp\u00e9rature r\u00e9glable avec affichage LED pour s\u2019adapter \u00e0 tous les types de cheveux.<\/p>\n<\/li>\n<li data-section-id=\"x5zipk\" data-start=\"782\" data-end=\"901\">\n<p data-start=\"784\" data-end=\"901\">Chauffage rapide pour un lissage efficace de la racine jusqu\u2019aux pointes.<\/p>\n<\/li>\n<li data-section-id=\"1ydbv18\" data-start=\"902\" data-end=\"1046\">\n<p data-start=\"904\" data-end=\"1046\">Technologie ionique et nano-argent qui aide \u00e0 prot\u00e9ger les cheveux et garder le cuir chevelu sain.<\/p>\n<\/li>\n<\/ul>","protected":false},"excerpt":{"rendered":"<h3><span style=\"color: #ff0000;\"><strong>UP TO 1288F<\/strong><\/span><\/h3>","protected":false},"featured_media":150267,"comment_status":"open","ping_status":"closed","template":"","meta":{"_acf_changed":false},"product_brand":[1628],"product_cat":[102,138],"product_tag":[],"class_list":{"0":"post-150263","1":"product","2":"type-product","3":"status-publish","4":"has-post-thumbnail","6":"product_brand-enzo-profesionnal","7":"product_cat-soin-et-bien-etre","8":"product_cat-cheveux_","10":"first","11":"instock","12":"taxable","13":"shipping-taxable","14":"purchasable","15":"product-type-simple"},"acf":[],"_links":{"self":[{"href":"https:\/\/pharmacima.com\/ar\/wp-json\/wp\/v2\/product\/150263","targetHints":{"allow":["GET"]}}],"collection":[{"href":"https:\/\/pharmacima.com\/ar\/wp-json\/wp\/v2\/product"}],"about":[{"href":"https:\/\/pharmacima.com\/ar\/wp-json\/wp\/v2\/types\/product"}],"replies":[{"embeddable":true,"href":"https:\/\/pharmacima.com\/ar\/wp-json\/wp\/v2\/comments?post=150263"}],"wp:featuredmedia":[{"embeddable":true,"href":"https:\/\/pharmacima.com\/ar\/wp-json\/wp\/v2\/media\/150267"}],"wp:attachment":[{"href":"https:\/\/pharmacima.com\/ar\/wp-json\/wp\/v2\/media?parent=150263"}],"wp:term":[{"taxonomy":"product_brand","embeddable":true,"href":"https:\/\/pharmacima.com\/ar\/wp-json\/wp\/v2\/product_brand?post=150263"},{"taxonomy":"product_cat","embeddable":true,"href":"https:\/\/pharmacima.com\/ar\/wp-json\/wp\/v2\/product_cat?post=150263"},{"taxonomy":"product_tag","embeddable":true,"href":"https:\/\/pharmacima.com\/ar\/wp-json\/wp\/v2\/product_tag?post=150263"}],"curies":[{"name":"wp","href":"https:\/\/api.w.org\/{rel}","templated":true}]}}