{"id":150312,"date":"2026-03-10T15:52:47","date_gmt":"2026-03-10T14:52:47","guid":{"rendered":"https:\/\/pharmacima.com\/?post_type=product&#038;p=150312"},"modified":"2026-04-07T05:48:19","modified_gmt":"2026-04-07T04:48:19","slug":"atoderm-stick-levres-hydratant-bioderma","status":"publish","type":"product","link":"https:\/\/pharmacima.com\/ar\/product\/atoderm-stick-levres-hydratant-bioderma\/","title":{"rendered":"Atoderm Stick Levres Ultra Hydratant Bioderma"},"content":{"rendered":"<h1><strong>DESCRIPTION :\u00a0<\/strong><\/h1>\n<h2 data-start=\"0\" data-end=\"254\"><strong>Le Atoderm Stick L\u00e8vres de <span class=\"hover:entity-accent entity-underline inline cursor-pointer align-baseline\"><span class=\"whitespace-normal\">Bioderma<\/span><\/span> est un stick labial con\u00e7u pour le soin quotidien des l\u00e8vres s\u00e8ches, ab\u00eem\u00e9es ou gerc\u00e9es. Il aide \u00e0 hydrater et prot\u00e9ger la peau fragile des l\u00e8vres tout en apportant confort et douceur.<\/strong><\/h2>\n<h2 data-start=\"256\" data-end=\"548\"><strong>Ce produit permet d\u2019hydrater intens\u00e9ment les l\u00e8vres, d\u2019apaiser les irritations et les ger\u00e7ures et de prot\u00e9ger contre les agressions ext\u00e9rieures comme le froid, le vent et la s\u00e9cheresse. Gr\u00e2ce \u00e0 son action nourrissante et protectrice, il rend les l\u00e8vres plus douces, souples et confortables.<\/strong><\/h2>\n<p data-start=\"550\" data-end=\"881\">Le stick convient aux adultes ainsi qu\u2019aux enfants \u00e0 partir d\u2019environ 3 ans. Il poss\u00e8de une texture fondante qui s\u2019applique facilement et forme une barri\u00e8re protectrice sur les l\u00e8vres. Son parfum framboise est l\u00e9ger et agr\u00e9able, et son format stick de 4 g le rend pratique \u00e0 transporter et \u00e0 utiliser \u00e0 tout moment de la journ\u00e9e.<\/p>\n<p data-start=\"883\" data-end=\"1129\" data-is-last-node=\"\" data-is-only-node=\"\">Sa formule contient notamment des ingr\u00e9dients nourrissants comme le beurre de karit\u00e9 et la cire d\u2019abeille, qui aident \u00e0 r\u00e9parer les l\u00e8vres s\u00e8ches et \u00e0 limiter la perte d\u2019hydratation tout en prot\u00e9geant les l\u00e8vres contre les agressions ext\u00e9rieures.<\/p>\n<p>&nbsp;<\/p>\n<h2><strong>COMPOSITION :\u00a0<\/strong><\/h2>\n<p data-start=\"1760\" data-end=\"1811\">Paraffinum\u00a0Liquidum\/Mineral oil\/Huile min\u00e9rale, Synthetic\u00a0Wax, Cera Microcristallina\/Microcrystalline Wax\/Cire microcristalline, Paraffin, Butyrospermum\u00a0Parkii (Shea) Butter, Cera\u00a0Alba\/Beeswax\/Cire d&rsquo;abeille, Helianthus Annuus (Sunflower) Seed Oil, Tocopherol, Fragrance (Parfum). [BI 577].<\/p>\n<h2 data-start=\"1760\" data-end=\"1811\"><strong>CONSEILS D&rsquo;UTILISATION :<\/strong><\/h2>\n<p data-start=\"1760\" data-end=\"1811\">Appliquez le stick Atoderm L\u00e8vres Bioderma directement sur vos l\u00e8vres et aussi souvent que n\u00e9cessaire.<\/p>\n","protected":false},"excerpt":{"rendered":"<h4><span style=\"color: #0000ff;\"><em>Stick L\u00e8vres Atoderm Bioderma , <span style=\"color: #000000;\"><strong>est tr\u00e8s occlusif et protecteur, donc il est excellent pour prot\u00e9ger les l\u00e8vres<\/strong><\/span><\/em><\/span><\/h4>\n<h5><strong>Hydrate, apaise, prot\u00e8ge<\/strong><\/h5>\n<h5><strong>Destin\u00e9 aux adultes et aux enfants \u00e0 partir de 36\u00a0mois<\/strong><\/h5>\n<p><strong>Go\u00fbt :<\/strong>\u00a0framboise<\/p>\n<p><strong>\u062a\u0643\u064a\u064a\u0641\u00a0<\/strong>: stick de 4 g<\/p>\n<p>&nbsp;<\/p>","protected":false},"featured_media":150515,"comment_status":"open","ping_status":"closed","template":"","meta":{"_acf_changed":false},"product_brand":[1416],"product_cat":[102,710],"product_tag":[],"class_list":{"0":"post-150312","1":"product","2":"type-product","3":"status-publish","4":"has-post-thumbnail","6":"product_brand-bioderma","7":"product_cat-soin-et-bien-etre","8":"product_cat-levres","10":"first","11":"instock","12":"taxable","13":"shipping-taxable","14":"purchasable","15":"product-type-simple"},"acf":[],"_links":{"self":[{"href":"https:\/\/pharmacima.com\/ar\/wp-json\/wp\/v2\/product\/150312","targetHints":{"allow":["GET"]}}],"collection":[{"href":"https:\/\/pharmacima.com\/ar\/wp-json\/wp\/v2\/product"}],"about":[{"href":"https:\/\/pharmacima.com\/ar\/wp-json\/wp\/v2\/types\/product"}],"replies":[{"embeddable":true,"href":"https:\/\/pharmacima.com\/ar\/wp-json\/wp\/v2\/comments?post=150312"}],"wp:featuredmedia":[{"embeddable":true,"href":"https:\/\/pharmacima.com\/ar\/wp-json\/wp\/v2\/media\/150515"}],"wp:attachment":[{"href":"https:\/\/pharmacima.com\/ar\/wp-json\/wp\/v2\/media?parent=150312"}],"wp:term":[{"taxonomy":"product_brand","embeddable":true,"href":"https:\/\/pharmacima.com\/ar\/wp-json\/wp\/v2\/product_brand?post=150312"},{"taxonomy":"product_cat","embeddable":true,"href":"https:\/\/pharmacima.com\/ar\/wp-json\/wp\/v2\/product_cat?post=150312"},{"taxonomy":"product_tag","embeddable":true,"href":"https:\/\/pharmacima.com\/ar\/wp-json\/wp\/v2\/product_tag?post=150312"}],"curies":[{"name":"wp","href":"https:\/\/api.w.org\/{rel}","templated":true}]}}